{"id":34758,"date":"2023-02-19T18:44:29","date_gmt":"2023-02-19T18:44:29","guid":{"rendered":"https:\/\/rxcompetition.com\/?post_type=product&#038;p=34758"},"modified":"2024-04-27T15:37:25","modified_gmt":"2024-04-27T15:37:25","slug":"barra-elite-rusa-mujer","status":"publish","type":"product","link":"https:\/\/rxcompetition.com\/en\/product\/barra-elite-rusa-mujer\/","title":{"rendered":"WOMEN ELITE RUSSIAN BARBELL"},"content":{"rendered":"<p class=\" translation-block\">The Russian barbell is a legendary and unique weightlifting barbell design which comes from the earlies 60\u00b4s. Originally from URRS region, this barbell was an elite Russian champions icon, really an outstanding equipment piece which nowadays is still considered as a \"Holy Grail\" for many Olympic lifters around the world.<\/p>\n<p>It\u00b4s unique design is completely different from the standard Olympic Weightlifting Barbells due to its grooved sleeves and specially customized collars, perfectly suited for multiple reps with no needed tightens between lifts.<\/p>\n<p>&nbsp;<\/p>\n<p>Our RX Elite 1.0 Multi Grip Barbell is our classic Swiss bar with multiple grip options for those athletes that looks to increase explosive strength while reducing shoulders and wrists strain. The design of our 1.0 bar includes three parallel grip handles, all with a medium-textured diamond knurling for a secure grip. It is the perfect tool for adding more dynamic training to your routine, allowing you to choose between the three grip options to widen or narrow the grip width, activating different muscle groups. It is suitable with most power racks. <em>RX Elite Women Russian Barbell<\/em> It is designed according to the standards set by the International Federation of <em>Weightlifting<\/em> (IWF).<\/p>\n<p>This 15 kg lifting bar for women is made entirely of stainless steel, offering an unparalleled quality of finish and materials.<\/p>\n<p>According to the steel, we have chosen the best raw material to offer 215.000 psi tensile strength, only available in best competition weightlifting barbells for professional and competitive lifters.<\/p>\n<p>&nbsp;<\/p>\n<p>The barbell has extremely tight tolerances, combining 10 high quality needle bearings (5 per sleeve) and two copper friction-welded sleeves providing a smooth and consistent roll to the barbell.<\/p>\n<p>Each bar is machined with a medium textured diamond knurling to ensure a firm grip during functional exercises with either medium or heavy loads.<\/p>\n<p>&nbsp;<\/p>\n<p>This barbell is probably one of the higher Russian barbell specs available in the market.<\/p>\n<p>&nbsp;<\/p>\n<p><strong>THE PRICE IS PER UNIT<\/strong><\/p>","protected":false},"excerpt":{"rendered":"<p><strong>SPECIFICATIONS<\/strong><\/p>\n<p>&nbsp;<\/p>\n<p class=\" translation-block\">Brand: RX Competition<\/p>\n<p class=\" translation-block\">Work out: Weightlifting<\/p>\n<p>Type: Woman<\/p>\n<p>Weight: 15 kg<\/p>\n<p>Bar material: AISI-304 1.4301 stainless steel<\/p>\n<p>Loadable sleeves material: Stainless steel AISI-304 1.4301<\/p>\n<p>Bar diameter: \u00d825 mm<\/p>\n<p>Loadable sleeves diameter: \u00d850 mm<\/p>\n<p>Overall length: 2.010mm<\/p>\n<p>Loading length: 320mm<\/p>\n<p>Needle bearings: 10<\/p>\n<p>Anti-friction bushings: 2 in copper<\/p>\n<p>Load capacity: 1.500 lbs.\/ 680 kg<\/p>\n<p>Maximum Tensile Strength: 215.000 psi<\/p>\n<p>% weight tolerance error: +\/-1%<\/p>\n<p>% balanced error: 0,10%<\/p>\n<p>Grip Knurling: Medium diamond surface finish<\/p>\n<p>Central knurling: No<\/p>\n<p>&nbsp;<\/p>\n<p><strong>*REAL PICTURES<\/strong><\/p>","protected":false},"featured_media":36587,"comment_status":"open","ping_status":"closed","template":"","meta":{"inline_featured_image":false},"product_cat":[15,143,220],"product_tag":[],"class_list":{"0":"post-34758","1":"product","2":"type-product","3":"status-publish","4":"has-post-thumbnail","6":"product_cat-crossfit-equipment","7":"product_cat-strength","8":"product_cat-barbells","11":"first","12":"instock","13":"taxable","14":"shipping-taxable","15":"purchasable","16":"product-type-simple"},"yoast_head":"<!-- This site is optimized with the Yoast SEO plugin v23.2 - https:\/\/yoast.com\/wordpress\/plugins\/seo\/ -->\n<title>WOMEN ELITE RUSSIAN BARBELL - RX Competition<\/title>\n<meta name=\"robots\" content=\"index, follow, max-snippet:-1, max-image-preview:large, max-video-preview:-1\" \/>\n<link rel=\"canonical\" href=\"https:\/\/rxcompetition.com\/en\/product\/barra-elite-rusa-mujer\/\" \/>\n<meta property=\"og:locale\" content=\"en_US\" \/>\n<meta property=\"og:type\" content=\"article\" \/>\n<meta property=\"og:title\" content=\"WOMEN ELITE RUSSIAN BARBELL - RX Competition\" \/>\n<meta property=\"og:description\" content=\"ESPECIFICACIONES  &nbsp;  Marca: RX Competition  Uso: Entrenamiento de Halterofilia o Weightlifting  Tipo: Mujer  Peso: 15 kg  Material de la barra: Acero inoxidable AISI-304 1.4301  Material de los manguitos de carga: Acero inoxidable AISI-304 1.4301  Di\u00e1metro de la barra: \u00d825 mm  Di\u00e1metro de los manguitos: \u00d850 mm  Longitud total: 2.010 mm  Longitud de carga: 320 mm  Rodamientos de aguja: 10 unidades  Casquillos antifricci\u00f3n: 2 en cobre  Capacidad de carga: 1.500 lb\/ 680 kg  Resistencia a la tracci\u00f3n m\u00e1xima: 215.000 psi  % error tolerancia del peso:\u00a0 +\/-1 %  % error equilibrado: 0,10 %  Moleteado de los agarres: Tipo diamante de textura media  Moleteado central: No  &nbsp;  *IMAGENES REALES\" \/>\n<meta property=\"og:url\" content=\"https:\/\/rxcompetition.com\/en\/product\/barra-elite-rusa-mujer\/\" \/>\n<meta property=\"og:site_name\" content=\"RX Competition\" \/>\n<meta property=\"article:modified_time\" content=\"2024-04-27T15:37:25+00:00\" \/>\n<meta property=\"og:image\" content=\"https:\/\/rxcompetition.com\/wp-content\/uploads\/2023\/02\/POI_432-scaled.jpg\" \/>\n\t<meta property=\"og:image:width\" content=\"2560\" \/>\n\t<meta property=\"og:image:height\" content=\"1707\" \/>\n\t<meta property=\"og:image:type\" content=\"image\/jpeg\" \/>\n<meta name=\"twitter:card\" content=\"summary_large_image\" \/>\n<meta name=\"twitter:label1\" content=\"Est. reading time\" \/>\n\t<meta name=\"twitter:data1\" content=\"2 minutes\" \/>\n<script type=\"application\/ld+json\" class=\"yoast-schema-graph\">{\"@context\":\"https:\/\/schema.org\",\"@graph\":[{\"@type\":\"WebPage\",\"@id\":\"https:\/\/rxcompetition.com\/product\/barra-elite-rusa-mujer\/\",\"url\":\"https:\/\/rxcompetition.com\/product\/barra-elite-rusa-mujer\/\",\"name\":\"WOMEN ELITE RUSSIAN BARBELL - RX Competition\",\"isPartOf\":{\"@id\":\"https:\/\/rxcompetition.com\/#website\"},\"primaryImageOfPage\":{\"@id\":\"https:\/\/rxcompetition.com\/product\/barra-elite-rusa-mujer\/#primaryimage\"},\"image\":{\"@id\":\"https:\/\/rxcompetition.com\/product\/barra-elite-rusa-mujer\/#primaryimage\"},\"thumbnailUrl\":\"https:\/\/rxcompetition.com\/wp-content\/uploads\/2023\/02\/POI_432-scaled.jpg\",\"datePublished\":\"2023-02-19T18:44:29+00:00\",\"dateModified\":\"2024-04-27T15:37:25+00:00\",\"breadcrumb\":{\"@id\":\"https:\/\/rxcompetition.com\/product\/barra-elite-rusa-mujer\/#breadcrumb\"},\"inLanguage\":\"en-US\",\"potentialAction\":[{\"@type\":\"ReadAction\",\"target\":[\"https:\/\/rxcompetition.com\/product\/barra-elite-rusa-mujer\/\"]}]},{\"@type\":\"ImageObject\",\"inLanguage\":\"en-US\",\"@id\":\"https:\/\/rxcompetition.com\/product\/barra-elite-rusa-mujer\/#primaryimage\",\"url\":\"https:\/\/rxcompetition.com\/wp-content\/uploads\/2023\/02\/POI_432-scaled.jpg\",\"contentUrl\":\"https:\/\/rxcompetition.com\/wp-content\/uploads\/2023\/02\/POI_432-scaled.jpg\",\"width\":2560,\"height\":1707},{\"@type\":\"BreadcrumbList\",\"@id\":\"https:\/\/rxcompetition.com\/product\/barra-elite-rusa-mujer\/#breadcrumb\",\"itemListElement\":[{\"@type\":\"ListItem\",\"position\":1,\"name\":\"Inicio\",\"item\":\"https:\/\/rxcompetition.com\/\"},{\"@type\":\"ListItem\",\"position\":2,\"name\":\"Tienda\",\"item\":\"https:\/\/rxcompetition.com\/tienda\/\"},{\"@type\":\"ListItem\",\"position\":3,\"name\":\"WOMEN ELITE RUSSIAN BARBELL\"}]},{\"@type\":\"WebSite\",\"@id\":\"https:\/\/rxcompetition.com\/#website\",\"url\":\"https:\/\/rxcompetition.com\/\",\"name\":\"RX Competition\",\"description\":\"\",\"publisher\":{\"@id\":\"https:\/\/rxcompetition.com\/#organization\"},\"potentialAction\":[{\"@type\":\"SearchAction\",\"target\":{\"@type\":\"EntryPoint\",\"urlTemplate\":\"https:\/\/rxcompetition.com\/?s={search_term_string}\"},\"query-input\":\"required name=search_term_string\"}],\"inLanguage\":\"en-US\"},{\"@type\":\"Organization\",\"@id\":\"https:\/\/rxcompetition.com\/#organization\",\"name\":\"RX Competition\",\"url\":\"https:\/\/rxcompetition.com\/\",\"logo\":{\"@type\":\"ImageObject\",\"inLanguage\":\"en-US\",\"@id\":\"https:\/\/rxcompetition.com\/#\/schema\/logo\/image\/\",\"url\":\"https:\/\/rxcompetition.com\/wp-content\/uploads\/2023\/04\/LOGO-RX-PROGRAMA.png\",\"contentUrl\":\"https:\/\/rxcompetition.com\/wp-content\/uploads\/2023\/04\/LOGO-RX-PROGRAMA.png\",\"width\":1416,\"height\":672,\"caption\":\"RX Competition\"},\"image\":{\"@id\":\"https:\/\/rxcompetition.com\/#\/schema\/logo\/image\/\"}}]}<\/script>\n<!-- \/ Yoast SEO plugin. -->","yoast_head_json":{"title":"WOMEN ELITE RUSSIAN BARBELL - RX Competition","robots":{"index":"index","follow":"follow","max-snippet":"max-snippet:-1","max-image-preview":"max-image-preview:large","max-video-preview":"max-video-preview:-1"},"canonical":"https:\/\/rxcompetition.com\/en\/product\/barra-elite-rusa-mujer\/","og_locale":"en_US","og_type":"article","og_title":"WOMEN ELITE RUSSIAN BARBELL - RX Competition","og_description":"ESPECIFICACIONES  &nbsp;  Marca: RX Competition  Uso: Entrenamiento de Halterofilia o Weightlifting  Tipo: Mujer  Peso: 15 kg  Material de la barra: Acero inoxidable AISI-304 1.4301  Material de los manguitos de carga: Acero inoxidable AISI-304 1.4301  Di\u00e1metro de la barra: \u00d825 mm  Di\u00e1metro de los manguitos: \u00d850 mm  Longitud total: 2.010 mm  Longitud de carga: 320 mm  Rodamientos de aguja: 10 unidades  Casquillos antifricci\u00f3n: 2 en cobre  Capacidad de carga: 1.500 lb\/ 680 kg  Resistencia a la tracci\u00f3n m\u00e1xima: 215.000 psi  % error tolerancia del peso:\u00a0 +\/-1 %  % error equilibrado: 0,10 %  Moleteado de los agarres: Tipo diamante de textura media  Moleteado central: No  &nbsp;  *IMAGENES REALES","og_url":"https:\/\/rxcompetition.com\/en\/product\/barra-elite-rusa-mujer\/","og_site_name":"RX Competition","article_modified_time":"2024-04-27T15:37:25+00:00","og_image":[{"width":2560,"height":1707,"url":"https:\/\/rxcompetition.com\/wp-content\/uploads\/2023\/02\/POI_432-scaled.jpg","type":"image\/jpeg"}],"twitter_card":"summary_large_image","twitter_misc":{"Est. reading time":"2 minutes"},"schema":{"@context":"https:\/\/schema.org","@graph":[{"@type":"WebPage","@id":"https:\/\/rxcompetition.com\/product\/barra-elite-rusa-mujer\/","url":"https:\/\/rxcompetition.com\/product\/barra-elite-rusa-mujer\/","name":"WOMEN ELITE RUSSIAN BARBELL - RX Competition","isPartOf":{"@id":"https:\/\/rxcompetition.com\/#website"},"primaryImageOfPage":{"@id":"https:\/\/rxcompetition.com\/product\/barra-elite-rusa-mujer\/#primaryimage"},"image":{"@id":"https:\/\/rxcompetition.com\/product\/barra-elite-rusa-mujer\/#primaryimage"},"thumbnailUrl":"https:\/\/rxcompetition.com\/wp-content\/uploads\/2023\/02\/POI_432-scaled.jpg","datePublished":"2023-02-19T18:44:29+00:00","dateModified":"2024-04-27T15:37:25+00:00","breadcrumb":{"@id":"https:\/\/rxcompetition.com\/product\/barra-elite-rusa-mujer\/#breadcrumb"},"inLanguage":"en-US","potentialAction":[{"@type":"ReadAction","target":["https:\/\/rxcompetition.com\/product\/barra-elite-rusa-mujer\/"]}]},{"@type":"ImageObject","inLanguage":"en-US","@id":"https:\/\/rxcompetition.com\/product\/barra-elite-rusa-mujer\/#primaryimage","url":"https:\/\/rxcompetition.com\/wp-content\/uploads\/2023\/02\/POI_432-scaled.jpg","contentUrl":"https:\/\/rxcompetition.com\/wp-content\/uploads\/2023\/02\/POI_432-scaled.jpg","width":2560,"height":1707},{"@type":"BreadcrumbList","@id":"https:\/\/rxcompetition.com\/product\/barra-elite-rusa-mujer\/#breadcrumb","itemListElement":[{"@type":"ListItem","position":1,"name":"Inicio","item":"https:\/\/rxcompetition.com\/"},{"@type":"ListItem","position":2,"name":"Tienda","item":"https:\/\/rxcompetition.com\/tienda\/"},{"@type":"ListItem","position":3,"name":"WOMEN ELITE RUSSIAN BARBELL"}]},{"@type":"WebSite","@id":"https:\/\/rxcompetition.com\/#website","url":"https:\/\/rxcompetition.com\/","name":"RX Competition","description":"","publisher":{"@id":"https:\/\/rxcompetition.com\/#organization"},"potentialAction":[{"@type":"SearchAction","target":{"@type":"EntryPoint","urlTemplate":"https:\/\/rxcompetition.com\/?s={search_term_string}"},"query-input":"required name=search_term_string"}],"inLanguage":"en-US"},{"@type":"Organization","@id":"https:\/\/rxcompetition.com\/#organization","name":"RX Competition","url":"https:\/\/rxcompetition.com\/","logo":{"@type":"ImageObject","inLanguage":"en-US","@id":"https:\/\/rxcompetition.com\/#\/schema\/logo\/image\/","url":"https:\/\/rxcompetition.com\/wp-content\/uploads\/2023\/04\/LOGO-RX-PROGRAMA.png","contentUrl":"https:\/\/rxcompetition.com\/wp-content\/uploads\/2023\/04\/LOGO-RX-PROGRAMA.png","width":1416,"height":672,"caption":"RX Competition"},"image":{"@id":"https:\/\/rxcompetition.com\/#\/schema\/logo\/image\/"}}]}},"jetpack_sharing_enabled":true,"_links":{"self":[{"href":"https:\/\/rxcompetition.com\/en\/wp-json\/wp\/v2\/product\/34758","targetHints":{"allow":["GET"]}}],"collection":[{"href":"https:\/\/rxcompetition.com\/en\/wp-json\/wp\/v2\/product"}],"about":[{"href":"https:\/\/rxcompetition.com\/en\/wp-json\/wp\/v2\/types\/product"}],"replies":[{"embeddable":true,"href":"https:\/\/rxcompetition.com\/en\/wp-json\/wp\/v2\/comments?post=34758"}],"wp:featuredmedia":[{"embeddable":true,"href":"https:\/\/rxcompetition.com\/en\/wp-json\/wp\/v2\/media\/36587"}],"wp:attachment":[{"href":"https:\/\/rxcompetition.com\/en\/wp-json\/wp\/v2\/media?parent=34758"}],"wp:term":[{"taxonomy":"product_cat","embeddable":true,"href":"https:\/\/rxcompetition.com\/en\/wp-json\/wp\/v2\/product_cat?post=34758"},{"taxonomy":"product_tag","embeddable":true,"href":"https:\/\/rxcompetition.com\/en\/wp-json\/wp\/v2\/product_tag?post=34758"}],"curies":[{"name":"wp","href":"https:\/\/api.w.org\/{rel}","templated":true}]}}