{"id":34751,"date":"2023-02-19T18:33:45","date_gmt":"2023-02-19T18:33:45","guid":{"rendered":"https:\/\/rxcompetition.com\/?post_type=product&#038;p=34751"},"modified":"2024-09-16T15:31:57","modified_gmt":"2024-09-16T15:31:57","slug":"bodybuilding-barbell","status":"publish","type":"product","link":"https:\/\/rxcompetition.com\/en\/product\/bodybuilding-barbell\/","title":{"rendered":"REGULAR BODYBUILDING BARBELL"},"content":{"rendered":"<p class=\" translation-block\">Our Bodybuilding Barbell is built according to the International Powerlifting Federation (IWF) specifications.<\/p>\n<p>&nbsp;<\/p>\n<p>This 20 kg barbell is manufactured in a full chromed finish which protects the surface from corrosion. This is the perfect budget powerlifting barbell only suitable for slower and heavier power lifts in Bodybuilding.<\/p>\n<p>According to the tensile strength, this barbell offers a maximum 160.000 psi, which is more than enough for Bodybuilding discipline.<\/p>\n<p>&nbsp;<\/p>\n<p>The bar includes two copper friction-welded sleeves providing a smooth and consistent roll to the barbell.<\/p>\n<p>The barbell knurls the standard Olympic medium diamond texture finish for a firm lift grip. This is the best option for bodybuilding use in garage gym settings.<\/p>\n<p>&nbsp;<\/p>\n<p><strong>THE PRICE IS PER UNIT<\/strong><\/p>","protected":false},"excerpt":{"rendered":"<p><strong>SPECIFICATIONS<\/strong><\/p>\n<p>&nbsp;<\/p>\n<p class=\" translation-block\">Brand: RX Competition<\/p>\n<p>Work out: Bodybuilding<\/p>\n<p>Type: Unisex<\/p>\n<p>Weight: 20 kg<\/p>\n<p>Bar Material: 45 Structural Steel<\/p>\n<p>Loadable sleeves material: Q235 Carbon Steel<\/p>\n<p>Bar diameter: \u00d829 mm<\/p>\n<p>Loadable sleeves diameter: \u00d850 mm<\/p>\n<p>Overall length: 2.200 mm<\/p>\n<p>Loading length: 410 mm<\/p>\n<p>Needle Bearings: No<\/p>\n<p>Anti-friction bushings: 2 in copper<\/p>\n<p class=\" translation-block\">Bar surface finish: Hard Chromed<\/p>\n<p class=\" translation-block\">Loadable sleeves surface finish: Hard Chromed<\/p>\n<p>Load capacity: 700 lbs\/ 320 kg<\/p>\n<p>Maximum Tensile Strength: 160.000 psi<\/p>\n<p>% weight tolerance error: +\/-1%<\/p>\n<p>% balanced error: 0,10%<\/p>\n<p>Grip Knurling: Medium diamond surface finish<\/p>\n<p>Central knurling: Yes<\/p>\n<p>&nbsp;<\/p>\n<p><strong>*REAL PICTURES<\/strong><\/p>","protected":false},"featured_media":36620,"comment_status":"open","ping_status":"closed","template":"","meta":{"inline_featured_image":false},"product_cat":[348,204],"product_tag":[],"class_list":{"0":"post-34751","1":"product","2":"type-product","3":"status-publish","4":"has-post-thumbnail","6":"product_cat-barras","7":"product_cat-bodybuilding","10":"first","11":"instock","12":"taxable","13":"shipping-taxable","14":"purchasable","15":"product-type-simple"},"yoast_head":"<!-- This site is optimized with the Yoast SEO plugin v23.2 - https:\/\/yoast.com\/wordpress\/plugins\/seo\/ -->\n<title>REGULAR BODYBUILDING BARBELL - RX Competition<\/title>\n<meta name=\"robots\" content=\"index, follow, max-snippet:-1, max-image-preview:large, max-video-preview:-1\" \/>\n<link rel=\"canonical\" href=\"https:\/\/rxcompetition.com\/en\/product\/bodybuilding-barbell\/\" \/>\n<meta property=\"og:locale\" content=\"en_US\" \/>\n<meta property=\"og:type\" content=\"article\" \/>\n<meta property=\"og:title\" content=\"REGULAR BODYBUILDING BARBELL - RX Competition\" \/>\n<meta property=\"og:description\" content=\"ESPECIFICACIONES  &nbsp;  Marca: RX Competition  Uso: Culturismo  Tipo: Unisex  Peso: 20 kg  Material de la barra: Acero estructural 45  Material de los manguitos de carga: Acero al carbono Q235  Di\u00e1metro de la barra: \u00d829 mm  Di\u00e1metro de los manguitos: \u00d850 mm  Longitud total: 2.200 mm  Longitud de carga: 410 mm  Rodamientos de aguja: No  Casquillos antifricci\u00f3n: 2 en cobre  Acabado superficial de la barra: Cromado endurecido Hard Chromed  Acabado superficial de los manguitos: Cromado endurecido Hard Chromed  Capacidad de carga: 700 lb\/ 320 kg  Resistencia a la tracci\u00f3n m\u00e1xima: 160.000 psi  % error tolerancia del peso:\u00a0 +\/-1 %  % error equilibrado: 0,10 %  Moleteado de los agarres: Tipo diamante de textura media  Moleteado central: S\u00ed  &nbsp;  *IMAGENES REALES\" \/>\n<meta property=\"og:url\" content=\"https:\/\/rxcompetition.com\/en\/product\/bodybuilding-barbell\/\" \/>\n<meta property=\"og:site_name\" content=\"RX Competition\" \/>\n<meta property=\"article:modified_time\" content=\"2024-09-16T15:31:57+00:00\" \/>\n<meta property=\"og:image\" content=\"https:\/\/rxcompetition.com\/wp-content\/uploads\/2023\/02\/POI_435-scaled.jpg\" \/>\n\t<meta property=\"og:image:width\" content=\"2560\" \/>\n\t<meta property=\"og:image:height\" content=\"1707\" \/>\n\t<meta property=\"og:image:type\" content=\"image\/jpeg\" \/>\n<meta name=\"twitter:card\" content=\"summary_large_image\" \/>\n<meta name=\"twitter:label1\" content=\"Est. reading time\" \/>\n\t<meta name=\"twitter:data1\" content=\"1 minute\" \/>\n<script type=\"application\/ld+json\" class=\"yoast-schema-graph\">{\"@context\":\"https:\/\/schema.org\",\"@graph\":[{\"@type\":\"WebPage\",\"@id\":\"https:\/\/rxcompetition.com\/product\/bodybuilding-barbell\/\",\"url\":\"https:\/\/rxcompetition.com\/product\/bodybuilding-barbell\/\",\"name\":\"REGULAR BODYBUILDING BARBELL - RX Competition\",\"isPartOf\":{\"@id\":\"https:\/\/rxcompetition.com\/#website\"},\"primaryImageOfPage\":{\"@id\":\"https:\/\/rxcompetition.com\/product\/bodybuilding-barbell\/#primaryimage\"},\"image\":{\"@id\":\"https:\/\/rxcompetition.com\/product\/bodybuilding-barbell\/#primaryimage\"},\"thumbnailUrl\":\"https:\/\/rxcompetition.com\/wp-content\/uploads\/2023\/02\/POI_435-scaled.jpg\",\"datePublished\":\"2023-02-19T18:33:45+00:00\",\"dateModified\":\"2024-09-16T15:31:57+00:00\",\"breadcrumb\":{\"@id\":\"https:\/\/rxcompetition.com\/product\/bodybuilding-barbell\/#breadcrumb\"},\"inLanguage\":\"en-US\",\"potentialAction\":[{\"@type\":\"ReadAction\",\"target\":[\"https:\/\/rxcompetition.com\/product\/bodybuilding-barbell\/\"]}]},{\"@type\":\"ImageObject\",\"inLanguage\":\"en-US\",\"@id\":\"https:\/\/rxcompetition.com\/product\/bodybuilding-barbell\/#primaryimage\",\"url\":\"https:\/\/rxcompetition.com\/wp-content\/uploads\/2023\/02\/POI_435-scaled.jpg\",\"contentUrl\":\"https:\/\/rxcompetition.com\/wp-content\/uploads\/2023\/02\/POI_435-scaled.jpg\",\"width\":2560,\"height\":1707},{\"@type\":\"BreadcrumbList\",\"@id\":\"https:\/\/rxcompetition.com\/product\/bodybuilding-barbell\/#breadcrumb\",\"itemListElement\":[{\"@type\":\"ListItem\",\"position\":1,\"name\":\"Inicio\",\"item\":\"https:\/\/rxcompetition.com\/\"},{\"@type\":\"ListItem\",\"position\":2,\"name\":\"Tienda\",\"item\":\"https:\/\/rxcompetition.com\/tienda\/\"},{\"@type\":\"ListItem\",\"position\":3,\"name\":\"REGULAR BODYBUILDING BARBELL\"}]},{\"@type\":\"WebSite\",\"@id\":\"https:\/\/rxcompetition.com\/#website\",\"url\":\"https:\/\/rxcompetition.com\/\",\"name\":\"RX Competition\",\"description\":\"\",\"publisher\":{\"@id\":\"https:\/\/rxcompetition.com\/#organization\"},\"potentialAction\":[{\"@type\":\"SearchAction\",\"target\":{\"@type\":\"EntryPoint\",\"urlTemplate\":\"https:\/\/rxcompetition.com\/?s={search_term_string}\"},\"query-input\":\"required name=search_term_string\"}],\"inLanguage\":\"en-US\"},{\"@type\":\"Organization\",\"@id\":\"https:\/\/rxcompetition.com\/#organization\",\"name\":\"RX Competition\",\"url\":\"https:\/\/rxcompetition.com\/\",\"logo\":{\"@type\":\"ImageObject\",\"inLanguage\":\"en-US\",\"@id\":\"https:\/\/rxcompetition.com\/#\/schema\/logo\/image\/\",\"url\":\"https:\/\/rxcompetition.com\/wp-content\/uploads\/2023\/04\/LOGO-RX-PROGRAMA.png\",\"contentUrl\":\"https:\/\/rxcompetition.com\/wp-content\/uploads\/2023\/04\/LOGO-RX-PROGRAMA.png\",\"width\":1416,\"height\":672,\"caption\":\"RX Competition\"},\"image\":{\"@id\":\"https:\/\/rxcompetition.com\/#\/schema\/logo\/image\/\"}}]}<\/script>\n<!-- \/ Yoast SEO plugin. -->","yoast_head_json":{"title":"REGULAR BODYBUILDING BARBELL - RX Competition","robots":{"index":"index","follow":"follow","max-snippet":"max-snippet:-1","max-image-preview":"max-image-preview:large","max-video-preview":"max-video-preview:-1"},"canonical":"https:\/\/rxcompetition.com\/en\/product\/bodybuilding-barbell\/","og_locale":"en_US","og_type":"article","og_title":"REGULAR BODYBUILDING BARBELL - RX Competition","og_description":"ESPECIFICACIONES  &nbsp;  Marca: RX Competition  Uso: Culturismo  Tipo: Unisex  Peso: 20 kg  Material de la barra: Acero estructural 45  Material de los manguitos de carga: Acero al carbono Q235  Di\u00e1metro de la barra: \u00d829 mm  Di\u00e1metro de los manguitos: \u00d850 mm  Longitud total: 2.200 mm  Longitud de carga: 410 mm  Rodamientos de aguja: No  Casquillos antifricci\u00f3n: 2 en cobre  Acabado superficial de la barra: Cromado endurecido Hard Chromed  Acabado superficial de los manguitos: Cromado endurecido Hard Chromed  Capacidad de carga: 700 lb\/ 320 kg  Resistencia a la tracci\u00f3n m\u00e1xima: 160.000 psi  % error tolerancia del peso:\u00a0 +\/-1 %  % error equilibrado: 0,10 %  Moleteado de los agarres: Tipo diamante de textura media  Moleteado central: S\u00ed  &nbsp;  *IMAGENES REALES","og_url":"https:\/\/rxcompetition.com\/en\/product\/bodybuilding-barbell\/","og_site_name":"RX Competition","article_modified_time":"2024-09-16T15:31:57+00:00","og_image":[{"width":2560,"height":1707,"url":"https:\/\/rxcompetition.com\/wp-content\/uploads\/2023\/02\/POI_435-scaled.jpg","type":"image\/jpeg"}],"twitter_card":"summary_large_image","twitter_misc":{"Est. reading time":"1 minute"},"schema":{"@context":"https:\/\/schema.org","@graph":[{"@type":"WebPage","@id":"https:\/\/rxcompetition.com\/product\/bodybuilding-barbell\/","url":"https:\/\/rxcompetition.com\/product\/bodybuilding-barbell\/","name":"REGULAR BODYBUILDING BARBELL - RX Competition","isPartOf":{"@id":"https:\/\/rxcompetition.com\/#website"},"primaryImageOfPage":{"@id":"https:\/\/rxcompetition.com\/product\/bodybuilding-barbell\/#primaryimage"},"image":{"@id":"https:\/\/rxcompetition.com\/product\/bodybuilding-barbell\/#primaryimage"},"thumbnailUrl":"https:\/\/rxcompetition.com\/wp-content\/uploads\/2023\/02\/POI_435-scaled.jpg","datePublished":"2023-02-19T18:33:45+00:00","dateModified":"2024-09-16T15:31:57+00:00","breadcrumb":{"@id":"https:\/\/rxcompetition.com\/product\/bodybuilding-barbell\/#breadcrumb"},"inLanguage":"en-US","potentialAction":[{"@type":"ReadAction","target":["https:\/\/rxcompetition.com\/product\/bodybuilding-barbell\/"]}]},{"@type":"ImageObject","inLanguage":"en-US","@id":"https:\/\/rxcompetition.com\/product\/bodybuilding-barbell\/#primaryimage","url":"https:\/\/rxcompetition.com\/wp-content\/uploads\/2023\/02\/POI_435-scaled.jpg","contentUrl":"https:\/\/rxcompetition.com\/wp-content\/uploads\/2023\/02\/POI_435-scaled.jpg","width":2560,"height":1707},{"@type":"BreadcrumbList","@id":"https:\/\/rxcompetition.com\/product\/bodybuilding-barbell\/#breadcrumb","itemListElement":[{"@type":"ListItem","position":1,"name":"Inicio","item":"https:\/\/rxcompetition.com\/"},{"@type":"ListItem","position":2,"name":"Tienda","item":"https:\/\/rxcompetition.com\/tienda\/"},{"@type":"ListItem","position":3,"name":"REGULAR BODYBUILDING BARBELL"}]},{"@type":"WebSite","@id":"https:\/\/rxcompetition.com\/#website","url":"https:\/\/rxcompetition.com\/","name":"RX Competition","description":"","publisher":{"@id":"https:\/\/rxcompetition.com\/#organization"},"potentialAction":[{"@type":"SearchAction","target":{"@type":"EntryPoint","urlTemplate":"https:\/\/rxcompetition.com\/?s={search_term_string}"},"query-input":"required name=search_term_string"}],"inLanguage":"en-US"},{"@type":"Organization","@id":"https:\/\/rxcompetition.com\/#organization","name":"RX Competition","url":"https:\/\/rxcompetition.com\/","logo":{"@type":"ImageObject","inLanguage":"en-US","@id":"https:\/\/rxcompetition.com\/#\/schema\/logo\/image\/","url":"https:\/\/rxcompetition.com\/wp-content\/uploads\/2023\/04\/LOGO-RX-PROGRAMA.png","contentUrl":"https:\/\/rxcompetition.com\/wp-content\/uploads\/2023\/04\/LOGO-RX-PROGRAMA.png","width":1416,"height":672,"caption":"RX Competition"},"image":{"@id":"https:\/\/rxcompetition.com\/#\/schema\/logo\/image\/"}}]}},"jetpack_sharing_enabled":true,"_links":{"self":[{"href":"https:\/\/rxcompetition.com\/en\/wp-json\/wp\/v2\/product\/34751","targetHints":{"allow":["GET"]}}],"collection":[{"href":"https:\/\/rxcompetition.com\/en\/wp-json\/wp\/v2\/product"}],"about":[{"href":"https:\/\/rxcompetition.com\/en\/wp-json\/wp\/v2\/types\/product"}],"replies":[{"embeddable":true,"href":"https:\/\/rxcompetition.com\/en\/wp-json\/wp\/v2\/comments?post=34751"}],"wp:featuredmedia":[{"embeddable":true,"href":"https:\/\/rxcompetition.com\/en\/wp-json\/wp\/v2\/media\/36620"}],"wp:attachment":[{"href":"https:\/\/rxcompetition.com\/en\/wp-json\/wp\/v2\/media?parent=34751"}],"wp:term":[{"taxonomy":"product_cat","embeddable":true,"href":"https:\/\/rxcompetition.com\/en\/wp-json\/wp\/v2\/product_cat?post=34751"},{"taxonomy":"product_tag","embeddable":true,"href":"https:\/\/rxcompetition.com\/en\/wp-json\/wp\/v2\/product_tag?post=34751"}],"curies":[{"name":"wp","href":"https:\/\/api.w.org\/{rel}","templated":true}]}}