{"id":34727,"date":"2023-02-18T18:25:18","date_gmt":"2023-02-18T18:25:18","guid":{"rendered":"https:\/\/rxcompetition.com\/?post_type=product&#038;p=34727"},"modified":"2025-10-01T09:04:07","modified_gmt":"2025-10-01T09:04:07","slug":"comba-lastrada","status":"publish","type":"product","link":"https:\/\/rxcompetition.com\/en\/product\/comba-lastrada\/","title":{"rendered":"WEIGHTED SKIPPING ROPE"},"content":{"rendered":"<p class=\" translation-block\">The RX Weighted Skipping Rope is the weighted rope for power training. Available only in black, it is our weighted skipping rope designed to improve technique, power, and endurance in skipping.<\/p>\n<p>&nbsp;<\/p>\n<p class=\" translation-block\">The handle is made of aluminum with a medium-textured diamond knurling that provides a precise grip. It has a total length of 176 mm and weigths 45 grams without the weight and 39 grams without the threaded cap. The handle includes a fixation system using an ALLEN key to adjust the rope to the desired length.<\/p>\n<p>&nbsp;<\/p>\n<p class=\" translation-block\">The RX Weighted Skipping Rope is the perfect rope to enhance the skipping technique fluency, empowering you to perform like a jet turbine when you switch to any fast under 45 grams skipping Rope.<\/p>\n<p>&nbsp;<\/p>\n<p><strong>THE PRICE IS FOR THE WHOLE SET<\/strong><\/p>\n<p><strong>\u00a0<\/strong><\/p>","protected":false},"excerpt":{"rendered":"<p><strong>SPECIFICATIONS<\/strong><\/p>\n<p>&nbsp;<\/p>\n<p class=\" translation-block\">Brand: RX Competition<\/p>\n<p>Handle material: Aluminum<\/p>\n<p>Inner bearing: Stainless steel ball Bearing<\/p>\n<p>Shaft Material: Steel coated in black paint<\/p>\n<p class=\" translation-block\">Shaft bearing type: Fixed with ALLEN locking system<\/p>\n<p>Total handle length: 176 mm<\/p>\n<p>Handle weight with cap: 45 grams<\/p>\n<p>Handle cap weight: 6 grams<\/p>\n<p>Weight of each ballast: 70 grams<\/p>\n<p>Diameter of the knurled area of the handle: 18 mm<\/p>\n<p>Handle smooth diameter: 13 mm<\/p>\n<p>Shaft diameter: 10 mm<\/p>\n<p>Rope diameter: 2,5 mm<\/p>\n<p>Rope length: 3.000 mm<\/p>\n<p>Available handle colors: Black<\/p>\n<p>Available rope colors: Black<\/p>\n<p>&nbsp;<\/p>\n<p><strong>*REAL PICTURES<\/strong><\/p>","protected":false},"featured_media":37521,"comment_status":"open","ping_status":"closed","template":"","meta":{"inline_featured_image":false},"product_cat":[15,144,263],"product_tag":[],"class_list":{"0":"post-34727","1":"product","2":"type-product","3":"status-publish","4":"has-post-thumbnail","6":"product_cat-crossfit-equipment","7":"product_cat-bodyweight","8":"product_cat-cuerdas","11":"first","12":"instock","13":"taxable","14":"shipping-taxable","15":"purchasable","16":"product-type-simple"},"yoast_head":"<!-- This site is optimized with the Yoast SEO plugin v23.2 - https:\/\/yoast.com\/wordpress\/plugins\/seo\/ -->\n<title>WEIGHTED SKIPPING ROPE - RX Competition<\/title>\n<meta name=\"robots\" content=\"index, follow, max-snippet:-1, max-image-preview:large, max-video-preview:-1\" \/>\n<link rel=\"canonical\" href=\"https:\/\/rxcompetition.com\/en\/product\/comba-lastrada\/\" \/>\n<meta property=\"og:locale\" content=\"en_US\" \/>\n<meta property=\"og:type\" content=\"article\" \/>\n<meta property=\"og:title\" content=\"WEIGHTED SKIPPING ROPE - RX Competition\" \/>\n<meta property=\"og:description\" content=\"ESPECIFICACIONES  &nbsp;  Marca: RX Competition  Material del mango: Aluminio  Rodamiento interno del mango: De bolas en acero inoxidable  Material del eje: Acero recubierto en pintura  Tipo de rodamiento del eje: Fijo con sistema ALLEN  Longitud total del mango: 176 mm  Peso del mango con el tap\u00f3n: 45 gramos  Peso del tap\u00f3n del mango: 6 gramos  Peso de cada lastre: 70 gramos  Di\u00e1metro de la zona moleteada del mango: 18 mm  Di\u00e1metro de la zona lisa del mango: 13 mm  Di\u00e1metro del eje: 10 mm  Di\u00e1metro de la cuerda: 2,5 mm  Longitud de la cuerda: 3.000 mm  Colores disponibles del mango: Negro  Colores disponibles de la cuerda: Negro  &nbsp;  *IMAGENES REALES\" \/>\n<meta property=\"og:url\" content=\"https:\/\/rxcompetition.com\/en\/product\/comba-lastrada\/\" \/>\n<meta property=\"og:site_name\" content=\"RX Competition\" \/>\n<meta property=\"article:modified_time\" content=\"2025-10-01T09:04:07+00:00\" \/>\n<meta property=\"og:image\" content=\"https:\/\/rxcompetition.com\/wp-content\/uploads\/2023\/02\/POI_012-1-scaled.jpg\" \/>\n\t<meta property=\"og:image:width\" content=\"2560\" \/>\n\t<meta property=\"og:image:height\" content=\"1707\" \/>\n\t<meta property=\"og:image:type\" content=\"image\/jpeg\" \/>\n<meta name=\"twitter:card\" content=\"summary_large_image\" \/>\n<meta name=\"twitter:label1\" content=\"Est. reading time\" \/>\n\t<meta name=\"twitter:data1\" content=\"1 minute\" \/>\n<script type=\"application\/ld+json\" class=\"yoast-schema-graph\">{\"@context\":\"https:\/\/schema.org\",\"@graph\":[{\"@type\":\"WebPage\",\"@id\":\"https:\/\/rxcompetition.com\/product\/comba-lastrada\/\",\"url\":\"https:\/\/rxcompetition.com\/product\/comba-lastrada\/\",\"name\":\"WEIGHTED SKIPPING ROPE - RX Competition\",\"isPartOf\":{\"@id\":\"https:\/\/rxcompetition.com\/#website\"},\"primaryImageOfPage\":{\"@id\":\"https:\/\/rxcompetition.com\/product\/comba-lastrada\/#primaryimage\"},\"image\":{\"@id\":\"https:\/\/rxcompetition.com\/product\/comba-lastrada\/#primaryimage\"},\"thumbnailUrl\":\"https:\/\/rxcompetition.com\/wp-content\/uploads\/2023\/02\/POI_012-1-scaled.jpg\",\"datePublished\":\"2023-02-18T18:25:18+00:00\",\"dateModified\":\"2025-10-01T09:04:07+00:00\",\"breadcrumb\":{\"@id\":\"https:\/\/rxcompetition.com\/product\/comba-lastrada\/#breadcrumb\"},\"inLanguage\":\"en-US\",\"potentialAction\":[{\"@type\":\"ReadAction\",\"target\":[\"https:\/\/rxcompetition.com\/product\/comba-lastrada\/\"]}]},{\"@type\":\"ImageObject\",\"inLanguage\":\"en-US\",\"@id\":\"https:\/\/rxcompetition.com\/product\/comba-lastrada\/#primaryimage\",\"url\":\"https:\/\/rxcompetition.com\/wp-content\/uploads\/2023\/02\/POI_012-1-scaled.jpg\",\"contentUrl\":\"https:\/\/rxcompetition.com\/wp-content\/uploads\/2023\/02\/POI_012-1-scaled.jpg\",\"width\":2560,\"height\":1707},{\"@type\":\"BreadcrumbList\",\"@id\":\"https:\/\/rxcompetition.com\/product\/comba-lastrada\/#breadcrumb\",\"itemListElement\":[{\"@type\":\"ListItem\",\"position\":1,\"name\":\"Inicio\",\"item\":\"https:\/\/rxcompetition.com\/\"},{\"@type\":\"ListItem\",\"position\":2,\"name\":\"Tienda\",\"item\":\"https:\/\/rxcompetition.com\/tienda\/\"},{\"@type\":\"ListItem\",\"position\":3,\"name\":\"WEIGHTED SKIPPING ROPE\"}]},{\"@type\":\"WebSite\",\"@id\":\"https:\/\/rxcompetition.com\/#website\",\"url\":\"https:\/\/rxcompetition.com\/\",\"name\":\"RX Competition\",\"description\":\"\",\"publisher\":{\"@id\":\"https:\/\/rxcompetition.com\/#organization\"},\"potentialAction\":[{\"@type\":\"SearchAction\",\"target\":{\"@type\":\"EntryPoint\",\"urlTemplate\":\"https:\/\/rxcompetition.com\/?s={search_term_string}\"},\"query-input\":\"required name=search_term_string\"}],\"inLanguage\":\"en-US\"},{\"@type\":\"Organization\",\"@id\":\"https:\/\/rxcompetition.com\/#organization\",\"name\":\"RX Competition\",\"url\":\"https:\/\/rxcompetition.com\/\",\"logo\":{\"@type\":\"ImageObject\",\"inLanguage\":\"en-US\",\"@id\":\"https:\/\/rxcompetition.com\/#\/schema\/logo\/image\/\",\"url\":\"https:\/\/rxcompetition.com\/wp-content\/uploads\/2023\/04\/LOGO-RX-PROGRAMA.png\",\"contentUrl\":\"https:\/\/rxcompetition.com\/wp-content\/uploads\/2023\/04\/LOGO-RX-PROGRAMA.png\",\"width\":1416,\"height\":672,\"caption\":\"RX Competition\"},\"image\":{\"@id\":\"https:\/\/rxcompetition.com\/#\/schema\/logo\/image\/\"}}]}<\/script>\n<!-- \/ Yoast SEO plugin. -->","yoast_head_json":{"title":"WEIGHTED SKIPPING ROPE - RX Competition","robots":{"index":"index","follow":"follow","max-snippet":"max-snippet:-1","max-image-preview":"max-image-preview:large","max-video-preview":"max-video-preview:-1"},"canonical":"https:\/\/rxcompetition.com\/en\/product\/comba-lastrada\/","og_locale":"en_US","og_type":"article","og_title":"WEIGHTED SKIPPING ROPE - RX Competition","og_description":"ESPECIFICACIONES  &nbsp;  Marca: RX Competition  Material del mango: Aluminio  Rodamiento interno del mango: De bolas en acero inoxidable  Material del eje: Acero recubierto en pintura  Tipo de rodamiento del eje: Fijo con sistema ALLEN  Longitud total del mango: 176 mm  Peso del mango con el tap\u00f3n: 45 gramos  Peso del tap\u00f3n del mango: 6 gramos  Peso de cada lastre: 70 gramos  Di\u00e1metro de la zona moleteada del mango: 18 mm  Di\u00e1metro de la zona lisa del mango: 13 mm  Di\u00e1metro del eje: 10 mm  Di\u00e1metro de la cuerda: 2,5 mm  Longitud de la cuerda: 3.000 mm  Colores disponibles del mango: Negro  Colores disponibles de la cuerda: Negro  &nbsp;  *IMAGENES REALES","og_url":"https:\/\/rxcompetition.com\/en\/product\/comba-lastrada\/","og_site_name":"RX Competition","article_modified_time":"2025-10-01T09:04:07+00:00","og_image":[{"width":2560,"height":1707,"url":"https:\/\/rxcompetition.com\/wp-content\/uploads\/2023\/02\/POI_012-1-scaled.jpg","type":"image\/jpeg"}],"twitter_card":"summary_large_image","twitter_misc":{"Est. reading time":"1 minute"},"schema":{"@context":"https:\/\/schema.org","@graph":[{"@type":"WebPage","@id":"https:\/\/rxcompetition.com\/product\/comba-lastrada\/","url":"https:\/\/rxcompetition.com\/product\/comba-lastrada\/","name":"WEIGHTED SKIPPING ROPE - RX Competition","isPartOf":{"@id":"https:\/\/rxcompetition.com\/#website"},"primaryImageOfPage":{"@id":"https:\/\/rxcompetition.com\/product\/comba-lastrada\/#primaryimage"},"image":{"@id":"https:\/\/rxcompetition.com\/product\/comba-lastrada\/#primaryimage"},"thumbnailUrl":"https:\/\/rxcompetition.com\/wp-content\/uploads\/2023\/02\/POI_012-1-scaled.jpg","datePublished":"2023-02-18T18:25:18+00:00","dateModified":"2025-10-01T09:04:07+00:00","breadcrumb":{"@id":"https:\/\/rxcompetition.com\/product\/comba-lastrada\/#breadcrumb"},"inLanguage":"en-US","potentialAction":[{"@type":"ReadAction","target":["https:\/\/rxcompetition.com\/product\/comba-lastrada\/"]}]},{"@type":"ImageObject","inLanguage":"en-US","@id":"https:\/\/rxcompetition.com\/product\/comba-lastrada\/#primaryimage","url":"https:\/\/rxcompetition.com\/wp-content\/uploads\/2023\/02\/POI_012-1-scaled.jpg","contentUrl":"https:\/\/rxcompetition.com\/wp-content\/uploads\/2023\/02\/POI_012-1-scaled.jpg","width":2560,"height":1707},{"@type":"BreadcrumbList","@id":"https:\/\/rxcompetition.com\/product\/comba-lastrada\/#breadcrumb","itemListElement":[{"@type":"ListItem","position":1,"name":"Inicio","item":"https:\/\/rxcompetition.com\/"},{"@type":"ListItem","position":2,"name":"Tienda","item":"https:\/\/rxcompetition.com\/tienda\/"},{"@type":"ListItem","position":3,"name":"WEIGHTED SKIPPING ROPE"}]},{"@type":"WebSite","@id":"https:\/\/rxcompetition.com\/#website","url":"https:\/\/rxcompetition.com\/","name":"RX Competition","description":"","publisher":{"@id":"https:\/\/rxcompetition.com\/#organization"},"potentialAction":[{"@type":"SearchAction","target":{"@type":"EntryPoint","urlTemplate":"https:\/\/rxcompetition.com\/?s={search_term_string}"},"query-input":"required name=search_term_string"}],"inLanguage":"en-US"},{"@type":"Organization","@id":"https:\/\/rxcompetition.com\/#organization","name":"RX Competition","url":"https:\/\/rxcompetition.com\/","logo":{"@type":"ImageObject","inLanguage":"en-US","@id":"https:\/\/rxcompetition.com\/#\/schema\/logo\/image\/","url":"https:\/\/rxcompetition.com\/wp-content\/uploads\/2023\/04\/LOGO-RX-PROGRAMA.png","contentUrl":"https:\/\/rxcompetition.com\/wp-content\/uploads\/2023\/04\/LOGO-RX-PROGRAMA.png","width":1416,"height":672,"caption":"RX Competition"},"image":{"@id":"https:\/\/rxcompetition.com\/#\/schema\/logo\/image\/"}}]}},"jetpack_sharing_enabled":true,"_links":{"self":[{"href":"https:\/\/rxcompetition.com\/en\/wp-json\/wp\/v2\/product\/34727","targetHints":{"allow":["GET"]}}],"collection":[{"href":"https:\/\/rxcompetition.com\/en\/wp-json\/wp\/v2\/product"}],"about":[{"href":"https:\/\/rxcompetition.com\/en\/wp-json\/wp\/v2\/types\/product"}],"replies":[{"embeddable":true,"href":"https:\/\/rxcompetition.com\/en\/wp-json\/wp\/v2\/comments?post=34727"}],"wp:featuredmedia":[{"embeddable":true,"href":"https:\/\/rxcompetition.com\/en\/wp-json\/wp\/v2\/media\/37521"}],"wp:attachment":[{"href":"https:\/\/rxcompetition.com\/en\/wp-json\/wp\/v2\/media?parent=34727"}],"wp:term":[{"taxonomy":"product_cat","embeddable":true,"href":"https:\/\/rxcompetition.com\/en\/wp-json\/wp\/v2\/product_cat?post=34727"},{"taxonomy":"product_tag","embeddable":true,"href":"https:\/\/rxcompetition.com\/en\/wp-json\/wp\/v2\/product_tag?post=34727"}],"curies":[{"name":"wp","href":"https:\/\/api.w.org\/{rel}","templated":true}]}}