{"id":34695,"date":"2023-02-18T16:39:37","date_gmt":"2023-02-18T16:39:37","guid":{"rendered":"https:\/\/rxcompetition.com\/?post_type=product&#038;p=34695"},"modified":"2024-04-28T14:35:33","modified_gmt":"2024-04-28T14:35:33","slug":"elite-men-crosstraining-barbell","status":"publish","type":"product","link":"https:\/\/rxcompetition.com\/en\/product\/elite-men-crosstraining-barbell\/","title":{"rendered":"MEN ELITE HYBRID CROSS TRAINING BARBELL"},"content":{"rendered":"<p class=\" translation-block\">Our RX Men Elite Hybrid Cross training barbell is built according to International Functional Fitness Federation (iF3) specifications.<\/p>\n<p class=\" translation-block\">This 20 kg men barbell is manufactured in a Cerakote finish (different colors available), a polymer-ceramic composite coating which offers more corrosion resistance and durability.<\/p>\n<p>&nbsp;<\/p>\n<p class=\" translation-block\">This is an hybrid multipurpose barbell designed for Olympic lifts as well as, slower and heavier power lifts.<\/p>\n<p>According to the steel, we have chosen a higher quality steel which offers 190.000 psi tensile strength, only available in the best International Crossfit competitions for professional and competitive athletes.<\/p>\n<p>&nbsp;<\/p>\n<p>The barbell has extremely tight tolerances, combining 8 high quality needle bearings (4 per sleeve) and two copper friction-welded sleeves providing a smooth and consistent roll to the barbell.<\/p>\n<p class=\" translation-block\">Each barbell is crafted with precision offering an Olympic medium diamond knurl texture for a firm lift grip. There is no center knurling to help protect your neck and chest from abrasions during Powerlifting and Bodybuilding executions.<\/p>\n<p>&nbsp;<\/p>\n<p class=\" translation-block\">This barbell is probably one of the higher Crossfit specs barbells available in the market for cross training multipurpose use.<\/p>\n<p>&nbsp;<\/p>\n<p><strong>THE PRICE IS PER UNIT<\/strong><\/p>","protected":false},"excerpt":{"rendered":"<p><strong>SPECIFICATIONS<\/strong><\/p>\n<p>&nbsp;<\/p>\n<p class=\" translation-block\">Brand: RX Competition<\/p>\n<p class=\" translation-block\">Work out: Cross Training<\/p>\n<p>Type: Man<\/p>\n<p>Weight: 20 kg<\/p>\n<p>Bar Material: 42Crmo Carbon Steel<\/p>\n<p>Loadable sleeves material: Q235 Carbon Steel<\/p>\n<p>Bar diameter: \u00d828 mm<\/p>\n<p>Loadable sleeves diameter: \u00d850 mm<\/p>\n<p>Overall length: 2.200 mm<\/p>\n<p>Loading length: 410 mm<\/p>\n<p>Needle bearings: 8<\/p>\n<p>Anti-friction bushings: 2 in copper<\/p>\n<p class=\" translation-block\">Bar surface finish: Cerakote available in red, blue, yellow, green or grey colors.<\/p>\n<p>Bar handles surface finish: QPQ thermochemical treatment<\/p>\n<p>Load capacity: 1.500 lbs.\/ 680 kg<\/p>\n<p>Maximum Tensile Strength: 190.000 psi<\/p>\n<p>% weight tolerance error: +\/-1 %<\/p>\n<p>% error equilibrado: 0,10%<\/p>\n<p>Grip Knurling: Medium diamond surface finish<\/p>\n<p>Central knurling: No<\/p>\n<p>&nbsp;<\/p>\n<p><strong>*REAL PICTURES<\/strong><\/p>","protected":false},"featured_media":36609,"comment_status":"open","ping_status":"closed","template":"","meta":{"inline_featured_image":false},"product_cat":[15,143,220],"product_tag":[],"class_list":{"0":"post-34695","1":"product","2":"type-product","3":"status-publish","4":"has-post-thumbnail","6":"product_cat-crossfit-equipment","7":"product_cat-strength","8":"product_cat-barbells","11":"first","12":"instock","13":"featured","14":"taxable","15":"shipping-taxable","16":"purchasable","17":"product-type-variable"},"yoast_head":"<!-- This site is optimized with the Yoast SEO plugin v23.2 - https:\/\/yoast.com\/wordpress\/plugins\/seo\/ -->\n<title>MEN ELITE HYBRID CROSS TRAINING BARBELL - RX Competition<\/title>\n<meta name=\"robots\" content=\"index, follow, max-snippet:-1, max-image-preview:large, max-video-preview:-1\" \/>\n<link rel=\"canonical\" href=\"https:\/\/rxcompetition.com\/en\/product\/elite-men-crosstraining-barbell\/\" \/>\n<meta property=\"og:locale\" content=\"en_US\" \/>\n<meta property=\"og:type\" content=\"article\" \/>\n<meta property=\"og:title\" content=\"MEN ELITE HYBRID CROSS TRAINING BARBELL - RX Competition\" \/>\n<meta property=\"og:description\" content=\"ESPECIFICACIONES  &nbsp;  Marca: RX Competition  Uso: Entrenamiento funcional o Cross Training  Tipo: Hombre  Peso: 20 kg  Material de la barra: Acero al carbono 42Crmo  Material de los manguitos de carga: Acero al carbono Q235  Di\u00e1metro de la barra: \u00d828 mm  Di\u00e1metro de los manguitos: \u00d850 mm  Longitud total: 2.200 mm  Longitud de carga: 410 mm  Rodamientos de aguja: 8 unidades  Casquillos antifricci\u00f3n: 2 en cobre  Acabado superficial de la barra: Cerakote disponible en color rojo, azul, amarillo, verde o gris.  Acabado superficial de los manguitos: Tratamiento termoqu\u00edmico QPQ  Capacidad de carga: 1.500 lb\/ 680 kg  Resistencia a la tracci\u00f3n m\u00e1xima: 190.000 psi  % error tolerancia del peso: +\/-1 %  % error equilibrado: 0,10%  Moleteado de los agarres: Tipo diamante de textura media  Moleteado central: No  &nbsp;  *IMAGENES REALES\" \/>\n<meta property=\"og:url\" content=\"https:\/\/rxcompetition.com\/en\/product\/elite-men-crosstraining-barbell\/\" \/>\n<meta property=\"og:site_name\" content=\"RX Competition\" \/>\n<meta property=\"article:modified_time\" content=\"2024-04-28T14:35:33+00:00\" \/>\n<meta property=\"og:image\" content=\"https:\/\/rxcompetition.com\/wp-content\/uploads\/2023\/02\/POI_504-scaled.jpg\" \/>\n\t<meta property=\"og:image:width\" content=\"2560\" \/>\n\t<meta property=\"og:image:height\" content=\"1707\" \/>\n\t<meta property=\"og:image:type\" content=\"image\/jpeg\" \/>\n<meta name=\"twitter:card\" content=\"summary_large_image\" \/>\n<meta name=\"twitter:label1\" content=\"Est. reading time\" \/>\n\t<meta name=\"twitter:data1\" content=\"2 minutes\" \/>\n<script type=\"application\/ld+json\" class=\"yoast-schema-graph\">{\"@context\":\"https:\/\/schema.org\",\"@graph\":[{\"@type\":\"WebPage\",\"@id\":\"https:\/\/rxcompetition.com\/product\/elite-men-crosstraining-barbell\/\",\"url\":\"https:\/\/rxcompetition.com\/product\/elite-men-crosstraining-barbell\/\",\"name\":\"MEN ELITE HYBRID CROSS TRAINING BARBELL - RX Competition\",\"isPartOf\":{\"@id\":\"https:\/\/rxcompetition.com\/#website\"},\"primaryImageOfPage\":{\"@id\":\"https:\/\/rxcompetition.com\/product\/elite-men-crosstraining-barbell\/#primaryimage\"},\"image\":{\"@id\":\"https:\/\/rxcompetition.com\/product\/elite-men-crosstraining-barbell\/#primaryimage\"},\"thumbnailUrl\":\"https:\/\/rxcompetition.com\/wp-content\/uploads\/2023\/02\/POI_504-scaled.jpg\",\"datePublished\":\"2023-02-18T16:39:37+00:00\",\"dateModified\":\"2024-04-28T14:35:33+00:00\",\"breadcrumb\":{\"@id\":\"https:\/\/rxcompetition.com\/product\/elite-men-crosstraining-barbell\/#breadcrumb\"},\"inLanguage\":\"en-US\",\"potentialAction\":[{\"@type\":\"ReadAction\",\"target\":[\"https:\/\/rxcompetition.com\/product\/elite-men-crosstraining-barbell\/\"]}]},{\"@type\":\"ImageObject\",\"inLanguage\":\"en-US\",\"@id\":\"https:\/\/rxcompetition.com\/product\/elite-men-crosstraining-barbell\/#primaryimage\",\"url\":\"https:\/\/rxcompetition.com\/wp-content\/uploads\/2023\/02\/POI_504-scaled.jpg\",\"contentUrl\":\"https:\/\/rxcompetition.com\/wp-content\/uploads\/2023\/02\/POI_504-scaled.jpg\",\"width\":2560,\"height\":1707},{\"@type\":\"BreadcrumbList\",\"@id\":\"https:\/\/rxcompetition.com\/product\/elite-men-crosstraining-barbell\/#breadcrumb\",\"itemListElement\":[{\"@type\":\"ListItem\",\"position\":1,\"name\":\"Inicio\",\"item\":\"https:\/\/rxcompetition.com\/\"},{\"@type\":\"ListItem\",\"position\":2,\"name\":\"Tienda\",\"item\":\"https:\/\/rxcompetition.com\/tienda\/\"},{\"@type\":\"ListItem\",\"position\":3,\"name\":\"MEN ELITE HYBRID CROSS TRAINING BARBELL\"}]},{\"@type\":\"WebSite\",\"@id\":\"https:\/\/rxcompetition.com\/#website\",\"url\":\"https:\/\/rxcompetition.com\/\",\"name\":\"RX Competition\",\"description\":\"\",\"publisher\":{\"@id\":\"https:\/\/rxcompetition.com\/#organization\"},\"potentialAction\":[{\"@type\":\"SearchAction\",\"target\":{\"@type\":\"EntryPoint\",\"urlTemplate\":\"https:\/\/rxcompetition.com\/?s={search_term_string}\"},\"query-input\":\"required name=search_term_string\"}],\"inLanguage\":\"en-US\"},{\"@type\":\"Organization\",\"@id\":\"https:\/\/rxcompetition.com\/#organization\",\"name\":\"RX Competition\",\"url\":\"https:\/\/rxcompetition.com\/\",\"logo\":{\"@type\":\"ImageObject\",\"inLanguage\":\"en-US\",\"@id\":\"https:\/\/rxcompetition.com\/#\/schema\/logo\/image\/\",\"url\":\"https:\/\/rxcompetition.com\/wp-content\/uploads\/2023\/04\/LOGO-RX-PROGRAMA.png\",\"contentUrl\":\"https:\/\/rxcompetition.com\/wp-content\/uploads\/2023\/04\/LOGO-RX-PROGRAMA.png\",\"width\":1416,\"height\":672,\"caption\":\"RX Competition\"},\"image\":{\"@id\":\"https:\/\/rxcompetition.com\/#\/schema\/logo\/image\/\"}}]}<\/script>\n<!-- \/ Yoast SEO plugin. -->","yoast_head_json":{"title":"MEN ELITE HYBRID CROSS TRAINING BARBELL - RX Competition","robots":{"index":"index","follow":"follow","max-snippet":"max-snippet:-1","max-image-preview":"max-image-preview:large","max-video-preview":"max-video-preview:-1"},"canonical":"https:\/\/rxcompetition.com\/en\/product\/elite-men-crosstraining-barbell\/","og_locale":"en_US","og_type":"article","og_title":"MEN ELITE HYBRID CROSS TRAINING BARBELL - RX Competition","og_description":"ESPECIFICACIONES  &nbsp;  Marca: RX Competition  Uso: Entrenamiento funcional o Cross Training  Tipo: Hombre  Peso: 20 kg  Material de la barra: Acero al carbono 42Crmo  Material de los manguitos de carga: Acero al carbono Q235  Di\u00e1metro de la barra: \u00d828 mm  Di\u00e1metro de los manguitos: \u00d850 mm  Longitud total: 2.200 mm  Longitud de carga: 410 mm  Rodamientos de aguja: 8 unidades  Casquillos antifricci\u00f3n: 2 en cobre  Acabado superficial de la barra: Cerakote disponible en color rojo, azul, amarillo, verde o gris.  Acabado superficial de los manguitos: Tratamiento termoqu\u00edmico QPQ  Capacidad de carga: 1.500 lb\/ 680 kg  Resistencia a la tracci\u00f3n m\u00e1xima: 190.000 psi  % error tolerancia del peso: +\/-1 %  % error equilibrado: 0,10%  Moleteado de los agarres: Tipo diamante de textura media  Moleteado central: No  &nbsp;  *IMAGENES REALES","og_url":"https:\/\/rxcompetition.com\/en\/product\/elite-men-crosstraining-barbell\/","og_site_name":"RX Competition","article_modified_time":"2024-04-28T14:35:33+00:00","og_image":[{"width":2560,"height":1707,"url":"https:\/\/rxcompetition.com\/wp-content\/uploads\/2023\/02\/POI_504-scaled.jpg","type":"image\/jpeg"}],"twitter_card":"summary_large_image","twitter_misc":{"Est. reading time":"2 minutes"},"schema":{"@context":"https:\/\/schema.org","@graph":[{"@type":"WebPage","@id":"https:\/\/rxcompetition.com\/product\/elite-men-crosstraining-barbell\/","url":"https:\/\/rxcompetition.com\/product\/elite-men-crosstraining-barbell\/","name":"MEN ELITE HYBRID CROSS TRAINING BARBELL - RX Competition","isPartOf":{"@id":"https:\/\/rxcompetition.com\/#website"},"primaryImageOfPage":{"@id":"https:\/\/rxcompetition.com\/product\/elite-men-crosstraining-barbell\/#primaryimage"},"image":{"@id":"https:\/\/rxcompetition.com\/product\/elite-men-crosstraining-barbell\/#primaryimage"},"thumbnailUrl":"https:\/\/rxcompetition.com\/wp-content\/uploads\/2023\/02\/POI_504-scaled.jpg","datePublished":"2023-02-18T16:39:37+00:00","dateModified":"2024-04-28T14:35:33+00:00","breadcrumb":{"@id":"https:\/\/rxcompetition.com\/product\/elite-men-crosstraining-barbell\/#breadcrumb"},"inLanguage":"en-US","potentialAction":[{"@type":"ReadAction","target":["https:\/\/rxcompetition.com\/product\/elite-men-crosstraining-barbell\/"]}]},{"@type":"ImageObject","inLanguage":"en-US","@id":"https:\/\/rxcompetition.com\/product\/elite-men-crosstraining-barbell\/#primaryimage","url":"https:\/\/rxcompetition.com\/wp-content\/uploads\/2023\/02\/POI_504-scaled.jpg","contentUrl":"https:\/\/rxcompetition.com\/wp-content\/uploads\/2023\/02\/POI_504-scaled.jpg","width":2560,"height":1707},{"@type":"BreadcrumbList","@id":"https:\/\/rxcompetition.com\/product\/elite-men-crosstraining-barbell\/#breadcrumb","itemListElement":[{"@type":"ListItem","position":1,"name":"Inicio","item":"https:\/\/rxcompetition.com\/"},{"@type":"ListItem","position":2,"name":"Tienda","item":"https:\/\/rxcompetition.com\/tienda\/"},{"@type":"ListItem","position":3,"name":"MEN ELITE HYBRID CROSS TRAINING BARBELL"}]},{"@type":"WebSite","@id":"https:\/\/rxcompetition.com\/#website","url":"https:\/\/rxcompetition.com\/","name":"RX Competition","description":"","publisher":{"@id":"https:\/\/rxcompetition.com\/#organization"},"potentialAction":[{"@type":"SearchAction","target":{"@type":"EntryPoint","urlTemplate":"https:\/\/rxcompetition.com\/?s={search_term_string}"},"query-input":"required name=search_term_string"}],"inLanguage":"en-US"},{"@type":"Organization","@id":"https:\/\/rxcompetition.com\/#organization","name":"RX Competition","url":"https:\/\/rxcompetition.com\/","logo":{"@type":"ImageObject","inLanguage":"en-US","@id":"https:\/\/rxcompetition.com\/#\/schema\/logo\/image\/","url":"https:\/\/rxcompetition.com\/wp-content\/uploads\/2023\/04\/LOGO-RX-PROGRAMA.png","contentUrl":"https:\/\/rxcompetition.com\/wp-content\/uploads\/2023\/04\/LOGO-RX-PROGRAMA.png","width":1416,"height":672,"caption":"RX Competition"},"image":{"@id":"https:\/\/rxcompetition.com\/#\/schema\/logo\/image\/"}}]}},"jetpack_sharing_enabled":true,"_links":{"self":[{"href":"https:\/\/rxcompetition.com\/en\/wp-json\/wp\/v2\/product\/34695","targetHints":{"allow":["GET"]}}],"collection":[{"href":"https:\/\/rxcompetition.com\/en\/wp-json\/wp\/v2\/product"}],"about":[{"href":"https:\/\/rxcompetition.com\/en\/wp-json\/wp\/v2\/types\/product"}],"replies":[{"embeddable":true,"href":"https:\/\/rxcompetition.com\/en\/wp-json\/wp\/v2\/comments?post=34695"}],"wp:featuredmedia":[{"embeddable":true,"href":"https:\/\/rxcompetition.com\/en\/wp-json\/wp\/v2\/media\/36609"}],"wp:attachment":[{"href":"https:\/\/rxcompetition.com\/en\/wp-json\/wp\/v2\/media?parent=34695"}],"wp:term":[{"taxonomy":"product_cat","embeddable":true,"href":"https:\/\/rxcompetition.com\/en\/wp-json\/wp\/v2\/product_cat?post=34695"},{"taxonomy":"product_tag","embeddable":true,"href":"https:\/\/rxcompetition.com\/en\/wp-json\/wp\/v2\/product_tag?post=34695"}],"curies":[{"name":"wp","href":"https:\/\/api.w.org\/{rel}","templated":true}]}}