{"id":34639,"date":"2023-02-06T22:24:30","date_gmt":"2023-02-06T22:24:30","guid":{"rendered":"https:\/\/rxcompetition.com\/?post_type=product&#038;p=34639"},"modified":"2024-05-10T07:21:17","modified_gmt":"2024-05-10T07:21:17","slug":"rx-farmer-walk-handle","status":"publish","type":"product","link":"https:\/\/rxcompetition.com\/en\/product\/rx-farmer-walk-handle\/","title":{"rendered":"FARMER WALK BARS"},"content":{"rendered":"<p class=\" translation-block\">The RX Farmer Walk Handle is the most common gripping tool in Strongman discipline, specially designed to perform the famous Farmer Walk.<\/p>\n<p>Se trata de una barra de acero con un asa y una capacidad de carga de hasta 200 kg. Las barras son de di\u00e1metro 50 mm y permiten la carga mediante los discos de peso ol\u00edmpicos.<\/p>\n<p>&nbsp;<\/p>\n<p class=\" translation-block\">The Farmer Walk or farmer's step is an exercise that has become popular worldwide. Allows you to strengthen the entire lower body and the upper part of the back, shoulders and the Core. It also increases the resistance and general fitness of any athlete who practices it.<\/p>\n<p>&nbsp;<\/p>\n<p>The steel bar is coated with powder paint to maximize its corrosion resistance. The loadable sleeves are Olympic-sized, with a diameter of 50 mm and a loading length of 600 mm. The total length of the bar is 1.525 mm.<\/p>\n<p>&nbsp;<\/p>\n<p><strong>PRICE IS FOR PAIRS<\/strong><\/p>","protected":false},"excerpt":{"rendered":"<p><strong>SPECIFICATIONS<\/strong><\/p>\n<p>&nbsp;<\/p>\n<p style=\"text-align: left;\" class=\" translation-block\">Brand: RX Competition<\/p>\n<p style=\"text-align: left;\" class=\" translation-block\">Usage: Strongman, Cross Training<\/p>\n<p style=\"text-align: left;\">Weight tolerance: +\/- 1%<\/p>\n<p style=\"text-align: left;\">Weight: 22 kg<\/p>\n<p style=\"text-align: left;\">Maximum loading capacity: 200 kg<\/p>\n<p style=\"text-align: left;\">Bar material: Powder-coated steel<\/p>\n<p style=\"text-align: left;\">Loading sleeves material: Powder-coated steel<\/p>\n<p style=\"text-align: left;\">Handle diameter: \u00d8 33 mm<\/p>\n<p style=\"text-align: left;\">Loadable sleeves diameter: \u00d8 50 mm<\/p>\n<p style=\"text-align: left;\">Total bar length: 1.525 mm<\/p>\n<p style=\"text-align: left;\">Loading sleeves length: 600 mm<\/p>\n<p>&nbsp;<\/p>\n<p><strong>*REAL PICTURES<\/strong><\/p>","protected":false},"featured_media":34678,"comment_status":"closed","ping_status":"closed","template":"","meta":{"inline_featured_image":false},"product_cat":[15,145,172],"product_tag":[],"class_list":{"0":"post-34639","1":"product","2":"type-product","3":"status-publish","4":"has-post-thumbnail","6":"product_cat-crossfit-equipment","7":"product_cat-strongman","8":"product_cat-farmer-walk","11":"first","12":"outofstock","13":"taxable","14":"shipping-taxable","15":"purchasable","16":"product-type-simple"},"yoast_head":"<!-- This site is optimized with the Yoast SEO plugin v23.2 - https:\/\/yoast.com\/wordpress\/plugins\/seo\/ -->\n<title>FARMER WALK BARS - RX Competition<\/title>\n<meta name=\"robots\" content=\"index, follow, max-snippet:-1, max-image-preview:large, max-video-preview:-1\" \/>\n<link rel=\"canonical\" href=\"https:\/\/rxcompetition.com\/en\/product\/rx-farmer-walk-handle\/\" \/>\n<meta property=\"og:locale\" content=\"en_US\" \/>\n<meta property=\"og:type\" content=\"article\" \/>\n<meta property=\"og:title\" content=\"FARMER WALK BARS - RX Competition\" \/>\n<meta property=\"og:description\" content=\"ESPECIFICACIONES  &nbsp; Marca: RX Competition Uso: Strongman, Farmer Walk. Tolerancia del peso: +\/- 1 % Peso: 22 kg Capacidad m\u00e1xima de carga: 200 kg Material de la barra: Acero recubierto en polvo Material de los manguitos de carga: Acero recubierto en polvo Di\u00e1metro del mango: \u00d8 33 mm Di\u00e1metro de los manguitos de carga: \u00d8 50 mm Longitud total de la barra: 1.525 mm Longitud de los manguitos de carga: 600 mm &nbsp;  *IMAGENES REALES\" \/>\n<meta property=\"og:url\" content=\"https:\/\/rxcompetition.com\/en\/product\/rx-farmer-walk-handle\/\" \/>\n<meta property=\"og:site_name\" content=\"RX Competition\" \/>\n<meta property=\"article:modified_time\" content=\"2024-05-10T07:21:17+00:00\" \/>\n<meta property=\"og:image\" content=\"https:\/\/rxcompetition.com\/wp-content\/uploads\/2023\/02\/Farmer-walk-handles.png\" \/>\n\t<meta property=\"og:image:width\" content=\"1416\" \/>\n\t<meta property=\"og:image:height\" content=\"1024\" \/>\n\t<meta property=\"og:image:type\" content=\"image\/png\" \/>\n<meta name=\"twitter:card\" content=\"summary_large_image\" \/>\n<meta name=\"twitter:label1\" content=\"Est. reading time\" \/>\n\t<meta name=\"twitter:data1\" content=\"1 minute\" \/>\n<script type=\"application\/ld+json\" class=\"yoast-schema-graph\">{\"@context\":\"https:\/\/schema.org\",\"@graph\":[{\"@type\":\"WebPage\",\"@id\":\"https:\/\/rxcompetition.com\/product\/rx-farmer-walk-handle\/\",\"url\":\"https:\/\/rxcompetition.com\/product\/rx-farmer-walk-handle\/\",\"name\":\"FARMER WALK BARS - RX Competition\",\"isPartOf\":{\"@id\":\"https:\/\/rxcompetition.com\/#website\"},\"primaryImageOfPage\":{\"@id\":\"https:\/\/rxcompetition.com\/product\/rx-farmer-walk-handle\/#primaryimage\"},\"image\":{\"@id\":\"https:\/\/rxcompetition.com\/product\/rx-farmer-walk-handle\/#primaryimage\"},\"thumbnailUrl\":\"https:\/\/rxcompetition.com\/wp-content\/uploads\/2023\/02\/Farmer-walk-handles.png\",\"datePublished\":\"2023-02-06T22:24:30+00:00\",\"dateModified\":\"2024-05-10T07:21:17+00:00\",\"breadcrumb\":{\"@id\":\"https:\/\/rxcompetition.com\/product\/rx-farmer-walk-handle\/#breadcrumb\"},\"inLanguage\":\"en-US\",\"potentialAction\":[{\"@type\":\"ReadAction\",\"target\":[\"https:\/\/rxcompetition.com\/product\/rx-farmer-walk-handle\/\"]}]},{\"@type\":\"ImageObject\",\"inLanguage\":\"en-US\",\"@id\":\"https:\/\/rxcompetition.com\/product\/rx-farmer-walk-handle\/#primaryimage\",\"url\":\"https:\/\/rxcompetition.com\/wp-content\/uploads\/2023\/02\/Farmer-walk-handles.png\",\"contentUrl\":\"https:\/\/rxcompetition.com\/wp-content\/uploads\/2023\/02\/Farmer-walk-handles.png\",\"width\":1416,\"height\":1024},{\"@type\":\"BreadcrumbList\",\"@id\":\"https:\/\/rxcompetition.com\/product\/rx-farmer-walk-handle\/#breadcrumb\",\"itemListElement\":[{\"@type\":\"ListItem\",\"position\":1,\"name\":\"Inicio\",\"item\":\"https:\/\/rxcompetition.com\/\"},{\"@type\":\"ListItem\",\"position\":2,\"name\":\"Tienda\",\"item\":\"https:\/\/rxcompetition.com\/tienda\/\"},{\"@type\":\"ListItem\",\"position\":3,\"name\":\"FARMER WALK BARS\"}]},{\"@type\":\"WebSite\",\"@id\":\"https:\/\/rxcompetition.com\/#website\",\"url\":\"https:\/\/rxcompetition.com\/\",\"name\":\"RX Competition\",\"description\":\"\",\"publisher\":{\"@id\":\"https:\/\/rxcompetition.com\/#organization\"},\"potentialAction\":[{\"@type\":\"SearchAction\",\"target\":{\"@type\":\"EntryPoint\",\"urlTemplate\":\"https:\/\/rxcompetition.com\/?s={search_term_string}\"},\"query-input\":\"required name=search_term_string\"}],\"inLanguage\":\"en-US\"},{\"@type\":\"Organization\",\"@id\":\"https:\/\/rxcompetition.com\/#organization\",\"name\":\"RX Competition\",\"url\":\"https:\/\/rxcompetition.com\/\",\"logo\":{\"@type\":\"ImageObject\",\"inLanguage\":\"en-US\",\"@id\":\"https:\/\/rxcompetition.com\/#\/schema\/logo\/image\/\",\"url\":\"https:\/\/rxcompetition.com\/wp-content\/uploads\/2023\/04\/LOGO-RX-PROGRAMA.png\",\"contentUrl\":\"https:\/\/rxcompetition.com\/wp-content\/uploads\/2023\/04\/LOGO-RX-PROGRAMA.png\",\"width\":1416,\"height\":672,\"caption\":\"RX Competition\"},\"image\":{\"@id\":\"https:\/\/rxcompetition.com\/#\/schema\/logo\/image\/\"}}]}<\/script>\n<!-- \/ Yoast SEO plugin. -->","yoast_head_json":{"title":"FARMER WALK BARS - RX Competition","robots":{"index":"index","follow":"follow","max-snippet":"max-snippet:-1","max-image-preview":"max-image-preview:large","max-video-preview":"max-video-preview:-1"},"canonical":"https:\/\/rxcompetition.com\/en\/product\/rx-farmer-walk-handle\/","og_locale":"en_US","og_type":"article","og_title":"FARMER WALK BARS - RX Competition","og_description":"ESPECIFICACIONES  &nbsp; Marca: RX Competition Uso: Strongman, Farmer Walk. Tolerancia del peso: +\/- 1 % Peso: 22 kg Capacidad m\u00e1xima de carga: 200 kg Material de la barra: Acero recubierto en polvo Material de los manguitos de carga: Acero recubierto en polvo Di\u00e1metro del mango: \u00d8 33 mm Di\u00e1metro de los manguitos de carga: \u00d8 50 mm Longitud total de la barra: 1.525 mm Longitud de los manguitos de carga: 600 mm &nbsp;  *IMAGENES REALES","og_url":"https:\/\/rxcompetition.com\/en\/product\/rx-farmer-walk-handle\/","og_site_name":"RX Competition","article_modified_time":"2024-05-10T07:21:17+00:00","og_image":[{"width":1416,"height":1024,"url":"https:\/\/rxcompetition.com\/wp-content\/uploads\/2023\/02\/Farmer-walk-handles.png","type":"image\/png"}],"twitter_card":"summary_large_image","twitter_misc":{"Est. reading time":"1 minute"},"schema":{"@context":"https:\/\/schema.org","@graph":[{"@type":"WebPage","@id":"https:\/\/rxcompetition.com\/product\/rx-farmer-walk-handle\/","url":"https:\/\/rxcompetition.com\/product\/rx-farmer-walk-handle\/","name":"FARMER WALK BARS - RX Competition","isPartOf":{"@id":"https:\/\/rxcompetition.com\/#website"},"primaryImageOfPage":{"@id":"https:\/\/rxcompetition.com\/product\/rx-farmer-walk-handle\/#primaryimage"},"image":{"@id":"https:\/\/rxcompetition.com\/product\/rx-farmer-walk-handle\/#primaryimage"},"thumbnailUrl":"https:\/\/rxcompetition.com\/wp-content\/uploads\/2023\/02\/Farmer-walk-handles.png","datePublished":"2023-02-06T22:24:30+00:00","dateModified":"2024-05-10T07:21:17+00:00","breadcrumb":{"@id":"https:\/\/rxcompetition.com\/product\/rx-farmer-walk-handle\/#breadcrumb"},"inLanguage":"en-US","potentialAction":[{"@type":"ReadAction","target":["https:\/\/rxcompetition.com\/product\/rx-farmer-walk-handle\/"]}]},{"@type":"ImageObject","inLanguage":"en-US","@id":"https:\/\/rxcompetition.com\/product\/rx-farmer-walk-handle\/#primaryimage","url":"https:\/\/rxcompetition.com\/wp-content\/uploads\/2023\/02\/Farmer-walk-handles.png","contentUrl":"https:\/\/rxcompetition.com\/wp-content\/uploads\/2023\/02\/Farmer-walk-handles.png","width":1416,"height":1024},{"@type":"BreadcrumbList","@id":"https:\/\/rxcompetition.com\/product\/rx-farmer-walk-handle\/#breadcrumb","itemListElement":[{"@type":"ListItem","position":1,"name":"Inicio","item":"https:\/\/rxcompetition.com\/"},{"@type":"ListItem","position":2,"name":"Tienda","item":"https:\/\/rxcompetition.com\/tienda\/"},{"@type":"ListItem","position":3,"name":"FARMER WALK BARS"}]},{"@type":"WebSite","@id":"https:\/\/rxcompetition.com\/#website","url":"https:\/\/rxcompetition.com\/","name":"RX Competition","description":"","publisher":{"@id":"https:\/\/rxcompetition.com\/#organization"},"potentialAction":[{"@type":"SearchAction","target":{"@type":"EntryPoint","urlTemplate":"https:\/\/rxcompetition.com\/?s={search_term_string}"},"query-input":"required name=search_term_string"}],"inLanguage":"en-US"},{"@type":"Organization","@id":"https:\/\/rxcompetition.com\/#organization","name":"RX Competition","url":"https:\/\/rxcompetition.com\/","logo":{"@type":"ImageObject","inLanguage":"en-US","@id":"https:\/\/rxcompetition.com\/#\/schema\/logo\/image\/","url":"https:\/\/rxcompetition.com\/wp-content\/uploads\/2023\/04\/LOGO-RX-PROGRAMA.png","contentUrl":"https:\/\/rxcompetition.com\/wp-content\/uploads\/2023\/04\/LOGO-RX-PROGRAMA.png","width":1416,"height":672,"caption":"RX Competition"},"image":{"@id":"https:\/\/rxcompetition.com\/#\/schema\/logo\/image\/"}}]}},"jetpack_sharing_enabled":true,"_links":{"self":[{"href":"https:\/\/rxcompetition.com\/en\/wp-json\/wp\/v2\/product\/34639","targetHints":{"allow":["GET"]}}],"collection":[{"href":"https:\/\/rxcompetition.com\/en\/wp-json\/wp\/v2\/product"}],"about":[{"href":"https:\/\/rxcompetition.com\/en\/wp-json\/wp\/v2\/types\/product"}],"replies":[{"embeddable":true,"href":"https:\/\/rxcompetition.com\/en\/wp-json\/wp\/v2\/comments?post=34639"}],"wp:featuredmedia":[{"embeddable":true,"href":"https:\/\/rxcompetition.com\/en\/wp-json\/wp\/v2\/media\/34678"}],"wp:attachment":[{"href":"https:\/\/rxcompetition.com\/en\/wp-json\/wp\/v2\/media?parent=34639"}],"wp:term":[{"taxonomy":"product_cat","embeddable":true,"href":"https:\/\/rxcompetition.com\/en\/wp-json\/wp\/v2\/product_cat?post=34639"},{"taxonomy":"product_tag","embeddable":true,"href":"https:\/\/rxcompetition.com\/en\/wp-json\/wp\/v2\/product_tag?post=34639"}],"curies":[{"name":"wp","href":"https:\/\/api.w.org\/{rel}","templated":true}]}}