{"id":34570,"date":"2023-01-26T12:55:04","date_gmt":"2023-01-26T12:55:04","guid":{"rendered":"https:\/\/rxcompetition.com\/?post_type=product&#038;p=34570"},"modified":"2024-04-07T14:51:49","modified_gmt":"2024-04-07T14:51:49","slug":"rx-rig-upright-275","status":"publish","type":"product","link":"https:\/\/rxcompetition.com\/en\/product\/rx-rig-upright-275\/","title":{"rendered":"ELITE RIG UPRIGHT 275"},"content":{"rendered":"<p class=\" translation-block\">Our RX Rig Upright 275 is our Elite category 2.760 mm height Upright column, specially designed for our Rig training stations.<\/p>\n<p>&nbsp;<\/p>\n<p class=\" translation-block\">This column is composed of 80 x 80 x 4 mm square steel profile with a 10 mm thick solid steel floor assembling base, a thickness dimensions that can only be found in RX Competition products. The assembling base includes four \u00d816 mm holes for floor assembling throw \u00d814 mm chemical bolts.<\/p>\n<p>&nbsp;<\/p>\n<p class=\" translation-block\">The design of this column is carefully crafted, with \u00d826 mm holes on the front and back faces, standardized with a 50 mm center-to-center distances for attaching all Elite category hardware. Additionally, there are \u00d820 mm holes on the upper and lower parts as well as along all side faces for attaching crossmembers and accessories.<\/p>\n<p>&nbsp;<\/p>\n<p class=\" translation-block\">This Rig column is designed to assemble the RX Elite Wallball Target support at the top. For easy and quick installation, it includes laser-cut markings in the form of two arrows indicating the two holes where this support should be installed to achieve the official height of 2.750 mm for women and 3.050 mm for men.<\/p>\n<p>&nbsp;<\/p>\n<p><span style=\"font-weight: 400;\">All \u00d826 mm holes are numerically labeled in ascending order to allow for quick adjustment of the height of different types of bar supports when changing exercises. Both the holes and numbers are laser-cut.<\/span><\/p>\n<p>&nbsp;<\/p>\n<p><span style=\"font-weight: 400;\">This frame is manufactured and machined in Spain under the strictest quality controls, ensuring high-quality finishes in terms of laser-cut precision and, above all, the quality of the welds. The lifetime warranty we offer on the material of this structure demonstrates that we don't cut corners.<\/span><\/p>\n<p>&nbsp;<\/p>\n<ul>\n<li style=\"font-weight: 400;\" aria-level=\"1\"><span style=\"font-weight: 400;\">Each column includes its \" laser-cut height \"275\u201d on the bottom part of its front face.<\/span><\/li>\n<li style=\"font-weight: 400;\" aria-level=\"1\"><span style=\"font-weight: 400;\">Each column includes a metal plate with all its technical characteristics and CE marking.<\/span><\/li>\n<\/ul>\n<p>&nbsp;<\/p>\n<p><strong>THE PRICE IS PER UNIT<\/strong><\/p>","protected":false},"excerpt":{"rendered":"<p><strong>SPECIFICATIONS<\/strong><\/p>\n<p>&nbsp;<\/p>\n<p class=\" translation-block\">Brand: RX Competition<\/p>\n<p>Manufactured in Spain<\/p>\n<p class=\" translation-block\">Usage: Structural for Rig stations<\/p>\n<p>Material: Powder coated S235 carbon steel<\/p>\n<p><span style=\"font-weight: 400;\">Square structural tube: 80 x 80 mm\u00a0<\/span><\/p>\n<p><span style=\"font-weight: 400;\">Tube thickness: 4 mm<\/span><\/p>\n<p><span style=\"font-weight: 400;\">Assembling base: 150 x 150 mm<\/span><\/p>\n<p><span style=\"font-weight: 400;\">Assembling base thickness: 10 mm<\/span><\/p>\n<p><span style=\"font-weight: 400;\">Total length: 2.760 mm\u00a0<\/span><\/p>\n<p><span style=\"font-weight: 400;\">Total width: 80 mm<\/span><\/p>\n<p><span style=\"font-weight: 400;\">Weight: 23,5 kg\u00a0<\/span><\/p>\n<p><span style=\"font-weight: 400;\">Recommended maximum load: 2.000 kg\u00a0<\/span><\/p>\n<p><span style=\"font-weight: 400;\">Material warranty: Lifetime<\/span><\/p>\n<p><span style=\"font-weight: 400;\">Coating warranty: 2 years<\/span><\/p>\n<p>&nbsp;<\/p>\n<p><strong>RENDERINGS FAITHFUL TO REALITY<\/strong><\/p>","protected":false},"featured_media":37061,"comment_status":"closed","ping_status":"closed","template":"","meta":{"inline_featured_image":false},"product_cat":[146,158,165,167],"product_tag":[],"class_list":{"0":"post-34570","1":"product","2":"type-product","3":"status-publish","4":"has-post-thumbnail","6":"product_cat-rigs-racks","7":"product_cat-rigs-racks-elite","8":"product_cat-elite-rigs","9":"product_cat-uprights-rigs","12":"first","13":"instock","14":"taxable","15":"shipping-taxable","16":"purchasable","17":"product-type-simple"},"yoast_head":"<!-- This site is optimized with the Yoast SEO plugin v23.2 - https:\/\/yoast.com\/wordpress\/plugins\/seo\/ -->\n<title>ELITE RIG UPRIGHT 275 - RX Competition<\/title>\n<meta name=\"robots\" content=\"index, follow, max-snippet:-1, max-image-preview:large, max-video-preview:-1\" \/>\n<link rel=\"canonical\" href=\"https:\/\/rxcompetition.com\/en\/product\/rx-rig-upright-275\/\" \/>\n<meta property=\"og:locale\" content=\"en_US\" \/>\n<meta property=\"og:type\" content=\"article\" \/>\n<meta property=\"og:title\" content=\"ELITE RIG UPRIGHT 275 - RX Competition\" \/>\n<meta property=\"og:description\" content=\"ESPECIFICACIONES  &nbsp;  Marca: RX Competition  Fabricado en Espa\u00f1a  Uso: Estructural para estaci\u00f3n Rig  Material: Acero S235 recubierto de pintura en polvo color negro  Tubo estructural cuadrado: 80 x 80 mm\u00a0  Espesor del tubo: 4 mm  Base del anclaje: 150 x 150 mm  Espesor de la base de anclaje: 10 mm  Longitud total: 2.760 mm\u00a0  Ancho total: 80 mm  Peso: 23,5 kg\u00a0  Carga m\u00e1xima recomendada: 2.000 kg\u00a0  Garant\u00eda sobre el material: De por vida  Garant\u00eda sobre el recubrimiento: 2 a\u00f1os  &nbsp;  *RENDERS FIELES A LA REALIDAD\" \/>\n<meta property=\"og:url\" content=\"https:\/\/rxcompetition.com\/en\/product\/rx-rig-upright-275\/\" \/>\n<meta property=\"og:site_name\" content=\"RX Competition\" \/>\n<meta property=\"article:modified_time\" content=\"2024-04-07T14:51:49+00:00\" \/>\n<meta property=\"og:image\" content=\"https:\/\/rxcompetition.com\/wp-content\/uploads\/2023\/01\/276-general-JPG-scaled.jpg\" \/>\n\t<meta property=\"og:image:width\" content=\"1280\" \/>\n\t<meta property=\"og:image:height\" content=\"2560\" \/>\n\t<meta property=\"og:image:type\" content=\"image\/jpeg\" \/>\n<meta name=\"twitter:card\" content=\"summary_large_image\" \/>\n<meta name=\"twitter:label1\" content=\"Est. reading time\" \/>\n\t<meta name=\"twitter:data1\" content=\"2 minutes\" \/>\n<script type=\"application\/ld+json\" class=\"yoast-schema-graph\">{\"@context\":\"https:\/\/schema.org\",\"@graph\":[{\"@type\":\"WebPage\",\"@id\":\"https:\/\/rxcompetition.com\/product\/rx-rig-upright-275\/\",\"url\":\"https:\/\/rxcompetition.com\/product\/rx-rig-upright-275\/\",\"name\":\"ELITE RIG UPRIGHT 275 - RX Competition\",\"isPartOf\":{\"@id\":\"https:\/\/rxcompetition.com\/#website\"},\"primaryImageOfPage\":{\"@id\":\"https:\/\/rxcompetition.com\/product\/rx-rig-upright-275\/#primaryimage\"},\"image\":{\"@id\":\"https:\/\/rxcompetition.com\/product\/rx-rig-upright-275\/#primaryimage\"},\"thumbnailUrl\":\"https:\/\/rxcompetition.com\/wp-content\/uploads\/2023\/01\/276-general-JPG-scaled.jpg\",\"datePublished\":\"2023-01-26T12:55:04+00:00\",\"dateModified\":\"2024-04-07T14:51:49+00:00\",\"breadcrumb\":{\"@id\":\"https:\/\/rxcompetition.com\/product\/rx-rig-upright-275\/#breadcrumb\"},\"inLanguage\":\"en-US\",\"potentialAction\":[{\"@type\":\"ReadAction\",\"target\":[\"https:\/\/rxcompetition.com\/product\/rx-rig-upright-275\/\"]}]},{\"@type\":\"ImageObject\",\"inLanguage\":\"en-US\",\"@id\":\"https:\/\/rxcompetition.com\/product\/rx-rig-upright-275\/#primaryimage\",\"url\":\"https:\/\/rxcompetition.com\/wp-content\/uploads\/2023\/01\/276-general-JPG-scaled.jpg\",\"contentUrl\":\"https:\/\/rxcompetition.com\/wp-content\/uploads\/2023\/01\/276-general-JPG-scaled.jpg\",\"width\":1280,\"height\":2560},{\"@type\":\"BreadcrumbList\",\"@id\":\"https:\/\/rxcompetition.com\/product\/rx-rig-upright-275\/#breadcrumb\",\"itemListElement\":[{\"@type\":\"ListItem\",\"position\":1,\"name\":\"Inicio\",\"item\":\"https:\/\/rxcompetition.com\/\"},{\"@type\":\"ListItem\",\"position\":2,\"name\":\"Tienda\",\"item\":\"https:\/\/rxcompetition.com\/tienda\/\"},{\"@type\":\"ListItem\",\"position\":3,\"name\":\"ELITE RIG UPRIGHT 275\"}]},{\"@type\":\"WebSite\",\"@id\":\"https:\/\/rxcompetition.com\/#website\",\"url\":\"https:\/\/rxcompetition.com\/\",\"name\":\"RX Competition\",\"description\":\"\",\"publisher\":{\"@id\":\"https:\/\/rxcompetition.com\/#organization\"},\"potentialAction\":[{\"@type\":\"SearchAction\",\"target\":{\"@type\":\"EntryPoint\",\"urlTemplate\":\"https:\/\/rxcompetition.com\/?s={search_term_string}\"},\"query-input\":\"required name=search_term_string\"}],\"inLanguage\":\"en-US\"},{\"@type\":\"Organization\",\"@id\":\"https:\/\/rxcompetition.com\/#organization\",\"name\":\"RX Competition\",\"url\":\"https:\/\/rxcompetition.com\/\",\"logo\":{\"@type\":\"ImageObject\",\"inLanguage\":\"en-US\",\"@id\":\"https:\/\/rxcompetition.com\/#\/schema\/logo\/image\/\",\"url\":\"https:\/\/rxcompetition.com\/wp-content\/uploads\/2023\/04\/LOGO-RX-PROGRAMA.png\",\"contentUrl\":\"https:\/\/rxcompetition.com\/wp-content\/uploads\/2023\/04\/LOGO-RX-PROGRAMA.png\",\"width\":1416,\"height\":672,\"caption\":\"RX Competition\"},\"image\":{\"@id\":\"https:\/\/rxcompetition.com\/#\/schema\/logo\/image\/\"}}]}<\/script>\n<!-- \/ Yoast SEO plugin. -->","yoast_head_json":{"title":"ELITE RIG UPRIGHT 275 - RX Competition","robots":{"index":"index","follow":"follow","max-snippet":"max-snippet:-1","max-image-preview":"max-image-preview:large","max-video-preview":"max-video-preview:-1"},"canonical":"https:\/\/rxcompetition.com\/en\/product\/rx-rig-upright-275\/","og_locale":"en_US","og_type":"article","og_title":"ELITE RIG UPRIGHT 275 - RX Competition","og_description":"ESPECIFICACIONES  &nbsp;  Marca: RX Competition  Fabricado en Espa\u00f1a  Uso: Estructural para estaci\u00f3n Rig  Material: Acero S235 recubierto de pintura en polvo color negro  Tubo estructural cuadrado: 80 x 80 mm\u00a0  Espesor del tubo: 4 mm  Base del anclaje: 150 x 150 mm  Espesor de la base de anclaje: 10 mm  Longitud total: 2.760 mm\u00a0  Ancho total: 80 mm  Peso: 23,5 kg\u00a0  Carga m\u00e1xima recomendada: 2.000 kg\u00a0  Garant\u00eda sobre el material: De por vida  Garant\u00eda sobre el recubrimiento: 2 a\u00f1os  &nbsp;  *RENDERS FIELES A LA REALIDAD","og_url":"https:\/\/rxcompetition.com\/en\/product\/rx-rig-upright-275\/","og_site_name":"RX Competition","article_modified_time":"2024-04-07T14:51:49+00:00","og_image":[{"width":1280,"height":2560,"url":"https:\/\/rxcompetition.com\/wp-content\/uploads\/2023\/01\/276-general-JPG-scaled.jpg","type":"image\/jpeg"}],"twitter_card":"summary_large_image","twitter_misc":{"Est. reading time":"2 minutes"},"schema":{"@context":"https:\/\/schema.org","@graph":[{"@type":"WebPage","@id":"https:\/\/rxcompetition.com\/product\/rx-rig-upright-275\/","url":"https:\/\/rxcompetition.com\/product\/rx-rig-upright-275\/","name":"ELITE RIG UPRIGHT 275 - RX Competition","isPartOf":{"@id":"https:\/\/rxcompetition.com\/#website"},"primaryImageOfPage":{"@id":"https:\/\/rxcompetition.com\/product\/rx-rig-upright-275\/#primaryimage"},"image":{"@id":"https:\/\/rxcompetition.com\/product\/rx-rig-upright-275\/#primaryimage"},"thumbnailUrl":"https:\/\/rxcompetition.com\/wp-content\/uploads\/2023\/01\/276-general-JPG-scaled.jpg","datePublished":"2023-01-26T12:55:04+00:00","dateModified":"2024-04-07T14:51:49+00:00","breadcrumb":{"@id":"https:\/\/rxcompetition.com\/product\/rx-rig-upright-275\/#breadcrumb"},"inLanguage":"en-US","potentialAction":[{"@type":"ReadAction","target":["https:\/\/rxcompetition.com\/product\/rx-rig-upright-275\/"]}]},{"@type":"ImageObject","inLanguage":"en-US","@id":"https:\/\/rxcompetition.com\/product\/rx-rig-upright-275\/#primaryimage","url":"https:\/\/rxcompetition.com\/wp-content\/uploads\/2023\/01\/276-general-JPG-scaled.jpg","contentUrl":"https:\/\/rxcompetition.com\/wp-content\/uploads\/2023\/01\/276-general-JPG-scaled.jpg","width":1280,"height":2560},{"@type":"BreadcrumbList","@id":"https:\/\/rxcompetition.com\/product\/rx-rig-upright-275\/#breadcrumb","itemListElement":[{"@type":"ListItem","position":1,"name":"Inicio","item":"https:\/\/rxcompetition.com\/"},{"@type":"ListItem","position":2,"name":"Tienda","item":"https:\/\/rxcompetition.com\/tienda\/"},{"@type":"ListItem","position":3,"name":"ELITE RIG UPRIGHT 275"}]},{"@type":"WebSite","@id":"https:\/\/rxcompetition.com\/#website","url":"https:\/\/rxcompetition.com\/","name":"RX Competition","description":"","publisher":{"@id":"https:\/\/rxcompetition.com\/#organization"},"potentialAction":[{"@type":"SearchAction","target":{"@type":"EntryPoint","urlTemplate":"https:\/\/rxcompetition.com\/?s={search_term_string}"},"query-input":"required name=search_term_string"}],"inLanguage":"en-US"},{"@type":"Organization","@id":"https:\/\/rxcompetition.com\/#organization","name":"RX Competition","url":"https:\/\/rxcompetition.com\/","logo":{"@type":"ImageObject","inLanguage":"en-US","@id":"https:\/\/rxcompetition.com\/#\/schema\/logo\/image\/","url":"https:\/\/rxcompetition.com\/wp-content\/uploads\/2023\/04\/LOGO-RX-PROGRAMA.png","contentUrl":"https:\/\/rxcompetition.com\/wp-content\/uploads\/2023\/04\/LOGO-RX-PROGRAMA.png","width":1416,"height":672,"caption":"RX Competition"},"image":{"@id":"https:\/\/rxcompetition.com\/#\/schema\/logo\/image\/"}}]}},"jetpack_sharing_enabled":true,"_links":{"self":[{"href":"https:\/\/rxcompetition.com\/en\/wp-json\/wp\/v2\/product\/34570","targetHints":{"allow":["GET"]}}],"collection":[{"href":"https:\/\/rxcompetition.com\/en\/wp-json\/wp\/v2\/product"}],"about":[{"href":"https:\/\/rxcompetition.com\/en\/wp-json\/wp\/v2\/types\/product"}],"replies":[{"embeddable":true,"href":"https:\/\/rxcompetition.com\/en\/wp-json\/wp\/v2\/comments?post=34570"}],"wp:featuredmedia":[{"embeddable":true,"href":"https:\/\/rxcompetition.com\/en\/wp-json\/wp\/v2\/media\/37061"}],"wp:attachment":[{"href":"https:\/\/rxcompetition.com\/en\/wp-json\/wp\/v2\/media?parent=34570"}],"wp:term":[{"taxonomy":"product_cat","embeddable":true,"href":"https:\/\/rxcompetition.com\/en\/wp-json\/wp\/v2\/product_cat?post=34570"},{"taxonomy":"product_tag","embeddable":true,"href":"https:\/\/rxcompetition.com\/en\/wp-json\/wp\/v2\/product_tag?post=34570"}],"curies":[{"name":"wp","href":"https:\/\/api.w.org\/{rel}","templated":true}]}}