{"id":34499,"date":"2023-01-23T21:59:11","date_gmt":"2023-01-23T21:59:11","guid":{"rendered":"https:\/\/rxcompetition.com\/?post_type=product&#038;p=34499"},"modified":"2024-04-07T15:47:03","modified_gmt":"2024-04-07T15:47:03","slug":"rack-1100-square-bar","status":"publish","type":"product","link":"https:\/\/rxcompetition.com\/en\/product\/rack-1100-square-bar\/","title":{"rendered":"ELITE RACK SQUARE BAR 1100"},"content":{"rendered":"<p>Our RX Elite 1.0 Multi Grip Barbell is our classic Swiss bar with multiple grip options for those athletes that looks to increase explosive strength while reducing shoulders and wrists strain. The design of our 1.0 bar includes three parallel grip handles, all with a medium-textured diamond knurling for a secure grip. It is the perfect tool for adding more dynamic training to your routine, allowing you to choose between the three grip options to widen or narrow the grip width, activating different muscle groups. It is suitable with most power racks. <em>RX Rack 1100 Square bar<\/em> es nuestra arcada perforada de 1.100 mm de longitud de perfil cuadrado especialmente dise\u00f1ada para montaje en estructuras <em>Power Rack<\/em> of category <em>Elite Competition<\/em>.<\/p>\n<p>&nbsp;<\/p>\n<p class=\" translation-block\">This crossbar or Crossmember is composed of 80 x 80 x 4 mm square steel profile, with 10 mm thickness assembling base thickness, thickness specifications that can only be found in RX Competition.<\/p>\n<p>&nbsp;<\/p>\n<p class=\" translation-block\">In addition to being a structural upright for column attachment, this crossmember is a perfect accessory for adding functionality to the Power Rack, such as pull-up bars for chin-ups or muscle-ups, and round bars from end to end to create a Monkey Rack.<\/p>\n<p>&nbsp;<\/p>\n<p>This crossmember is manufactured and machined in Spain under the strictest quality controls, ensuring high-quality finishes in terms of laser cutting precision and, above all, the welding quality.<\/p>\n<p>&nbsp;<\/p>\n<p><strong>THE PRICE IS PER UNIT<\/strong><\/p>","protected":false},"excerpt":{"rendered":"<p><strong>SPECIFICATIONS<\/strong><\/p>\n<p>&nbsp;<\/p>\n<p class=\" translation-block\">Brand: RX Competition<\/p>\n<p>Manufactured in Spain<\/p>\n<p class=\" translation-block\">Usage: Structural for Power Rack structures<\/p>\n<p>Material: Powder coated black steel<\/p>\n<p>Square structural tube: 80 x 80 mm<\/p>\n<p>Tube thickness: 4 mm<\/p>\n<p>Assembling base: 80 x 222 mm<\/p>\n<p>Assembling base thickness: 10 mm<\/p>\n<p>Total length: 1.100 mm<\/p>\n<p>Total width: 80 mm<\/p>\n<p>Total height: 222 mm<\/p>\n<p>Weight: 11,8 kg<\/p>\n<p>Recommended maximum load: 500 kg<\/p>\n<p>Material warranty: 2 years<\/p>\n<p>Coating warranty: 2 years<\/p>\n<p>&nbsp;<\/p>\n<p><strong>*REAL PICTURES<\/strong><\/p>","protected":false},"featured_media":37375,"comment_status":"closed","ping_status":"closed","template":"","meta":{"inline_featured_image":false},"product_cat":[146,158,153,160],"product_tag":[],"class_list":{"0":"post-34499","1":"product","2":"type-product","3":"status-publish","4":"has-post-thumbnail","6":"product_cat-rigs-racks","7":"product_cat-rigs-racks-elite","8":"product_cat-elite-power-racks","9":"product_cat-crossmembers-power-racks","12":"first","13":"instock","14":"taxable","15":"shipping-taxable","16":"purchasable","17":"product-type-simple"},"yoast_head":"<!-- This site is optimized with the Yoast SEO plugin v23.2 - https:\/\/yoast.com\/wordpress\/plugins\/seo\/ -->\n<title>ELITE RACK SQUARE BAR 1100 - RX Competition<\/title>\n<meta name=\"robots\" content=\"index, follow, max-snippet:-1, max-image-preview:large, max-video-preview:-1\" \/>\n<link rel=\"canonical\" href=\"https:\/\/rxcompetition.com\/en\/product\/rack-1100-square-bar\/\" \/>\n<meta property=\"og:locale\" content=\"en_US\" \/>\n<meta property=\"og:type\" content=\"article\" \/>\n<meta property=\"og:title\" content=\"ELITE RACK SQUARE BAR 1100 - RX Competition\" \/>\n<meta property=\"og:description\" content=\"ESPECIFICACIONES  &nbsp;  Marca: RX Competition  Fabricado en Espa\u00f1a  Uso: Estructural para Power Rack  Material: Acero recubierto de pintura en polvo color negro  Tubo estructural cuadrado: 80 x 80 mm  Espesor del tubo: 4 mm  Base del anclaje: 80 x 222 mm  Espesor de la base de anclaje: 10 mm  Longitud total: 1.100 mm  Ancho total: 80 mm  Altura total: 222 mm  Peso: 11,8 kg  Carga m\u00e1xima recomendada: 500 kg  Garant\u00eda sobre el material: 2 a\u00f1os  Garant\u00eda sobre el recubrimiento: 2 a\u00f1os  &nbsp;  *IMAGENES REALES\" \/>\n<meta property=\"og:url\" content=\"https:\/\/rxcompetition.com\/en\/product\/rack-1100-square-bar\/\" \/>\n<meta property=\"og:site_name\" content=\"RX Competition\" \/>\n<meta property=\"article:modified_time\" content=\"2024-04-07T15:47:03+00:00\" \/>\n<meta property=\"og:image\" content=\"https:\/\/rxcompetition.com\/wp-content\/uploads\/2023\/01\/POI_058-scaled.jpg\" \/>\n\t<meta property=\"og:image:width\" content=\"2560\" \/>\n\t<meta property=\"og:image:height\" content=\"1707\" \/>\n\t<meta property=\"og:image:type\" content=\"image\/jpeg\" \/>\n<meta name=\"twitter:card\" content=\"summary_large_image\" \/>\n<meta name=\"twitter:label1\" content=\"Est. reading time\" \/>\n\t<meta name=\"twitter:data1\" content=\"1 minute\" \/>\n<script type=\"application\/ld+json\" class=\"yoast-schema-graph\">{\"@context\":\"https:\/\/schema.org\",\"@graph\":[{\"@type\":\"WebPage\",\"@id\":\"https:\/\/rxcompetition.com\/product\/rack-1100-square-bar\/\",\"url\":\"https:\/\/rxcompetition.com\/product\/rack-1100-square-bar\/\",\"name\":\"ELITE RACK SQUARE BAR 1100 - RX Competition\",\"isPartOf\":{\"@id\":\"https:\/\/rxcompetition.com\/#website\"},\"primaryImageOfPage\":{\"@id\":\"https:\/\/rxcompetition.com\/product\/rack-1100-square-bar\/#primaryimage\"},\"image\":{\"@id\":\"https:\/\/rxcompetition.com\/product\/rack-1100-square-bar\/#primaryimage\"},\"thumbnailUrl\":\"https:\/\/rxcompetition.com\/wp-content\/uploads\/2023\/01\/POI_058-scaled.jpg\",\"datePublished\":\"2023-01-23T21:59:11+00:00\",\"dateModified\":\"2024-04-07T15:47:03+00:00\",\"breadcrumb\":{\"@id\":\"https:\/\/rxcompetition.com\/product\/rack-1100-square-bar\/#breadcrumb\"},\"inLanguage\":\"en-US\",\"potentialAction\":[{\"@type\":\"ReadAction\",\"target\":[\"https:\/\/rxcompetition.com\/product\/rack-1100-square-bar\/\"]}]},{\"@type\":\"ImageObject\",\"inLanguage\":\"en-US\",\"@id\":\"https:\/\/rxcompetition.com\/product\/rack-1100-square-bar\/#primaryimage\",\"url\":\"https:\/\/rxcompetition.com\/wp-content\/uploads\/2023\/01\/POI_058-scaled.jpg\",\"contentUrl\":\"https:\/\/rxcompetition.com\/wp-content\/uploads\/2023\/01\/POI_058-scaled.jpg\",\"width\":2560,\"height\":1707},{\"@type\":\"BreadcrumbList\",\"@id\":\"https:\/\/rxcompetition.com\/product\/rack-1100-square-bar\/#breadcrumb\",\"itemListElement\":[{\"@type\":\"ListItem\",\"position\":1,\"name\":\"Inicio\",\"item\":\"https:\/\/rxcompetition.com\/\"},{\"@type\":\"ListItem\",\"position\":2,\"name\":\"Tienda\",\"item\":\"https:\/\/rxcompetition.com\/tienda\/\"},{\"@type\":\"ListItem\",\"position\":3,\"name\":\"ELITE RACK SQUARE BAR 1100\"}]},{\"@type\":\"WebSite\",\"@id\":\"https:\/\/rxcompetition.com\/#website\",\"url\":\"https:\/\/rxcompetition.com\/\",\"name\":\"RX Competition\",\"description\":\"\",\"publisher\":{\"@id\":\"https:\/\/rxcompetition.com\/#organization\"},\"potentialAction\":[{\"@type\":\"SearchAction\",\"target\":{\"@type\":\"EntryPoint\",\"urlTemplate\":\"https:\/\/rxcompetition.com\/?s={search_term_string}\"},\"query-input\":\"required name=search_term_string\"}],\"inLanguage\":\"en-US\"},{\"@type\":\"Organization\",\"@id\":\"https:\/\/rxcompetition.com\/#organization\",\"name\":\"RX Competition\",\"url\":\"https:\/\/rxcompetition.com\/\",\"logo\":{\"@type\":\"ImageObject\",\"inLanguage\":\"en-US\",\"@id\":\"https:\/\/rxcompetition.com\/#\/schema\/logo\/image\/\",\"url\":\"https:\/\/rxcompetition.com\/wp-content\/uploads\/2023\/04\/LOGO-RX-PROGRAMA.png\",\"contentUrl\":\"https:\/\/rxcompetition.com\/wp-content\/uploads\/2023\/04\/LOGO-RX-PROGRAMA.png\",\"width\":1416,\"height\":672,\"caption\":\"RX Competition\"},\"image\":{\"@id\":\"https:\/\/rxcompetition.com\/#\/schema\/logo\/image\/\"}}]}<\/script>\n<!-- \/ Yoast SEO plugin. -->","yoast_head_json":{"title":"ELITE RACK SQUARE BAR 1100 - RX Competition","robots":{"index":"index","follow":"follow","max-snippet":"max-snippet:-1","max-image-preview":"max-image-preview:large","max-video-preview":"max-video-preview:-1"},"canonical":"https:\/\/rxcompetition.com\/en\/product\/rack-1100-square-bar\/","og_locale":"en_US","og_type":"article","og_title":"ELITE RACK SQUARE BAR 1100 - RX Competition","og_description":"ESPECIFICACIONES  &nbsp;  Marca: RX Competition  Fabricado en Espa\u00f1a  Uso: Estructural para Power Rack  Material: Acero recubierto de pintura en polvo color negro  Tubo estructural cuadrado: 80 x 80 mm  Espesor del tubo: 4 mm  Base del anclaje: 80 x 222 mm  Espesor de la base de anclaje: 10 mm  Longitud total: 1.100 mm  Ancho total: 80 mm  Altura total: 222 mm  Peso: 11,8 kg  Carga m\u00e1xima recomendada: 500 kg  Garant\u00eda sobre el material: 2 a\u00f1os  Garant\u00eda sobre el recubrimiento: 2 a\u00f1os  &nbsp;  *IMAGENES REALES","og_url":"https:\/\/rxcompetition.com\/en\/product\/rack-1100-square-bar\/","og_site_name":"RX Competition","article_modified_time":"2024-04-07T15:47:03+00:00","og_image":[{"width":2560,"height":1707,"url":"https:\/\/rxcompetition.com\/wp-content\/uploads\/2023\/01\/POI_058-scaled.jpg","type":"image\/jpeg"}],"twitter_card":"summary_large_image","twitter_misc":{"Est. reading time":"1 minute"},"schema":{"@context":"https:\/\/schema.org","@graph":[{"@type":"WebPage","@id":"https:\/\/rxcompetition.com\/product\/rack-1100-square-bar\/","url":"https:\/\/rxcompetition.com\/product\/rack-1100-square-bar\/","name":"ELITE RACK SQUARE BAR 1100 - RX Competition","isPartOf":{"@id":"https:\/\/rxcompetition.com\/#website"},"primaryImageOfPage":{"@id":"https:\/\/rxcompetition.com\/product\/rack-1100-square-bar\/#primaryimage"},"image":{"@id":"https:\/\/rxcompetition.com\/product\/rack-1100-square-bar\/#primaryimage"},"thumbnailUrl":"https:\/\/rxcompetition.com\/wp-content\/uploads\/2023\/01\/POI_058-scaled.jpg","datePublished":"2023-01-23T21:59:11+00:00","dateModified":"2024-04-07T15:47:03+00:00","breadcrumb":{"@id":"https:\/\/rxcompetition.com\/product\/rack-1100-square-bar\/#breadcrumb"},"inLanguage":"en-US","potentialAction":[{"@type":"ReadAction","target":["https:\/\/rxcompetition.com\/product\/rack-1100-square-bar\/"]}]},{"@type":"ImageObject","inLanguage":"en-US","@id":"https:\/\/rxcompetition.com\/product\/rack-1100-square-bar\/#primaryimage","url":"https:\/\/rxcompetition.com\/wp-content\/uploads\/2023\/01\/POI_058-scaled.jpg","contentUrl":"https:\/\/rxcompetition.com\/wp-content\/uploads\/2023\/01\/POI_058-scaled.jpg","width":2560,"height":1707},{"@type":"BreadcrumbList","@id":"https:\/\/rxcompetition.com\/product\/rack-1100-square-bar\/#breadcrumb","itemListElement":[{"@type":"ListItem","position":1,"name":"Inicio","item":"https:\/\/rxcompetition.com\/"},{"@type":"ListItem","position":2,"name":"Tienda","item":"https:\/\/rxcompetition.com\/tienda\/"},{"@type":"ListItem","position":3,"name":"ELITE RACK SQUARE BAR 1100"}]},{"@type":"WebSite","@id":"https:\/\/rxcompetition.com\/#website","url":"https:\/\/rxcompetition.com\/","name":"RX Competition","description":"","publisher":{"@id":"https:\/\/rxcompetition.com\/#organization"},"potentialAction":[{"@type":"SearchAction","target":{"@type":"EntryPoint","urlTemplate":"https:\/\/rxcompetition.com\/?s={search_term_string}"},"query-input":"required name=search_term_string"}],"inLanguage":"en-US"},{"@type":"Organization","@id":"https:\/\/rxcompetition.com\/#organization","name":"RX Competition","url":"https:\/\/rxcompetition.com\/","logo":{"@type":"ImageObject","inLanguage":"en-US","@id":"https:\/\/rxcompetition.com\/#\/schema\/logo\/image\/","url":"https:\/\/rxcompetition.com\/wp-content\/uploads\/2023\/04\/LOGO-RX-PROGRAMA.png","contentUrl":"https:\/\/rxcompetition.com\/wp-content\/uploads\/2023\/04\/LOGO-RX-PROGRAMA.png","width":1416,"height":672,"caption":"RX Competition"},"image":{"@id":"https:\/\/rxcompetition.com\/#\/schema\/logo\/image\/"}}]}},"jetpack_sharing_enabled":true,"_links":{"self":[{"href":"https:\/\/rxcompetition.com\/en\/wp-json\/wp\/v2\/product\/34499","targetHints":{"allow":["GET"]}}],"collection":[{"href":"https:\/\/rxcompetition.com\/en\/wp-json\/wp\/v2\/product"}],"about":[{"href":"https:\/\/rxcompetition.com\/en\/wp-json\/wp\/v2\/types\/product"}],"replies":[{"embeddable":true,"href":"https:\/\/rxcompetition.com\/en\/wp-json\/wp\/v2\/comments?post=34499"}],"wp:featuredmedia":[{"embeddable":true,"href":"https:\/\/rxcompetition.com\/en\/wp-json\/wp\/v2\/media\/37375"}],"wp:attachment":[{"href":"https:\/\/rxcompetition.com\/en\/wp-json\/wp\/v2\/media?parent=34499"}],"wp:term":[{"taxonomy":"product_cat","embeddable":true,"href":"https:\/\/rxcompetition.com\/en\/wp-json\/wp\/v2\/product_cat?post=34499"},{"taxonomy":"product_tag","embeddable":true,"href":"https:\/\/rxcompetition.com\/en\/wp-json\/wp\/v2\/product_tag?post=34499"}],"curies":[{"name":"wp","href":"https:\/\/api.w.org\/{rel}","templated":true}]}}