{"id":34495,"date":"2023-01-23T21:52:59","date_gmt":"2023-01-23T21:52:59","guid":{"rendered":"https:\/\/rxcompetition.com\/?post_type=product&#038;p=34495"},"modified":"2024-04-07T16:01:39","modified_gmt":"2024-04-07T16:01:39","slug":"rack-900-square-bar","status":"publish","type":"product","link":"https:\/\/rxcompetition.com\/en\/product\/rack-900-square-bar\/","title":{"rendered":"ELITE RACK SQUARE BAR 900"},"content":{"rendered":"<p class=\" translation-block\">Our RX Rack 900 Square bar is our perforated 900 mm length square profile, specifically designed for Elite Power Rack assembling.<\/p>\n<p>&nbsp;<\/p>\n<p class=\" translation-block\">This crossbar or Crossmember is composed of 80 x 80 x 4 mm square steel profile, with 10 mm thickness assembling base thickness, thickness specifications that can only be found in RX Competition.<\/p>\n<p>&nbsp;<\/p>\n<p class=\" translation-block\">It is a very versatile and functional Crossmember that allows for endless possibilities due to its perforated profile with \u00d820 mm holes. This Crossmember type serves as both a column mounting post and an ideal accessory for adding various attachments to expand the functionality of the Power Rack, such as Pull Up bars for chin-ups or muscle-ups, and Round bars from end to end to create a Monkey Rack.<\/p>\n<p>&nbsp;<\/p>\n<p>This crossmember is manufactured and machined in Spain under the strictest quality controls, ensuring high-quality finishes in terms of laser cutting precision and, above all, the welding quality.<\/p>\n<p>&nbsp;<\/p>\n<p><strong>THE PRICE IS PER UNIT<\/strong><\/p>","protected":false},"excerpt":{"rendered":"<p><strong>SPECIFICATIONS<\/strong><\/p>\n<p>&nbsp;<\/p>\n<p class=\" translation-block\">Brand: RX Competition<\/p>\n<p>Manufactured in Spain<\/p>\n<p class=\" translation-block\">Usage: Structural for Power Rack structures<\/p>\n<p>Material: Powder coated black steel<\/p>\n<p>Square structural tube: 80 x 80 mm<\/p>\n<p>Tube thickness: 4 mm<\/p>\n<p>Assembling base: 80 x 222 mm<\/p>\n<p>Assembling base thickness: 10 mm<\/p>\n<p>Total length: 900 mm<\/p>\n<p>Total width: 80 mm<\/p>\n<p>Total height: 222 mm<\/p>\n<p>Weight: 10,2 kg<\/p>\n<p>Recommended maximum load: 500 kg<\/p>\n<p>Material warranty: 2 years<\/p>\n<p>Coating warranty: 2 years<\/p>\n<p>&nbsp;<\/p>\n<p><strong>*REAL PICTURES<\/strong><\/p>","protected":false},"featured_media":37468,"comment_status":"closed","ping_status":"closed","template":"","meta":{"inline_featured_image":false},"product_cat":[146,158,153,160],"product_tag":[],"class_list":{"0":"post-34495","1":"product","2":"type-product","3":"status-publish","4":"has-post-thumbnail","6":"product_cat-rigs-racks","7":"product_cat-rigs-racks-elite","8":"product_cat-elite-power-racks","9":"product_cat-crossmembers-power-racks","12":"first","13":"instock","14":"taxable","15":"shipping-taxable","16":"purchasable","17":"product-type-simple"},"yoast_head":"<!-- This site is optimized with the Yoast SEO plugin v23.2 - https:\/\/yoast.com\/wordpress\/plugins\/seo\/ -->\n<title>ELITE RACK SQUARE BAR 900 - RX Competition<\/title>\n<meta name=\"robots\" content=\"index, follow, max-snippet:-1, max-image-preview:large, max-video-preview:-1\" \/>\n<link rel=\"canonical\" href=\"https:\/\/rxcompetition.com\/en\/product\/rack-900-square-bar\/\" \/>\n<meta property=\"og:locale\" content=\"en_US\" \/>\n<meta property=\"og:type\" content=\"article\" \/>\n<meta property=\"og:title\" content=\"ELITE RACK SQUARE BAR 900 - RX Competition\" \/>\n<meta property=\"og:description\" content=\"ESPECIFICACIONES  &nbsp;  Marca: RX Competition  Fabricado en Espa\u00f1a  Uso: Estructural para Power Rack  Material: Acero recubierto de pintura en polvo color negro  Tubo estructural cuadrado: 80 x 80 mm  Espesor del tubo: 4 mm  Base del anclaje: 80 x 222 mm  Espesor de la base de anclaje: 10 mm  Longitud total: 900 mm  Ancho total: 80 mm  Altura total: 222 mm  Peso: 10,2 kg  Carga m\u00e1xima recomendada: 500 kg  Garant\u00eda sobre el material: 2 a\u00f1os  Garant\u00eda sobre el recubrimiento: 2 a\u00f1os  &nbsp;  *IMAGENES REALES\" \/>\n<meta property=\"og:url\" content=\"https:\/\/rxcompetition.com\/en\/product\/rack-900-square-bar\/\" \/>\n<meta property=\"og:site_name\" content=\"RX Competition\" \/>\n<meta property=\"article:modified_time\" content=\"2024-04-07T16:01:39+00:00\" \/>\n<meta property=\"og:image\" content=\"https:\/\/rxcompetition.com\/wp-content\/uploads\/2023\/01\/squarebar900-scaled.jpg\" \/>\n\t<meta property=\"og:image:width\" content=\"2560\" \/>\n\t<meta property=\"og:image:height\" content=\"1707\" \/>\n\t<meta property=\"og:image:type\" content=\"image\/jpeg\" \/>\n<meta name=\"twitter:card\" content=\"summary_large_image\" \/>\n<meta name=\"twitter:label1\" content=\"Est. reading time\" \/>\n\t<meta name=\"twitter:data1\" content=\"1 minute\" \/>\n<script type=\"application\/ld+json\" class=\"yoast-schema-graph\">{\"@context\":\"https:\/\/schema.org\",\"@graph\":[{\"@type\":\"WebPage\",\"@id\":\"https:\/\/rxcompetition.com\/product\/rack-900-square-bar\/\",\"url\":\"https:\/\/rxcompetition.com\/product\/rack-900-square-bar\/\",\"name\":\"ELITE RACK SQUARE BAR 900 - RX Competition\",\"isPartOf\":{\"@id\":\"https:\/\/rxcompetition.com\/#website\"},\"primaryImageOfPage\":{\"@id\":\"https:\/\/rxcompetition.com\/product\/rack-900-square-bar\/#primaryimage\"},\"image\":{\"@id\":\"https:\/\/rxcompetition.com\/product\/rack-900-square-bar\/#primaryimage\"},\"thumbnailUrl\":\"https:\/\/rxcompetition.com\/wp-content\/uploads\/2023\/01\/squarebar900-scaled.jpg\",\"datePublished\":\"2023-01-23T21:52:59+00:00\",\"dateModified\":\"2024-04-07T16:01:39+00:00\",\"breadcrumb\":{\"@id\":\"https:\/\/rxcompetition.com\/product\/rack-900-square-bar\/#breadcrumb\"},\"inLanguage\":\"en-US\",\"potentialAction\":[{\"@type\":\"ReadAction\",\"target\":[\"https:\/\/rxcompetition.com\/product\/rack-900-square-bar\/\"]}]},{\"@type\":\"ImageObject\",\"inLanguage\":\"en-US\",\"@id\":\"https:\/\/rxcompetition.com\/product\/rack-900-square-bar\/#primaryimage\",\"url\":\"https:\/\/rxcompetition.com\/wp-content\/uploads\/2023\/01\/squarebar900-scaled.jpg\",\"contentUrl\":\"https:\/\/rxcompetition.com\/wp-content\/uploads\/2023\/01\/squarebar900-scaled.jpg\",\"width\":2560,\"height\":1707},{\"@type\":\"BreadcrumbList\",\"@id\":\"https:\/\/rxcompetition.com\/product\/rack-900-square-bar\/#breadcrumb\",\"itemListElement\":[{\"@type\":\"ListItem\",\"position\":1,\"name\":\"Inicio\",\"item\":\"https:\/\/rxcompetition.com\/\"},{\"@type\":\"ListItem\",\"position\":2,\"name\":\"Tienda\",\"item\":\"https:\/\/rxcompetition.com\/tienda\/\"},{\"@type\":\"ListItem\",\"position\":3,\"name\":\"ELITE RACK SQUARE BAR 900\"}]},{\"@type\":\"WebSite\",\"@id\":\"https:\/\/rxcompetition.com\/#website\",\"url\":\"https:\/\/rxcompetition.com\/\",\"name\":\"RX Competition\",\"description\":\"\",\"publisher\":{\"@id\":\"https:\/\/rxcompetition.com\/#organization\"},\"potentialAction\":[{\"@type\":\"SearchAction\",\"target\":{\"@type\":\"EntryPoint\",\"urlTemplate\":\"https:\/\/rxcompetition.com\/?s={search_term_string}\"},\"query-input\":\"required name=search_term_string\"}],\"inLanguage\":\"en-US\"},{\"@type\":\"Organization\",\"@id\":\"https:\/\/rxcompetition.com\/#organization\",\"name\":\"RX Competition\",\"url\":\"https:\/\/rxcompetition.com\/\",\"logo\":{\"@type\":\"ImageObject\",\"inLanguage\":\"en-US\",\"@id\":\"https:\/\/rxcompetition.com\/#\/schema\/logo\/image\/\",\"url\":\"https:\/\/rxcompetition.com\/wp-content\/uploads\/2023\/04\/LOGO-RX-PROGRAMA.png\",\"contentUrl\":\"https:\/\/rxcompetition.com\/wp-content\/uploads\/2023\/04\/LOGO-RX-PROGRAMA.png\",\"width\":1416,\"height\":672,\"caption\":\"RX Competition\"},\"image\":{\"@id\":\"https:\/\/rxcompetition.com\/#\/schema\/logo\/image\/\"}}]}<\/script>\n<!-- \/ Yoast SEO plugin. -->","yoast_head_json":{"title":"ELITE RACK SQUARE BAR 900 - RX Competition","robots":{"index":"index","follow":"follow","max-snippet":"max-snippet:-1","max-image-preview":"max-image-preview:large","max-video-preview":"max-video-preview:-1"},"canonical":"https:\/\/rxcompetition.com\/en\/product\/rack-900-square-bar\/","og_locale":"en_US","og_type":"article","og_title":"ELITE RACK SQUARE BAR 900 - RX Competition","og_description":"ESPECIFICACIONES  &nbsp;  Marca: RX Competition  Fabricado en Espa\u00f1a  Uso: Estructural para Power Rack  Material: Acero recubierto de pintura en polvo color negro  Tubo estructural cuadrado: 80 x 80 mm  Espesor del tubo: 4 mm  Base del anclaje: 80 x 222 mm  Espesor de la base de anclaje: 10 mm  Longitud total: 900 mm  Ancho total: 80 mm  Altura total: 222 mm  Peso: 10,2 kg  Carga m\u00e1xima recomendada: 500 kg  Garant\u00eda sobre el material: 2 a\u00f1os  Garant\u00eda sobre el recubrimiento: 2 a\u00f1os  &nbsp;  *IMAGENES REALES","og_url":"https:\/\/rxcompetition.com\/en\/product\/rack-900-square-bar\/","og_site_name":"RX Competition","article_modified_time":"2024-04-07T16:01:39+00:00","og_image":[{"width":2560,"height":1707,"url":"https:\/\/rxcompetition.com\/wp-content\/uploads\/2023\/01\/squarebar900-scaled.jpg","type":"image\/jpeg"}],"twitter_card":"summary_large_image","twitter_misc":{"Est. reading time":"1 minute"},"schema":{"@context":"https:\/\/schema.org","@graph":[{"@type":"WebPage","@id":"https:\/\/rxcompetition.com\/product\/rack-900-square-bar\/","url":"https:\/\/rxcompetition.com\/product\/rack-900-square-bar\/","name":"ELITE RACK SQUARE BAR 900 - RX Competition","isPartOf":{"@id":"https:\/\/rxcompetition.com\/#website"},"primaryImageOfPage":{"@id":"https:\/\/rxcompetition.com\/product\/rack-900-square-bar\/#primaryimage"},"image":{"@id":"https:\/\/rxcompetition.com\/product\/rack-900-square-bar\/#primaryimage"},"thumbnailUrl":"https:\/\/rxcompetition.com\/wp-content\/uploads\/2023\/01\/squarebar900-scaled.jpg","datePublished":"2023-01-23T21:52:59+00:00","dateModified":"2024-04-07T16:01:39+00:00","breadcrumb":{"@id":"https:\/\/rxcompetition.com\/product\/rack-900-square-bar\/#breadcrumb"},"inLanguage":"en-US","potentialAction":[{"@type":"ReadAction","target":["https:\/\/rxcompetition.com\/product\/rack-900-square-bar\/"]}]},{"@type":"ImageObject","inLanguage":"en-US","@id":"https:\/\/rxcompetition.com\/product\/rack-900-square-bar\/#primaryimage","url":"https:\/\/rxcompetition.com\/wp-content\/uploads\/2023\/01\/squarebar900-scaled.jpg","contentUrl":"https:\/\/rxcompetition.com\/wp-content\/uploads\/2023\/01\/squarebar900-scaled.jpg","width":2560,"height":1707},{"@type":"BreadcrumbList","@id":"https:\/\/rxcompetition.com\/product\/rack-900-square-bar\/#breadcrumb","itemListElement":[{"@type":"ListItem","position":1,"name":"Inicio","item":"https:\/\/rxcompetition.com\/"},{"@type":"ListItem","position":2,"name":"Tienda","item":"https:\/\/rxcompetition.com\/tienda\/"},{"@type":"ListItem","position":3,"name":"ELITE RACK SQUARE BAR 900"}]},{"@type":"WebSite","@id":"https:\/\/rxcompetition.com\/#website","url":"https:\/\/rxcompetition.com\/","name":"RX Competition","description":"","publisher":{"@id":"https:\/\/rxcompetition.com\/#organization"},"potentialAction":[{"@type":"SearchAction","target":{"@type":"EntryPoint","urlTemplate":"https:\/\/rxcompetition.com\/?s={search_term_string}"},"query-input":"required name=search_term_string"}],"inLanguage":"en-US"},{"@type":"Organization","@id":"https:\/\/rxcompetition.com\/#organization","name":"RX Competition","url":"https:\/\/rxcompetition.com\/","logo":{"@type":"ImageObject","inLanguage":"en-US","@id":"https:\/\/rxcompetition.com\/#\/schema\/logo\/image\/","url":"https:\/\/rxcompetition.com\/wp-content\/uploads\/2023\/04\/LOGO-RX-PROGRAMA.png","contentUrl":"https:\/\/rxcompetition.com\/wp-content\/uploads\/2023\/04\/LOGO-RX-PROGRAMA.png","width":1416,"height":672,"caption":"RX Competition"},"image":{"@id":"https:\/\/rxcompetition.com\/#\/schema\/logo\/image\/"}}]}},"jetpack_sharing_enabled":true,"_links":{"self":[{"href":"https:\/\/rxcompetition.com\/en\/wp-json\/wp\/v2\/product\/34495","targetHints":{"allow":["GET"]}}],"collection":[{"href":"https:\/\/rxcompetition.com\/en\/wp-json\/wp\/v2\/product"}],"about":[{"href":"https:\/\/rxcompetition.com\/en\/wp-json\/wp\/v2\/types\/product"}],"replies":[{"embeddable":true,"href":"https:\/\/rxcompetition.com\/en\/wp-json\/wp\/v2\/comments?post=34495"}],"wp:featuredmedia":[{"embeddable":true,"href":"https:\/\/rxcompetition.com\/en\/wp-json\/wp\/v2\/media\/37468"}],"wp:attachment":[{"href":"https:\/\/rxcompetition.com\/en\/wp-json\/wp\/v2\/media?parent=34495"}],"wp:term":[{"taxonomy":"product_cat","embeddable":true,"href":"https:\/\/rxcompetition.com\/en\/wp-json\/wp\/v2\/product_cat?post=34495"},{"taxonomy":"product_tag","embeddable":true,"href":"https:\/\/rxcompetition.com\/en\/wp-json\/wp\/v2\/product_tag?post=34495"}],"curies":[{"name":"wp","href":"https:\/\/api.w.org\/{rel}","templated":true}]}}