{"id":38410,"date":"2024-07-30T09:34:46","date_gmt":"2024-07-30T09:34:46","guid":{"rendered":"https:\/\/rxcompetition.com\/?page_id=38410"},"modified":"2024-07-30T16:58:59","modified_gmt":"2024-07-30T16:58:59","slug":"aviso-legal","status":"publish","type":"page","link":"https:\/\/rxcompetition.com\/en\/aviso-legal\/","title":{"rendered":"Legal notice"},"content":{"rendered":"<div data-elementor-type=\"wp-page\" data-elementor-id=\"38410\" class=\"elementor elementor-38410\" data-elementor-post-type=\"page\">\n\t\t\t\t\t\t<section class=\"elementor-section elementor-top-section elementor-element elementor-element-7877942 elementor-section-boxed elementor-section-height-default elementor-section-height-default\" data-id=\"7877942\" data-element_type=\"section\">\n\t\t\t\t\t\t<div class=\"elementor-container elementor-column-gap-default\">\n\t\t\t\t\t<div class=\"elementor-column elementor-col-100 elementor-top-column elementor-element elementor-element-4dfc6b7\" data-id=\"4dfc6b7\" data-element_type=\"column\">\n\t\t\t<div class=\"elementor-widget-wrap elementor-element-populated\">\n\t\t\t\t\t\t<div class=\"elementor-element elementor-element-6514435 elementor-widget elementor-widget-heading\" data-id=\"6514435\" data-element_type=\"widget\" data-widget_type=\"heading.default\">\n\t\t\t\t<div class=\"elementor-widget-container\">\n\t\t\t<h2 class=\"elementor-heading-title elementor-size-default\">AVISO LEGAL<\/h2>\t\t<\/div>\n\t\t\t\t<\/div>\n\t\t\t\t<div class=\"elementor-element elementor-element-1a69c64 elementor-widget__width-initial elementor-widget elementor-widget-text-editor\" data-id=\"1a69c64\" data-element_type=\"widget\" data-widget_type=\"text-editor.default\">\n\t\t\t\t<div class=\"elementor-widget-container\">\n\t\t\t\t\t\t\t<p><b>I. TITULARIDAD DEL SITIO WEB<\/b><\/p><p>El responsable del tratamiento de los datos personales recogidos en RX Competition es:\u00a0STN INMOBLING CIUDAD CONDAL S.L., provista de CIF: B67031971 e inscrito en:\u00a0Registro Mercantil de Barcelona, cuyo representante es: Enric Arbos Reyes (en adelante,\u00a0Responsable del tratamiento). Sus datos de contacto son los siguientes:\u00a0<br \/>\u25cf Direcci\u00f3n: Cam\u00ed de Pla de la Torreta 2, 08390, Sant Andreu de Llavaneres, Barcelona<br \/>\u25cf Tel\u00e9fono: 687627900<br \/>\u25cf Correo electr\u00f3nico: hello@rxcompetition.com<\/p><p><br \/><b>II. T\u00c9RMINOS Y CONDICIONES GENERALES DE USO<\/b><\/p><p><b><br \/>2.1. Objeto<\/b><br \/>El objeto de las presentes Condiciones Generales de Uso (en adelante, Condiciones) es regular el acceso y la utilizaci\u00f3n del Sitio Web. A los efectos de las presentes Condiciones se entender\u00e1 como Sitio Web: la apariencia externa de los interfaces de pantalla, tanto de forma est\u00e1tica como de forma din\u00e1mica, es decir, el \u00e1rbol de navegaci\u00f3n; y todos los elementos integrados tanto en los interfaces de pantalla como en el \u00e1rbol de navegaci\u00f3n (en\u00a0adelante, Contenidos) y todos aquellos servicios o recursos en l\u00ednea que en su caso ofrezca a los Usuarios (en adelante, Servicios).<br \/>El presente Aviso Legal recoge las condiciones generales que regulan el acceso, navegaci\u00f3n y uso del Sitio Web, as\u00ed como de los contenidos que lo integran, y sin perjuicio de que RX Competition pueda establecer condiciones particulares que regulen la utilizaci\u00f3n, prestaci\u00f3n y\/o contrataci\u00f3n de los productos o servicios que, en su caso, puedan ser ofrecidos a trav\u00e9s del Sitio Web.<\/p><p><br \/>En caso de ser ofrecidos, a trav\u00e9s del Sitio Web, la utilizaci\u00f3n, prestaci\u00f3n y\/o contrataci\u00f3n de productos o servicios, el hecho de ser utilizados y\/o solicitados por el Usuario implicar\u00e1, asimismo, la aceptaci\u00f3n sin reservas de las condiciones particulares que, en su caso, hayan sido establecidas al efecto, y que formar\u00e1n parte integrante del presente Aviso Legal. RX Competition se reserva la facultad de ofrecer determinados productos o servicios exclusivamente a los Usuarios registrados a trav\u00e9s del Sitio Web y que acepten expresamente las condiciones particulares que sean de aplicaci\u00f3n. RX Competition se reserva la facultad de dar por terminado, modificar, suspender o interrumpir, temporalmente o de forma indefinida, en cualquier momento y sin necesidad de preaviso, el acceso a los productos, servicios y\/o contenidos del Sitio Web, as\u00ed como la configuraci\u00f3n misma del Sitio Web, prestaciones, productos, servicios y contenidos, sin posibilidad por parte del Usuario de reclamar ni exigir indemnizaci\u00f3n alguna; en particular, con motivo de operaciones de\u00a0mantenimiento, reparaci\u00f3n, actualizaci\u00f3n, mejora y\/o adecuaci\u00f3n a cambios t\u00e9cnicos, operativos, de negocio y\/o legales. Tras dicha terminaci\u00f3n, seguir\u00e1n vigentes las prohibiciones, restricciones y limitaciones contenidas en el presente Aviso Legal y\/o en cualesquiera condiciones particulares que sean de aplicaci\u00f3n.<\/p><p><br \/><b>2.2. Acceso y uso del sitio web<\/b><br \/>El acceso al Sitio Web por parte de los Usuarios tiene car\u00e1cter libre y gratuito. No obstante, la utilizaci\u00f3n, prestaci\u00f3n y\/o contrataci\u00f3n de los productos o servicios que, en su caso, puedan ser ofrecidos por RX Competition puede estar sujeta a la previa aceptaci\u00f3n de requisitos formales tales como la cumplimentaci\u00f3n del correspondiente formulario, abono de gastos o tasas y\/o la previa aceptaci\u00f3n de las condiciones particulares que resulten de aplicaci\u00f3n a los mismos.<\/p><p><br \/>El mero acceso al Sitio Web no implica, en s\u00ed mismo, el establecimiento de ning\u00fan tipo de v\u00ednculo o relaci\u00f3n comercial entre RX Competition y el Usuario, salvo cuando se hayan establecido los medios oportunos para ello y el Usuario haya dado cumplimiento previo a los requisitos que, en su caso, sean establecidos.<\/p><p><br \/>La inclusi\u00f3n en el Sitio Web de informaci\u00f3n relativa a productos o servicios ofrecidos por RX Competition tiene exclusivamente fines informativos y publicitarios, salvo que sea establecida expresamente otra finalidad.\u00a0<\/p><p>\u00a0<\/p><p>Para la utilizaci\u00f3n, prestaci\u00f3n y\/o contrataci\u00f3n de alg\u00fan producto o servicio ofrecido a trav\u00e9s del Sitio Web, el Usuario que proceda a registrarse, ser\u00e1 responsable de aportar informaci\u00f3n veraz y l\u00edcita, garantizando la autenticidad de todos aquellos datos que introduzca a la hora de cumplimentar los formularios preestablecidos para acceder a los productos o servicios de que se trate. Si como consecuencia del registro, el Usuario debiera disponer de una contrase\u00f1a, \u00e9ste se compromete a hacer un uso diligente y a mantener en secreto la misma.<\/p><p><br \/>En consecuencia, los Usuarios son responsables de la adecuada custodia y confidencialidad de cualesquiera identificadores y\/o contrase\u00f1as utilizados, y se<br \/>comprometen a no ceder su uso a terceros, ya sea temporal o permanente, ni a permitir su acceso a personas ajenas. Ser\u00e1 responsabilidad exclusiva del Usuario la utilizaci\u00f3n y\/o contrataci\u00f3n de los productos o servicios por cualquier tercero ileg\u00edtimo que emplee a tal efecto una contrase\u00f1a a causa de una actuaci\u00f3n no diligente o de la p\u00e9rdida de la misma por el Usuario.<\/p><p><br \/>En virtud de lo anterior, es obligaci\u00f3n del Usuario notificar de forma inmediata a RX Competition, cualquier hecho que permita el uso indebido de los identificadores y\/o contrase\u00f1as, tales como el robo, extrav\u00edo, o el acceso no autorizado a los mismos, con el fin de proceder a su inmediata cancelaci\u00f3n. Sin perjuicio de cualquier otra disposici\u00f3n aqu\u00ed contenida, mientras no se comuniquen tales hechos, RX Competition quedar\u00e1 eximida de cualquier responsabilidad que pudiera derivarse del uso indebido de los identificadores o contrase\u00f1as por terceros no autorizados.\u00a0<\/p><p>\u00a0<\/p><p>El acceso, la navegaci\u00f3n y uso del Sitio Web, as\u00ed como por los espacios habilitados para interactuar entre Usuarios o entre Usuario y RX Competition, como los comentarios y\/o espacios de blogging, confiere la condici\u00f3n de Usuario, por lo que se aceptan, desde que se inicia la navegaci\u00f3n por el Sitio Web, todas las Condiciones aqu\u00ed establecidas, as\u00ed como sus ulteriores modificaciones, sin perjuicio de la aplicaci\u00f3n de la correspondiente normativa legal de obligado cumplimiento seg\u00fan el caso. En cualquier caso, RX Competition no ser\u00e1 responsable de las opiniones vertidas por los Usuarios a trav\u00e9s de comentarios u otras herramientas de blogging o de participaci\u00f3n que pueda haber.<\/p><p><br \/>El Usuario declara ser mayor de edad y disponer de la capacidad jur\u00eddica suficiente para vincularse por las presentes Condiciones. Por lo tanto, este Sitio Web de RX Competition, no se dirige a menores de edad. RX Competition, declina cualquier responsabilidad por el incumplimiento de este requisito.<\/p><p><br \/><b>2.3. Limitaci\u00f3n de responsabilidad<\/b><br \/>El Sitio Web y cualquier contenido, producto y\/o servicio ofrecido dentro del mismo son ofrecidos \u201ctal cual\u201d. El acceso, navegaci\u00f3n y uso del Sitio Web y, en su caso, el uso o contrataci\u00f3n de los servicios o productos que sean ofrecidos a trav\u00e9s del mismo tiene lugar bajo la \u00fanica y exclusiva responsabilidad del Usuario, por lo que \u00e9ste se compromete a observar diligente y fielmente cualquier instrucci\u00f3n adicional, impartida por RX Competition, relativa al uso del Sitio Web y sus contenidos. En este sentido, RX Competition no se hace responsable y, en la m\u00e1xima medida permitida por la legislaci\u00f3n aplicable, excluye cualesquiera garant\u00edas, expresas o impl\u00edcitas, relativas a la mercantilidad, idoneidad para un fin concreto, cumplimiento, exactitud, fiabilidad, integridad o actualidad de los contenidos, servicios, productos, enlaces u otros elementos incluidos en el Sitio Web, o los resultados obtenidos de acceder y usar el Sitio Web y\/o el contenido del mismo.<\/p><p><br \/><b>En particular, RX Competition no garantiza ni se hace responsable de:<\/b><br \/>a) La falta de disponibilidad continua e ininterrumpida del Sitio Web y\/o de accesibilidad al Sitio Web o continuidad t\u00e9cnica del mismo;<br \/>b) La existencia de interrupciones o errores en el acceso al Sitio Web, as\u00ed como problemas t\u00e9cnicos o fallos que se produzcan durante la conexi\u00f3n a Internet;<br \/>c) La ausencia de errores en dichos contenidos o productos; La ausencia de virus y dem\u00e1s componentes da\u00f1inos en el Sitio Web o en el servidor que lo suministra;<br \/>d) La invulnerabilidad del Sitio Web y\/o la inexpugnabilidad de las medidas de seguridad que se adopten en el mismo;<br \/>e) Las incidencias en la red Internet o cualquier otra incidencia debida a causas de fuerza mayor y\/o que est\u00e9n fuera de su alcance y\/o control.<\/p><p>f) Los da\u00f1os o perjuicios que cause, a s\u00ed mismo o a un tercero, cualquier persona que\u00a0infringiera las condiciones, normas e instrucciones que RX Competition establece en el Sitio Web o a trav\u00e9s de la vulneraci\u00f3n de los sistemas de seguridad del mismo; La p\u00e9rdida de beneficios, ingresos, datos, interrupci\u00f3n de negocio, da\u00f1os indirectos, especiales, derivados, ejemplares o punitivos.<\/p><p><b><br \/>2.4. Pol\u00edticas de enlaces<\/b><br \/>Se informa que el Sitio Web de RX Competition pone o puede poner a disposici\u00f3n de los Usuarios medios de enlace (como, entre otros, links, banners, botones), directorios y motores de b\u00fasqueda que permiten a los Usuarios acceder a sitios web pertenecientes y\/o gestionados por terceros. La instalaci\u00f3n de estos enlaces, directorios y motores de b\u00fasqueda en el Sitio Web tiene por objeto facilitar a los Usuarios la b\u00fasqueda y acceso a la informaci\u00f3n disponible en Internet, sin que pueda considerarse una sugerencia, recomendaci\u00f3n o invitaci\u00f3n para la visita de los mismos.<\/p><p><br \/>RX Competition no ofrece ni comercializa por s\u00ed ni por medio de terceros los productos y\/o servicios disponibles en dichos sitios enlazados.<br \/>Asimismo, tampoco garantizar\u00e1 la disponibilidad t\u00e9cnica, exactitud, veracidad, validez o legalidad de sitios ajenos a su propiedad a los que se pueda acceder por medio de los enlaces.<\/p><p><br \/>RX Competition en ning\u00fan caso revisar\u00e1 o controlar\u00e1 el contenido de otros sitios web, as\u00ed como tampoco aprueba, examina ni hace propios los productos y servicios, contenidos, archivos y cualquier otro material existente en los referidos sitios enlazados. RX Competition no asume ninguna responsabilidad por los da\u00f1os y perjuicios que pudieran producirse por el acceso, uso, calidad o licitud de los contenidos, comunicaciones, opiniones, productos y servicios de los sitios web no gestionados por RX Competition y que sean enlazados en este Sitio Web.<\/p><p><br \/>El Usuario o tercero que realice un hiperv\u00ednculo desde una p\u00e1gina web de otro, distinto, sitio web al Sitio Web de RX Competition deber\u00e1 saber que:<br \/>a) No se permite la reproducci\u00f3n \u2014total o parcialmente\u2014 de ninguno de los Contenidos y\/o Servicios del Sitio Web sin autorizaci\u00f3n expresa de RX Competition.<br \/>b) No se permite tampoco ninguna manifestaci\u00f3n falsa, inexacta o incorrecta sobre el\u00a0Sitio Web de RX Competition, ni sobre los Contenidos y\/o Servicios del mismo.<br \/>c) A excepci\u00f3n del hiperv\u00ednculo, el sitio web en el que se establezca dicho hiperenlace no contendr\u00e1 ning\u00fan elemento, de este Sitio Web, protegido como propiedad intelectual por el ordenamiento jur\u00eddico espa\u00f1ol, salvo autorizaci\u00f3n expresa de RX Competition.<\/p><p>d) El establecimiento del hiperv\u00ednculo no implicar\u00e1 la existencia de relaciones entre RX Competition y el titular del sitio web desde el cual se realice, ni el conocimiento y aceptaci\u00f3n de RX Competition de los contenidos, servicios y\/o actividades ofrecidas en dicho sitio web, y viceversa.<br \/>III. Propiedad intelectual e industrial RX Competition por s\u00ed o como parte cesionaria, es titular de todos los derechos de<br \/>propiedad intelectual e industrial del Sitio Web, as\u00ed como de los elementos contenidos en el mismo (a t\u00edtulo enunciativo y no exhaustivo, im\u00e1genes, sonido, audio, v\u00eddeo, software o textos, marcas o logotipos, combinaciones de colores, estructura y dise\u00f1o, selecci\u00f3n de materiales usados, programas de ordenador necesarios para su funcionamiento, acceso y uso, etc.). Ser\u00e1n, por consiguiente, obras protegidas como propiedad intelectual por el ordenamiento jur\u00eddico espa\u00f1ol, si\u00e9ndoles aplicables tanto la normativa espa\u00f1ola y comunitaria en este campo, como los tratados internacionales relativos a la materia y suscritos por Espa\u00f1a.<\/p><p>\u00a0<\/p><p>Todos los derechos reservados. En virtud de lo dispuesto en la Ley de Propiedad Intelectual, quedan expresamente prohibidas la reproducci\u00f3n, la distribuci\u00f3n y la comunicaci\u00f3n p\u00fablica, incluida su modalidad de puesta a disposici\u00f3n, de la totalidad o parte de los contenidos de esta p\u00e1gina web, con fines comerciales, en cualquier soporte y por cualquier medio t\u00e9cnico, sin la autorizaci\u00f3n de RX Competition. El Usuario se compromete a respetar los derechos de propiedad intelectual e industrial de RX Competition. Podr\u00e1 visualizar los elementos del Sitio Web o incluso imprimirlos, copiarlos y almacenarlos en el disco duro de su ordenador o en cualquier otro soporte f\u00edsico siempre y cuando sea, exclusivamente, para su uso personal. El Usuario, sin embargo, no podr\u00e1 suprimir, alterar, o manipular cualquier dispositivo de protecci\u00f3n o sistema de seguridad que estuviera instalado en el Sitio Web.<br \/>En caso de que el Usuario o tercero considere que cualquiera de los Contenidos del Sitio\u00a0Web suponga una violaci\u00f3n de los derechos de protecci\u00f3n de la propiedad intelectual, deber\u00e1 comunicarlo inmediatamente a RX Competition, a trav\u00e9s de los datos de contacto del apartado de INFORMACI\u00d3N GENERAL de este Aviso Legal y Condiciones Generales de Uso.<\/p><p><br \/><b>VI. Acciones Legales, Legislaci\u00f3n Aplicable y Jurisdicci\u00f3n<\/b><\/p><p><br \/>RX Competition se reserva la facultad de presentar las acciones civiles o penales que considere necesarias por la utilizaci\u00f3n indebida del Sitio Web y Contenidos, o por el incumplimiento de las presentes Condiciones. La relaci\u00f3n entre el Usuario y RX Competition se regir\u00e1 por la normativa vigente y de<br \/>aplicaci\u00f3n en el territorio espa\u00f1ol. De surgir cualquier controversia en relaci\u00f3n con la interpretaci\u00f3n y\/o a la aplicaci\u00f3n de estas Condiciones las partes someter\u00e1n sus conflictos a la jurisdicci\u00f3n ordinaria someti\u00e9ndose a los jueces y tribunales que correspondan conforme a derecho.<\/p>\t\t\t\t\t\t<\/div>\n\t\t\t\t<\/div>\n\t\t\t\t\t<\/div>\n\t\t<\/div>\n\t\t\t\t\t<\/div>\n\t\t<\/section>\n\t\t\t\t<\/div>","protected":false},"excerpt":{"rendered":"<p>AVISO LEGAL I. TITULARIDAD DEL SITIO WEB El responsable del tratamiento de los datos personales recogidos en RX Competition es:\u00a0STN INMOBLING CIUDAD CONDAL S.L., provista de CIF: B67031971 e inscrito en:\u00a0Registro Mercantil de Barcelona, cuyo representante es: Enric Arbos Reyes (en adelante,\u00a0Responsable del tratamiento). Sus datos de contacto son los siguientes:\u00a0\u25cf Direcci\u00f3n: Cam\u00ed de Pla [&hellip;]<\/p>","protected":false},"author":579,"featured_media":0,"parent":0,"menu_order":0,"comment_status":"closed","ping_status":"closed","template":"","meta":{"inline_featured_image":false,"footnotes":""},"class_list":["post-38410","page","type-page","status-publish","hentry"],"yoast_head":"<!-- This site is optimized with the Yoast SEO plugin v23.2 - https:\/\/yoast.com\/wordpress\/plugins\/seo\/ -->\n<title>Aviso legal - RX Competition<\/title>\n<meta name=\"robots\" content=\"index, follow, max-snippet:-1, max-image-preview:large, max-video-preview:-1\" \/>\n<link rel=\"canonical\" href=\"https:\/\/rxcompetition.com\/en\/aviso-legal\/\" \/>\n<meta property=\"og:locale\" content=\"en_US\" \/>\n<meta property=\"og:type\" content=\"article\" \/>\n<meta property=\"og:title\" content=\"Aviso legal - RX Competition\" \/>\n<meta property=\"og:description\" content=\"AVISO LEGAL I. TITULARIDAD DEL SITIO WEB El responsable del tratamiento de los datos personales recogidos en RX Competition es:\u00a0STN INMOBLING CIUDAD CONDAL S.L., provista de CIF: B67031971 e inscrito en:\u00a0Registro Mercantil de Barcelona, cuyo representante es: Enric Arbos Reyes (en adelante,\u00a0Responsable del tratamiento). Sus datos de contacto son los siguientes:\u00a0\u25cf Direcci\u00f3n: Cam\u00ed de Pla [&hellip;]\" \/>\n<meta property=\"og:url\" content=\"https:\/\/rxcompetition.com\/en\/aviso-legal\/\" \/>\n<meta property=\"og:site_name\" content=\"RX Competition\" \/>\n<meta property=\"article:modified_time\" content=\"2024-07-30T16:58:59+00:00\" \/>\n<meta property=\"og:image\" content=\"https:\/\/rxcompetition.com\/wp-content\/uploads\/2022\/12\/Mesa-de-trabajo-7.png\" \/>\n\t<meta property=\"og:image:width\" content=\"538\" \/>\n\t<meta property=\"og:image:height\" content=\"159\" \/>\n\t<meta property=\"og:image:type\" content=\"image\/png\" \/>\n<meta name=\"twitter:card\" content=\"summary_large_image\" \/>\n<meta name=\"twitter:label1\" content=\"Est. reading time\" \/>\n\t<meta name=\"twitter:data1\" content=\"10 minutes\" \/>\n<script type=\"application\/ld+json\" class=\"yoast-schema-graph\">{\"@context\":\"https:\/\/schema.org\",\"@graph\":[{\"@type\":\"WebPage\",\"@id\":\"https:\/\/rxcompetition.com\/aviso-legal\/\",\"url\":\"https:\/\/rxcompetition.com\/aviso-legal\/\",\"name\":\"Aviso legal - RX Competition\",\"isPartOf\":{\"@id\":\"https:\/\/rxcompetition.com\/#website\"},\"datePublished\":\"2024-07-30T09:34:46+00:00\",\"dateModified\":\"2024-07-30T16:58:59+00:00\",\"breadcrumb\":{\"@id\":\"https:\/\/rxcompetition.com\/aviso-legal\/#breadcrumb\"},\"inLanguage\":\"en-US\",\"potentialAction\":[{\"@type\":\"ReadAction\",\"target\":[\"https:\/\/rxcompetition.com\/aviso-legal\/\"]}]},{\"@type\":\"BreadcrumbList\",\"@id\":\"https:\/\/rxcompetition.com\/aviso-legal\/#breadcrumb\",\"itemListElement\":[{\"@type\":\"ListItem\",\"position\":1,\"name\":\"Inicio\",\"item\":\"https:\/\/rxcompetition.com\/\"},{\"@type\":\"ListItem\",\"position\":2,\"name\":\"Aviso legal\"}]},{\"@type\":\"WebSite\",\"@id\":\"https:\/\/rxcompetition.com\/#website\",\"url\":\"https:\/\/rxcompetition.com\/\",\"name\":\"RX Competition\",\"description\":\"\",\"publisher\":{\"@id\":\"https:\/\/rxcompetition.com\/#organization\"},\"potentialAction\":[{\"@type\":\"SearchAction\",\"target\":{\"@type\":\"EntryPoint\",\"urlTemplate\":\"https:\/\/rxcompetition.com\/?s={search_term_string}\"},\"query-input\":\"required name=search_term_string\"}],\"inLanguage\":\"en-US\"},{\"@type\":\"Organization\",\"@id\":\"https:\/\/rxcompetition.com\/#organization\",\"name\":\"RX Competition\",\"url\":\"https:\/\/rxcompetition.com\/\",\"logo\":{\"@type\":\"ImageObject\",\"inLanguage\":\"en-US\",\"@id\":\"https:\/\/rxcompetition.com\/#\/schema\/logo\/image\/\",\"url\":\"https:\/\/rxcompetition.com\/wp-content\/uploads\/2023\/04\/LOGO-RX-PROGRAMA.png\",\"contentUrl\":\"https:\/\/rxcompetition.com\/wp-content\/uploads\/2023\/04\/LOGO-RX-PROGRAMA.png\",\"width\":1416,\"height\":672,\"caption\":\"RX Competition\"},\"image\":{\"@id\":\"https:\/\/rxcompetition.com\/#\/schema\/logo\/image\/\"}}]}<\/script>\n<!-- \/ Yoast SEO plugin. -->","yoast_head_json":{"title":"Aviso legal - RX Competition","robots":{"index":"index","follow":"follow","max-snippet":"max-snippet:-1","max-image-preview":"max-image-preview:large","max-video-preview":"max-video-preview:-1"},"canonical":"https:\/\/rxcompetition.com\/en\/aviso-legal\/","og_locale":"en_US","og_type":"article","og_title":"Aviso legal - RX Competition","og_description":"AVISO LEGAL I. TITULARIDAD DEL SITIO WEB El responsable del tratamiento de los datos personales recogidos en RX Competition es:\u00a0STN INMOBLING CIUDAD CONDAL S.L., provista de CIF: B67031971 e inscrito en:\u00a0Registro Mercantil de Barcelona, cuyo representante es: Enric Arbos Reyes (en adelante,\u00a0Responsable del tratamiento). Sus datos de contacto son los siguientes:\u00a0\u25cf Direcci\u00f3n: Cam\u00ed de Pla [&hellip;]","og_url":"https:\/\/rxcompetition.com\/en\/aviso-legal\/","og_site_name":"RX Competition","article_modified_time":"2024-07-30T16:58:59+00:00","og_image":[{"width":538,"height":159,"url":"https:\/\/rxcompetition.com\/wp-content\/uploads\/2022\/12\/Mesa-de-trabajo-7.png","type":"image\/png"}],"twitter_card":"summary_large_image","twitter_misc":{"Est. reading time":"10 minutes"},"schema":{"@context":"https:\/\/schema.org","@graph":[{"@type":"WebPage","@id":"https:\/\/rxcompetition.com\/aviso-legal\/","url":"https:\/\/rxcompetition.com\/aviso-legal\/","name":"Aviso legal - RX Competition","isPartOf":{"@id":"https:\/\/rxcompetition.com\/#website"},"datePublished":"2024-07-30T09:34:46+00:00","dateModified":"2024-07-30T16:58:59+00:00","breadcrumb":{"@id":"https:\/\/rxcompetition.com\/aviso-legal\/#breadcrumb"},"inLanguage":"en-US","potentialAction":[{"@type":"ReadAction","target":["https:\/\/rxcompetition.com\/aviso-legal\/"]}]},{"@type":"BreadcrumbList","@id":"https:\/\/rxcompetition.com\/aviso-legal\/#breadcrumb","itemListElement":[{"@type":"ListItem","position":1,"name":"Inicio","item":"https:\/\/rxcompetition.com\/"},{"@type":"ListItem","position":2,"name":"Aviso legal"}]},{"@type":"WebSite","@id":"https:\/\/rxcompetition.com\/#website","url":"https:\/\/rxcompetition.com\/","name":"RX Competition","description":"","publisher":{"@id":"https:\/\/rxcompetition.com\/#organization"},"potentialAction":[{"@type":"SearchAction","target":{"@type":"EntryPoint","urlTemplate":"https:\/\/rxcompetition.com\/?s={search_term_string}"},"query-input":"required name=search_term_string"}],"inLanguage":"en-US"},{"@type":"Organization","@id":"https:\/\/rxcompetition.com\/#organization","name":"RX Competition","url":"https:\/\/rxcompetition.com\/","logo":{"@type":"ImageObject","inLanguage":"en-US","@id":"https:\/\/rxcompetition.com\/#\/schema\/logo\/image\/","url":"https:\/\/rxcompetition.com\/wp-content\/uploads\/2023\/04\/LOGO-RX-PROGRAMA.png","contentUrl":"https:\/\/rxcompetition.com\/wp-content\/uploads\/2023\/04\/LOGO-RX-PROGRAMA.png","width":1416,"height":672,"caption":"RX Competition"},"image":{"@id":"https:\/\/rxcompetition.com\/#\/schema\/logo\/image\/"}}]}},"jetpack_sharing_enabled":true,"_links":{"self":[{"href":"https:\/\/rxcompetition.com\/en\/wp-json\/wp\/v2\/pages\/38410","targetHints":{"allow":["GET"]}}],"collection":[{"href":"https:\/\/rxcompetition.com\/en\/wp-json\/wp\/v2\/pages"}],"about":[{"href":"https:\/\/rxcompetition.com\/en\/wp-json\/wp\/v2\/types\/page"}],"author":[{"embeddable":true,"href":"https:\/\/rxcompetition.com\/en\/wp-json\/wp\/v2\/users\/579"}],"replies":[{"embeddable":true,"href":"https:\/\/rxcompetition.com\/en\/wp-json\/wp\/v2\/comments?post=38410"}],"version-history":[{"count":14,"href":"https:\/\/rxcompetition.com\/en\/wp-json\/wp\/v2\/pages\/38410\/revisions"}],"predecessor-version":[{"id":38462,"href":"https:\/\/rxcompetition.com\/en\/wp-json\/wp\/v2\/pages\/38410\/revisions\/38462"}],"wp:attachment":[{"href":"https:\/\/rxcompetition.com\/en\/wp-json\/wp\/v2\/media?parent=38410"}],"curies":[{"name":"wp","href":"https:\/\/api.w.org\/{rel}","templated":true}]}}