{"id":36924,"date":"2023-10-12T15:07:40","date_gmt":"2023-10-12T15:07:40","guid":{"rendered":"https:\/\/rxcompetition.com\/?page_id=36924"},"modified":"2024-08-13T10:08:58","modified_gmt":"2024-08-13T10:08:58","slug":"seccion-profesional","status":"publish","type":"page","link":"https:\/\/rxcompetition.com\/en\/seccion-profesional\/","title":{"rendered":"Secci\u00f3n Profesional"},"content":{"rendered":"<div data-elementor-type=\"wp-page\" data-elementor-id=\"36924\" class=\"elementor elementor-36924\" data-elementor-post-type=\"page\">\n\t\t\t\t\t\t<section class=\"elementor-section elementor-top-section elementor-element elementor-element-bfab7fd elementor-section-height-min-height elementor-section-boxed elementor-section-height-default elementor-section-items-middle\" data-id=\"bfab7fd\" data-element_type=\"section\" data-settings=\"{&quot;background_background&quot;:&quot;classic&quot;}\">\n\t\t\t\t\t\t<div class=\"elementor-container elementor-column-gap-default\">\n\t\t\t\t\t<div class=\"elementor-column elementor-col-100 elementor-top-column elementor-element elementor-element-63b2d19\" data-id=\"63b2d19\" data-element_type=\"column\">\n\t\t\t<div class=\"elementor-widget-wrap elementor-element-populated\">\n\t\t\t\t\t\t<div class=\"elementor-element elementor-element-deb4a39 elementor-widget elementor-widget-heading\" data-id=\"deb4a39\" data-element_type=\"widget\" data-widget_type=\"heading.default\">\n\t\t\t\t<div class=\"elementor-widget-container\">\n\t\t\t<h1 class=\"elementor-heading-title elementor-size-default\">Equipamiento  Profesional para gimnasios<\/h1>\t\t<\/div>\n\t\t\t\t<\/div>\n\t\t\t\t\t<\/div>\n\t\t<\/div>\n\t\t\t\t\t<\/div>\n\t\t<\/section>\n\t\t<div class=\"elementor-element elementor-element-ad95e7c e-flex e-con-boxed e-con e-parent\" data-id=\"ad95e7c\" data-element_type=\"container\">\n\t\t\t\t\t<div class=\"e-con-inner\">\n\t\t\t\t<div class=\"elementor-element elementor-element-a67136b elementor-widget elementor-widget-heading\" data-id=\"a67136b\" data-element_type=\"widget\" data-widget_type=\"heading.default\">\n\t\t\t\t<div class=\"elementor-widget-container\">\n\t\t\t<h2 class=\"elementor-heading-title elementor-size-default\">Equipamiento profesional para tu negocio<\/h2>\t\t<\/div>\n\t\t\t\t<\/div>\n\t\t\t\t<div class=\"elementor-element elementor-element-6aa0c60 elementor-widget elementor-widget-text-editor\" data-id=\"6aa0c60\" data-element_type=\"widget\" data-widget_type=\"text-editor.default\">\n\t\t\t\t<div class=\"elementor-widget-container\">\n\t\t\t\t\t\t\t<p>Te asesoramos desde el inicio con nuestras herramientas. Desde el an\u00e1lisis de la localizaci\u00f3n para definir la mejor ubicaci\u00f3n, los metros cuadrados necesarios para llegar a los objetivos de socios o la cuota m\u00e1s recomendable seg\u00fan los clientes de tu zona. Todo con las mejores marcas y con el mejor descuento.<\/p>\t\t\t\t\t\t<\/div>\n\t\t\t\t<\/div>\n\t\t\t\t\t<\/div>\n\t\t\t\t<\/div>\n\t\t\t\t<section class=\"elementor-section elementor-top-section elementor-element elementor-element-ac13767 elementor-section-boxed elementor-section-height-default elementor-section-height-default\" data-id=\"ac13767\" data-element_type=\"section\">\n\t\t\t\t\t\t<div class=\"elementor-container elementor-column-gap-default\">\n\t\t\t\t\t<div class=\"elementor-column elementor-col-50 elementor-top-column elementor-element elementor-element-721ad62\" data-id=\"721ad62\" data-element_type=\"column\">\n\t\t\t<div class=\"elementor-widget-wrap elementor-element-populated\">\n\t\t\t\t\t\t<div class=\"elementor-element elementor-element-26ebeaf elementor-widget elementor-widget-text-editor\" data-id=\"26ebeaf\" data-element_type=\"widget\" data-widget_type=\"text-editor.default\">\n\t\t\t\t<div class=\"elementor-widget-container\">\n\t\t\t\t\t\t\t<p>Desde su creaci\u00f3n en<strong> 2022, RX Competition<\/strong> se ha dedicado a ofrecer a los profesionales del fitness el mejor equipamiento profesional para gimnasios del mercado. Nuestra amplia gama de productos, pensada para el entrenamiento funcional, CrossFit, Weightlifting, Powerlifting y Strongman, garantiza una experiencia de entrenamiento \u00f3ptima y segura<\/p>\t\t\t\t\t\t<\/div>\n\t\t\t\t<\/div>\n\t\t\t\t\t<\/div>\n\t\t<\/div>\n\t\t\t\t<div class=\"elementor-column elementor-col-50 elementor-top-column elementor-element elementor-element-4fe0c4b\" data-id=\"4fe0c4b\" data-element_type=\"column\">\n\t\t\t<div class=\"elementor-widget-wrap elementor-element-populated\">\n\t\t\t\t\t\t<div class=\"elementor-element elementor-element-8f9299b elementor-widget elementor-widget-heading\" data-id=\"8f9299b\" data-element_type=\"widget\" data-widget_type=\"heading.default\">\n\t\t\t\t<div class=\"elementor-widget-container\">\n\t\t\t<h3 class=\"elementor-heading-title elementor-size-default\">\u00a1PONTE EN CONTACTO CON NOSOTROS!<\/h3>\t\t<\/div>\n\t\t\t\t<\/div>\n\t\t\t\t<div class=\"elementor-element elementor-element-c2459b8 elementor-button-align-center elementor-widget elementor-widget-form\" data-id=\"c2459b8\" data-element_type=\"widget\" data-settings=\"{&quot;step_next_label&quot;:&quot;Siguiente&quot;,&quot;step_previous_label&quot;:&quot;Anterior&quot;,&quot;button_width&quot;:&quot;100&quot;,&quot;step_type&quot;:&quot;number_text&quot;,&quot;step_icon_shape&quot;:&quot;circle&quot;}\" data-widget_type=\"form.default\">\n\t\t\t\t<div class=\"elementor-widget-container\">\n\t\t\t\t\t<form class=\"elementor-form\" method=\"post\" name=\"Nuevo formulario\" action=\"\">\n\t\t\t<input type=\"hidden\" name=\"post_id\" value=\"36924\"\/>\n\t\t\t<input type=\"hidden\" name=\"form_id\" value=\"c2459b8\"\/>\n\t\t\t<input type=\"hidden\" name=\"referer_title\" value=\"RX Competition\" \/>\n\n\t\t\t\n\t\t\t<div class=\"elementor-form-fields-wrapper elementor-labels-\">\n\t\t\t\t\t\t\t\t<div class=\"elementor-field-type-text elementor-field-group elementor-column elementor-field-group-firstname elementor-col-100 elementor-field-required\">\n\t\t\t\t\t\t\t\t\t\t\t\t<label for=\"form-field-firstname\" class=\"elementor-field-label elementor-screen-only\">\n\t\t\t\t\t\t\t\tNombre y apellidos\t\t\t\t\t\t\t<\/label>\n\t\t\t\t\t\t\t\t\t\t\t\t\t\t<input size=\"1\" type=\"text\" name=\"form_fields[firstname]\" id=\"form-field-firstname\" class=\"elementor-field elementor-size-sm  elementor-field-textual\" placeholder=\"Name\" required=\"required\" aria-required=\"true\">\n\t\t\t\t\t\t\t\t\t\t\t<\/div>\n\t\t\t\t\t\t\t\t<div class=\"elementor-field-type-email elementor-field-group elementor-column elementor-field-group-email elementor-col-100 elementor-field-required\">\n\t\t\t\t\t\t\t\t\t\t\t\t<label for=\"form-field-email\" class=\"elementor-field-label elementor-screen-only\">\n\t\t\t\t\t\t\t\tCorreo Electronico\t\t\t\t\t\t\t<\/label>\n\t\t\t\t\t\t\t\t\t\t\t\t\t\t<input size=\"1\" type=\"email\" name=\"form_fields[email]\" id=\"form-field-email\" class=\"elementor-field elementor-size-sm  elementor-field-textual\" placeholder=\"Email address\" required=\"required\" aria-required=\"true\">\n\t\t\t\t\t\t\t\t\t\t\t<\/div>\n\t\t\t\t\t\t\t\t<div class=\"elementor-field-type-text elementor-field-group elementor-column elementor-field-group-company elementor-col-100 elementor-field-required\">\n\t\t\t\t\t\t\t\t\t\t\t\t<label for=\"form-field-company\" class=\"elementor-field-label elementor-screen-only\">\n\t\t\t\t\t\t\t\tNombre de la empresa\t\t\t\t\t\t\t<\/label>\n\t\t\t\t\t\t\t\t\t\t\t\t\t\t<input size=\"1\" type=\"text\" name=\"form_fields[company]\" id=\"form-field-company\" class=\"elementor-field elementor-size-sm  elementor-field-textual\" placeholder=\"Nombre de la Empresa\" required=\"required\" aria-required=\"true\">\n\t\t\t\t\t\t\t\t\t\t\t<\/div>\n\t\t\t\t\t\t\t\t<div class=\"elementor-field-type-tel elementor-field-group elementor-column elementor-field-group-phone elementor-col-100 elementor-field-required\">\n\t\t\t\t\t\t\t\t\t\t\t\t<label for=\"form-field-phone\" class=\"elementor-field-label elementor-screen-only\">\n\t\t\t\t\t\t\t\tPhone\t\t\t\t\t\t\t<\/label>\n\t\t\t\t\t\t\t\t<input size=\"1\" type=\"tel\" name=\"form_fields[phone]\" id=\"form-field-phone\" class=\"elementor-field elementor-size-sm  elementor-field-textual\" placeholder=\"Tel\u00e9fono\" required=\"required\" aria-required=\"true\" pattern=\"[0-9()#&amp;+*-=.]+\" title=\"Only numbers and phone characters (#, -, *, etc) are accepted.\">\n\n\t\t\t\t\t\t<\/div>\n\t\t\t\t\t\t\t\t<div class=\"elementor-field-type-select elementor-field-group elementor-column elementor-field-group-field_b345831 elementor-col-100\">\n\t\t\t\t\t\t\t\t\t\t\t\t<label for=\"form-field-field_b345831\" class=\"elementor-field-label elementor-screen-only\">\n\t\t\t\t\t\t\t\tInter\u00e9s\t\t\t\t\t\t\t<\/label>\n\t\t\t\t\t\t\t\t<div class=\"elementor-field elementor-select-wrapper remove-before\">\n\t\t\t<div class=\"select-caret-down-wrapper\">\n\t\t\t\t<i aria-hidden=\"true\" class=\"eicon-caret-down\"><\/i>\t\t\t<\/div>\n\t\t\t<select name=\"form_fields[field_b345831]\" id=\"form-field-field_b345831\" class=\"elementor-field-textual elementor-size-sm\">\n\t\t\t\t\t\t\t\t\t<option value=\" Equipamiento y maquinaria fitness para mi negocio\"> Equipamiento y maquinaria fitness para mi negocio<\/option>\n\t\t\t\t\t\t\t\t\t<option value=\"Dise\u00f1o y asesoramiento integral para mi negocio fitness\">Dise\u00f1o y asesoramiento integral para mi negocio fitness<\/option>\n\t\t\t\t\t\t\t<\/select>\n\t\t<\/div>\n\t\t\t\t\t\t<\/div>\n\t\t\t\t\t\t\t\t<div class=\"elementor-field-type-text elementor-field-group elementor-column elementor-field-group-field_eebe0bf elementor-col-100 elementor-field-required\">\n\t\t\t\t\t\t\t\t\t\t\t\t<label for=\"form-field-field_eebe0bf\" class=\"elementor-field-label elementor-screen-only\">\n\t\t\t\t\t\t\t\tNotas\t\t\t\t\t\t\t<\/label>\n\t\t\t\t\t\t\t\t\t\t\t\t\t\t<input size=\"1\" type=\"text\" name=\"form_fields[field_eebe0bf]\" id=\"form-field-field_eebe0bf\" class=\"elementor-field elementor-size-sm  elementor-field-textual\" placeholder=\"Cu\u00e9ntanos tu caso\" required=\"required\" aria-required=\"true\">\n\t\t\t\t\t\t\t\t\t\t\t<\/div>\n\t\t\t\t\t\t\t\t<div class=\"elementor-field-type-acceptance elementor-field-group elementor-column elementor-field-group-politicas elementor-col-100 elementor-field-required\">\n\t\t\t\t\t\t\t\t\t\t\t\t<label for=\"form-field-politicas\" class=\"elementor-field-label elementor-screen-only\">\n\t\t\t\t\t\t\t\tPoliticas\t\t\t\t\t\t\t<\/label>\n\t\t\t\t\t\t\t\t<div class=\"elementor-field-subgroup\">\n\t\t\t<span class=\"elementor-field-option\">\n\t\t\t\t<input type=\"checkbox\" name=\"form_fields[politicas]\" id=\"form-field-politicas\" class=\"elementor-field elementor-size-sm  elementor-acceptance-field\" required=\"required\" aria-required=\"true\">\n\t\t\t\t<label for=\"form-field-politicas\">I accept and give my consent to the <a href=\"https:\/\/rxcompetition.com\/en\/politica-de-envios\/\">pol\u00edtica de privacidad.<\/a><\/label>\t\t\t<\/span>\n\t\t<\/div>\n\t\t\t\t\t\t<\/div>\n\t\t\t\t\t\t\t\t<div class=\"elementor-field-group elementor-column elementor-field-type-submit elementor-col-100 e-form__buttons\">\n\t\t\t\t\t<button class=\"elementor-button elementor-size-sm\" type=\"submit\">\n\t\t\t\t\t\t<span class=\"elementor-button-content-wrapper\">\n\t\t\t\t\t\t\t\t\t\t\t\t\t\t\t\t\t\t\t\t\t\t<span class=\"elementor-button-text\">Send<\/span>\n\t\t\t\t\t\t\t\t\t\t\t\t\t<\/span>\n\t\t\t\t\t<\/button>\n\t\t\t\t<\/div>\n\t\t\t<\/div>\n\t\t<input type=\"hidden\" name=\"trp-form-language\" value=\"en\"\/><\/form>\n\t\t\t\t<\/div>\n\t\t\t\t<\/div>\n\t\t\t\t\t<\/div>\n\t\t<\/div>\n\t\t\t\t\t<\/div>\n\t\t<\/section>\n\t\t\t\t<section class=\"elementor-section elementor-top-section elementor-element elementor-element-672fb22 elementor-section-boxed elementor-section-height-default elementor-section-height-default\" data-id=\"672fb22\" data-element_type=\"section\">\n\t\t\t\t\t\t<div class=\"elementor-container elementor-column-gap-default\">\n\t\t\t\t\t<div class=\"elementor-column elementor-col-100 elementor-top-column elementor-element elementor-element-7a110ea\" data-id=\"7a110ea\" data-element_type=\"column\">\n\t\t\t<div class=\"elementor-widget-wrap elementor-element-populated\">\n\t\t\t\t\t\t<div class=\"elementor-element elementor-element-0bf200d elementor-widget elementor-widget-heading\" data-id=\"0bf200d\" data-element_type=\"widget\" data-widget_type=\"heading.default\">\n\t\t\t\t<div class=\"elementor-widget-container\">\n\t\t\t<h3 class=\"elementor-heading-title elementor-size-default\">\u00bfEn qu\u00e9 podemos ayudarte?<\/h3>\t\t<\/div>\n\t\t\t\t<\/div>\n\t\t\t\t<div class=\"elementor-element elementor-element-0e9b1aa elementor-widget elementor-widget-text-editor\" data-id=\"0e9b1aa\" data-element_type=\"widget\" data-widget_type=\"text-editor.default\">\n\t\t\t\t<div class=\"elementor-widget-container\">\n\t\t\t\t\t\t\t<p>Toda nuestra gama de productos es dise\u00f1ada y conceptualizada en nuestra sede de<b> Barcelona<\/b>. Cada producto es puesto a prueba en nuestras instalaciones durante un periodo de tiempo prolongado antes de su comercializaci\u00f3n para asegurar los est\u00e1ndares de calidad que nos caracterizan y ofrecer un producto de gran fiabilidad y garant\u00eda totalmente contrastadas.<\/p><p>Estamos convencidos de que disponemos de una de<b> las mejores l\u00edneas de Rigs &amp; Racks<\/b> del mercado europeo. Estamos plenamente comprometidos con la calidad de todas nuestras estructuras y nos hemos involucrado al 100% en el dise\u00f1o, conceptualizaci\u00f3n y desarrollo de todos nuestros Racks y estaciones de entrenamiento Rig de nuestra l\u00ednea \u00c9lite para uso profesional y competici\u00f3n.<\/p><p>If you are an already working or future oppening Crossfit Box, Gym or Fitness Club, RX Competition is one of your best options for dressing your training room.<\/p><p>\u00a0<\/p><p><strong>We have plenty capacity for giving service and supply for:<\/strong><\/p><p>Boxes y centros de entrenamiento funcional.<\/p><p>Gimnasios y clubs de entrenamiento.<\/p><p>Centros de alto rendimiento.<\/p><p>Salud y centros de rehabilitaci\u00f3n.<\/p><p>Centros p\u00fablicos (ayuntamientos, colegios y universidades).<\/p><p>Fuerzas y cuerpos de seguridad del estado.<\/p><div>\u00a0<\/div><p><b>Cont\u00e1ctanos y plant\u00e9anos tu idea<\/b>, nosotros te escuchamos y daremos la forma definitiva a tu proyecto ofreci\u00e9ndote las mejores condiciones.<\/p>\t\t\t\t\t\t<\/div>\n\t\t\t\t<\/div>\n\t\t\t\t<div class=\"elementor-element elementor-element-a8c0ab5 elementor-widget elementor-widget-image\" data-id=\"a8c0ab5\" data-element_type=\"widget\" data-widget_type=\"image.default\">\n\t\t\t\t<div class=\"elementor-widget-container\">\n\t\t\t\t\t\t\t\t\t\t\t\t\t<img fetchpriority=\"high\" decoding=\"async\" width=\"1024\" height=\"680\" src=\"https:\/\/rxcompetition.com\/wp-content\/uploads\/2024\/08\/pexels-leonardho-1552249-1024x680.jpg\" class=\"attachment-large size-large wp-image-38686\" alt=\"\" \/>\t\t\t\t\t\t\t\t\t\t\t\t\t<\/div>\n\t\t\t\t<\/div>\n\t\t\t\t\t<\/div>\n\t\t<\/div>\n\t\t\t\t\t<\/div>\n\t\t<\/section>\n\t\t\t\t<\/div>","protected":false},"excerpt":{"rendered":"<p>Equipamiento Profesional para gimnasios Equipamiento profesional para tu negocio Te asesoramos desde el inicio con nuestras herramientas. Desde el an\u00e1lisis de la localizaci\u00f3n para definir la mejor ubicaci\u00f3n, los metros cuadrados necesarios para llegar a los objetivos de socios o la cuota m\u00e1s recomendable seg\u00fan los clientes de tu zona. Todo con las mejores marcas [&hellip;]<\/p>","protected":false},"author":1,"featured_media":0,"parent":0,"menu_order":0,"comment_status":"closed","ping_status":"closed","template":"","meta":{"inline_featured_image":false,"footnotes":""},"class_list":["post-36924","page","type-page","status-publish","hentry"],"yoast_head":"<!-- This site is optimized with the Yoast SEO plugin v23.2 - https:\/\/yoast.com\/wordpress\/plugins\/seo\/ -->\n<title>Equipamiento profesional para gimnasios - RX Competition<\/title>\n<meta name=\"description\" content=\"Equipamiento profesional para gimnasios, ideal para centros p\u00fablicos, uso propio y gimnasios. Calidad y durabilidad para tus entrenamientos.\" \/>\n<meta name=\"robots\" content=\"index, follow, max-snippet:-1, max-image-preview:large, max-video-preview:-1\" \/>\n<link rel=\"canonical\" href=\"https:\/\/rxcompetition.com\/en\/seccion-profesional\/\" \/>\n<meta property=\"og:locale\" content=\"en_US\" \/>\n<meta property=\"og:type\" content=\"article\" \/>\n<meta property=\"og:title\" content=\"Equipamiento profesional para gimnasios - RX Competition\" \/>\n<meta property=\"og:description\" content=\"Equipamiento profesional para gimnasios, ideal para centros p\u00fablicos, uso propio y gimnasios. Calidad y durabilidad para tus entrenamientos.\" \/>\n<meta property=\"og:url\" content=\"https:\/\/rxcompetition.com\/en\/seccion-profesional\/\" \/>\n<meta property=\"og:site_name\" content=\"RX Competition\" \/>\n<meta property=\"article:modified_time\" content=\"2024-08-13T10:08:58+00:00\" \/>\n<meta property=\"og:image\" content=\"https:\/\/rxcompetition.com\/wp-content\/uploads\/2024\/08\/pexels-leonardho-1552249-1024x680.jpg\" \/>\n<meta name=\"twitter:card\" content=\"summary_large_image\" \/>\n<meta name=\"twitter:label1\" content=\"Est. reading time\" \/>\n\t<meta name=\"twitter:data1\" content=\"2 minutes\" \/>\n<script type=\"application\/ld+json\" class=\"yoast-schema-graph\">{\"@context\":\"https:\/\/schema.org\",\"@graph\":[{\"@type\":\"WebPage\",\"@id\":\"https:\/\/rxcompetition.com\/seccion-profesional\/\",\"url\":\"https:\/\/rxcompetition.com\/seccion-profesional\/\",\"name\":\"Equipamiento profesional para gimnasios - RX Competition\",\"isPartOf\":{\"@id\":\"https:\/\/rxcompetition.com\/#website\"},\"primaryImageOfPage\":{\"@id\":\"https:\/\/rxcompetition.com\/seccion-profesional\/#primaryimage\"},\"image\":{\"@id\":\"https:\/\/rxcompetition.com\/seccion-profesional\/#primaryimage\"},\"thumbnailUrl\":\"https:\/\/rxcompetition.com\/wp-content\/uploads\/2024\/08\/pexels-leonardho-1552249-1024x680.jpg\",\"datePublished\":\"2023-10-12T15:07:40+00:00\",\"dateModified\":\"2024-08-13T10:08:58+00:00\",\"description\":\"Equipamiento profesional para gimnasios, ideal para centros p\u00fablicos, uso propio y gimnasios. Calidad y durabilidad para tus entrenamientos.\",\"breadcrumb\":{\"@id\":\"https:\/\/rxcompetition.com\/seccion-profesional\/#breadcrumb\"},\"inLanguage\":\"en-US\",\"potentialAction\":[{\"@type\":\"ReadAction\",\"target\":[\"https:\/\/rxcompetition.com\/seccion-profesional\/\"]}]},{\"@type\":\"ImageObject\",\"inLanguage\":\"en-US\",\"@id\":\"https:\/\/rxcompetition.com\/seccion-profesional\/#primaryimage\",\"url\":\"https:\/\/rxcompetition.com\/wp-content\/uploads\/2024\/08\/pexels-leonardho-1552249-1024x680.jpg\",\"contentUrl\":\"https:\/\/rxcompetition.com\/wp-content\/uploads\/2024\/08\/pexels-leonardho-1552249-1024x680.jpg\"},{\"@type\":\"BreadcrumbList\",\"@id\":\"https:\/\/rxcompetition.com\/seccion-profesional\/#breadcrumb\",\"itemListElement\":[{\"@type\":\"ListItem\",\"position\":1,\"name\":\"Inicio\",\"item\":\"https:\/\/rxcompetition.com\/\"},{\"@type\":\"ListItem\",\"position\":2,\"name\":\"Secci\u00f3n Profesional\"}]},{\"@type\":\"WebSite\",\"@id\":\"https:\/\/rxcompetition.com\/#website\",\"url\":\"https:\/\/rxcompetition.com\/\",\"name\":\"RX Competition\",\"description\":\"\",\"publisher\":{\"@id\":\"https:\/\/rxcompetition.com\/#organization\"},\"potentialAction\":[{\"@type\":\"SearchAction\",\"target\":{\"@type\":\"EntryPoint\",\"urlTemplate\":\"https:\/\/rxcompetition.com\/?s={search_term_string}\"},\"query-input\":\"required name=search_term_string\"}],\"inLanguage\":\"en-US\"},{\"@type\":\"Organization\",\"@id\":\"https:\/\/rxcompetition.com\/#organization\",\"name\":\"RX Competition\",\"url\":\"https:\/\/rxcompetition.com\/\",\"logo\":{\"@type\":\"ImageObject\",\"inLanguage\":\"en-US\",\"@id\":\"https:\/\/rxcompetition.com\/#\/schema\/logo\/image\/\",\"url\":\"https:\/\/rxcompetition.com\/wp-content\/uploads\/2023\/04\/LOGO-RX-PROGRAMA.png\",\"contentUrl\":\"https:\/\/rxcompetition.com\/wp-content\/uploads\/2023\/04\/LOGO-RX-PROGRAMA.png\",\"width\":1416,\"height\":672,\"caption\":\"RX Competition\"},\"image\":{\"@id\":\"https:\/\/rxcompetition.com\/#\/schema\/logo\/image\/\"}}]}<\/script>\n<!-- \/ Yoast SEO plugin. -->","yoast_head_json":{"title":"Equipamiento profesional para gimnasios - RX Competition","description":"Equipamiento profesional para gimnasios, ideal para centros p\u00fablicos, uso propio y gimnasios. Calidad y durabilidad para tus entrenamientos.","robots":{"index":"index","follow":"follow","max-snippet":"max-snippet:-1","max-image-preview":"max-image-preview:large","max-video-preview":"max-video-preview:-1"},"canonical":"https:\/\/rxcompetition.com\/en\/seccion-profesional\/","og_locale":"en_US","og_type":"article","og_title":"Equipamiento profesional para gimnasios - RX Competition","og_description":"Equipamiento profesional para gimnasios, ideal para centros p\u00fablicos, uso propio y gimnasios. Calidad y durabilidad para tus entrenamientos.","og_url":"https:\/\/rxcompetition.com\/en\/seccion-profesional\/","og_site_name":"RX Competition","article_modified_time":"2024-08-13T10:08:58+00:00","og_image":[{"url":"https:\/\/rxcompetition.com\/wp-content\/uploads\/2024\/08\/pexels-leonardho-1552249-1024x680.jpg"}],"twitter_card":"summary_large_image","twitter_misc":{"Est. reading time":"2 minutes"},"schema":{"@context":"https:\/\/schema.org","@graph":[{"@type":"WebPage","@id":"https:\/\/rxcompetition.com\/seccion-profesional\/","url":"https:\/\/rxcompetition.com\/seccion-profesional\/","name":"Equipamiento profesional para gimnasios - RX Competition","isPartOf":{"@id":"https:\/\/rxcompetition.com\/#website"},"primaryImageOfPage":{"@id":"https:\/\/rxcompetition.com\/seccion-profesional\/#primaryimage"},"image":{"@id":"https:\/\/rxcompetition.com\/seccion-profesional\/#primaryimage"},"thumbnailUrl":"https:\/\/rxcompetition.com\/wp-content\/uploads\/2024\/08\/pexels-leonardho-1552249-1024x680.jpg","datePublished":"2023-10-12T15:07:40+00:00","dateModified":"2024-08-13T10:08:58+00:00","description":"Equipamiento profesional para gimnasios, ideal para centros p\u00fablicos, uso propio y gimnasios. Calidad y durabilidad para tus entrenamientos.","breadcrumb":{"@id":"https:\/\/rxcompetition.com\/seccion-profesional\/#breadcrumb"},"inLanguage":"en-US","potentialAction":[{"@type":"ReadAction","target":["https:\/\/rxcompetition.com\/seccion-profesional\/"]}]},{"@type":"ImageObject","inLanguage":"en-US","@id":"https:\/\/rxcompetition.com\/seccion-profesional\/#primaryimage","url":"https:\/\/rxcompetition.com\/wp-content\/uploads\/2024\/08\/pexels-leonardho-1552249-1024x680.jpg","contentUrl":"https:\/\/rxcompetition.com\/wp-content\/uploads\/2024\/08\/pexels-leonardho-1552249-1024x680.jpg"},{"@type":"BreadcrumbList","@id":"https:\/\/rxcompetition.com\/seccion-profesional\/#breadcrumb","itemListElement":[{"@type":"ListItem","position":1,"name":"Inicio","item":"https:\/\/rxcompetition.com\/"},{"@type":"ListItem","position":2,"name":"Secci\u00f3n Profesional"}]},{"@type":"WebSite","@id":"https:\/\/rxcompetition.com\/#website","url":"https:\/\/rxcompetition.com\/","name":"RX Competition","description":"","publisher":{"@id":"https:\/\/rxcompetition.com\/#organization"},"potentialAction":[{"@type":"SearchAction","target":{"@type":"EntryPoint","urlTemplate":"https:\/\/rxcompetition.com\/?s={search_term_string}"},"query-input":"required name=search_term_string"}],"inLanguage":"en-US"},{"@type":"Organization","@id":"https:\/\/rxcompetition.com\/#organization","name":"RX Competition","url":"https:\/\/rxcompetition.com\/","logo":{"@type":"ImageObject","inLanguage":"en-US","@id":"https:\/\/rxcompetition.com\/#\/schema\/logo\/image\/","url":"https:\/\/rxcompetition.com\/wp-content\/uploads\/2023\/04\/LOGO-RX-PROGRAMA.png","contentUrl":"https:\/\/rxcompetition.com\/wp-content\/uploads\/2023\/04\/LOGO-RX-PROGRAMA.png","width":1416,"height":672,"caption":"RX Competition"},"image":{"@id":"https:\/\/rxcompetition.com\/#\/schema\/logo\/image\/"}}]}},"jetpack_sharing_enabled":true,"_links":{"self":[{"href":"https:\/\/rxcompetition.com\/en\/wp-json\/wp\/v2\/pages\/36924","targetHints":{"allow":["GET"]}}],"collection":[{"href":"https:\/\/rxcompetition.com\/en\/wp-json\/wp\/v2\/pages"}],"about":[{"href":"https:\/\/rxcompetition.com\/en\/wp-json\/wp\/v2\/types\/page"}],"author":[{"embeddable":true,"href":"https:\/\/rxcompetition.com\/en\/wp-json\/wp\/v2\/users\/1"}],"replies":[{"embeddable":true,"href":"https:\/\/rxcompetition.com\/en\/wp-json\/wp\/v2\/comments?post=36924"}],"version-history":[{"count":82,"href":"https:\/\/rxcompetition.com\/en\/wp-json\/wp\/v2\/pages\/36924\/revisions"}],"predecessor-version":[{"id":38697,"href":"https:\/\/rxcompetition.com\/en\/wp-json\/wp\/v2\/pages\/36924\/revisions\/38697"}],"wp:attachment":[{"href":"https:\/\/rxcompetition.com\/en\/wp-json\/wp\/v2\/media?parent=36924"}],"curies":[{"name":"wp","href":"https:\/\/api.w.org\/{rel}","templated":true}]}}