{"id":34591,"date":"2023-01-26T22:19:49","date_gmt":"2023-01-26T22:19:49","guid":{"rendered":"https:\/\/rxcompetition.com\/?page_id=34591"},"modified":"2023-01-26T22:22:21","modified_gmt":"2023-01-26T22:22:21","slug":"politica-de-envios","status":"publish","type":"page","link":"https:\/\/rxcompetition.com\/en\/politica-de-envios\/","title":{"rendered":"Shipping policy"},"content":{"rendered":"<div data-elementor-type=\"wp-page\" data-elementor-id=\"34591\" class=\"elementor elementor-34591\" data-elementor-post-type=\"page\">\n\t\t\t\t\t\t<section class=\"elementor-section elementor-top-section elementor-element elementor-element-7877942 elementor-section-boxed elementor-section-height-default elementor-section-height-default\" data-id=\"7877942\" data-element_type=\"section\">\n\t\t\t\t\t\t<div class=\"elementor-container elementor-column-gap-default\">\n\t\t\t\t\t<div class=\"elementor-column elementor-col-100 elementor-top-column elementor-element elementor-element-4dfc6b7\" data-id=\"4dfc6b7\" data-element_type=\"column\">\n\t\t\t<div class=\"elementor-widget-wrap elementor-element-populated\">\n\t\t\t\t\t\t<div class=\"elementor-element elementor-element-6514435 elementor-widget elementor-widget-heading\" data-id=\"6514435\" data-element_type=\"widget\" data-widget_type=\"heading.default\">\n\t\t\t\t<div class=\"elementor-widget-container\">\n\t\t\t<h2 class=\"elementor-heading-title elementor-size-default\">ENTREGAS Y ENVIOS<\/h2>\t\t<\/div>\n\t\t\t\t<\/div>\n\t\t\t\t<div class=\"elementor-element elementor-element-1a69c64 elementor-widget elementor-widget-text-editor\" data-id=\"1a69c64\" data-element_type=\"widget\" data-widget_type=\"text-editor.default\">\n\t\t\t\t<div class=\"elementor-widget-container\">\n\t\t\t\t\t\t\t<p><strong>Enviamos a<\/strong><br \/>Alemania, Austria, Bulgaria, B\u00e9lgica, Croacia, Dinamarca, Eslovaquia, Eslovenia, Espa\u00f1a, Estonia, Finlandia, Francia, Grecia, Hungr\u00eda, Italia, Letonia, Lituania, Luxemburgo, Pa\u00edses Bajos, Polonia, Portugal, Republica checa, Suecia, Suiza.<\/p><p><strong>Tiempo de env\u00edo<\/strong><br \/>El pedido se coloca en la cola y en el m\u00e1ximo de 24 horas el proveedor revisa el pedido y lo confirma o rechaza. Durante las vacaciones y los fines de semana, el plazo de la confirmaci\u00f3n o del rechazo del pedido se prorroga por el per\u00edodo de los d\u00edas h\u00e1biles.<\/p><p><strong>M\u00e9todos de entrega<\/strong><br \/>La entrega se realiza a la direcci\u00f3n indicada por el cliente al registrarse o realizar el pedido.<\/p><p><strong>Gastos de env\u00edo<\/strong><br \/>Para compras superiores a 2.000\u20ac, la entrega para Espa\u00f1a es gratuita.<\/p><p><strong>Mensajero<\/strong><br \/>La entrega se lleva a cabo en cooperaci\u00f3n con diferentes empresas de log\u00edstica seg\u00fan destino.<\/p><p><strong>Recibir un correo electr\u00f3nico<\/strong><br \/>Si tu compra es exitosa, recibir\u00e1s un correo electr\u00f3nico de confirmaci\u00f3n del pedido con una lista de los productos pedidos, el precio y la direcci\u00f3n de env\u00edo.<\/p><p><strong>Paquete perdido<\/strong><br \/>En caso de que el comprador no se encuentre en casa en el momento de la entrega, el env\u00edo le estar\u00e1 esperando en la oficina de log\u00edstica m\u00e1s cercana o el mismo servicio de entrega lo llamar\u00e1 y acordar\u00e1 personalmente con \u00e9l cu\u00e1ndo puede entregar el env\u00edo.<\/p><p><strong>D\u00f3nde se encuentra tu paquete<\/strong><br \/>Una vez salido el env\u00edo, recibir\u00e1s un correo electr\u00f3nico con un n\u00famero de seguimiento, que te mantendr\u00e1 informado sobre el estado del env\u00edo. RX Competition no ser\u00e1 en ning\u00fan caso responsable de cualquier evento no convencional, debido a tiempos de entrega prolongados o falta de entrega de los art\u00edculos que se indican como no disponibles de inmediato.<\/p><p><strong>Ser consciente<\/strong><br \/>La entrega a la puerta (a pisos superiores) debe acordarse con anticipaci\u00f3n, un costo adicional determinado por el servicio de entrega debe pagarse por adelantado. Los veh\u00edculos de los servicios de reparto no siempre cuentan con rampa que te ayude a descargar tu equipo solicitado. Es posible que deba descargar el paquetes\/s o palet\/s a mano del cami\u00f3n. En caso de que se niegue a hacerlo y rechace la mercanc\u00eda, no se tiene derecho a un reembolso total del costo de compra, sino solo a un reembolso por el equipo comprado.<\/p><p>Tendr\u00e1 que pagar los gastos de env\u00edo en ambos sentidos. En caso de acuerdo por adelantado y pago adicional, podemos proporcionar un veh\u00edculo de transporte con rampa.<\/p>\t\t\t\t\t\t<\/div>\n\t\t\t\t<\/div>\n\t\t\t\t\t<\/div>\n\t\t<\/div>\n\t\t\t\t\t<\/div>\n\t\t<\/section>\n\t\t\t\t<\/div>","protected":false},"excerpt":{"rendered":"<p>ENTREGAS Y ENVIOS Enviamos aAlemania, Austria, Bulgaria, B\u00e9lgica, Croacia, Dinamarca, Eslovaquia, Eslovenia, Espa\u00f1a, Estonia, Finlandia, Francia, Grecia, Hungr\u00eda, Italia, Letonia, Lituania, Luxemburgo, Pa\u00edses Bajos, Polonia, Portugal, Republica checa, Suecia, Suiza. Tiempo de env\u00edoEl pedido se coloca en la cola y en el m\u00e1ximo de 24 horas el proveedor revisa el pedido y lo confirma o [&hellip;]<\/p>","protected":false},"author":1,"featured_media":0,"parent":0,"menu_order":0,"comment_status":"closed","ping_status":"closed","template":"","meta":{"inline_featured_image":false,"footnotes":""},"class_list":["post-34591","page","type-page","status-publish","hentry"],"yoast_head":"<!-- This site is optimized with the Yoast SEO plugin v23.2 - https:\/\/yoast.com\/wordpress\/plugins\/seo\/ -->\n<title>Pol\u00edtica de envios - RX Competition<\/title>\n<meta name=\"robots\" content=\"index, follow, max-snippet:-1, max-image-preview:large, max-video-preview:-1\" \/>\n<link rel=\"canonical\" href=\"https:\/\/rxcompetition.com\/en\/politica-de-envios\/\" \/>\n<meta property=\"og:locale\" content=\"en_US\" \/>\n<meta property=\"og:type\" content=\"article\" \/>\n<meta property=\"og:title\" content=\"Pol\u00edtica de envios - RX Competition\" \/>\n<meta property=\"og:description\" content=\"ENTREGAS Y ENVIOS Enviamos aAlemania, Austria, Bulgaria, B\u00e9lgica, Croacia, Dinamarca, Eslovaquia, Eslovenia, Espa\u00f1a, Estonia, Finlandia, Francia, Grecia, Hungr\u00eda, Italia, Letonia, Lituania, Luxemburgo, Pa\u00edses Bajos, Polonia, Portugal, Republica checa, Suecia, Suiza. Tiempo de env\u00edoEl pedido se coloca en la cola y en el m\u00e1ximo de 24 horas el proveedor revisa el pedido y lo confirma o [&hellip;]\" \/>\n<meta property=\"og:url\" content=\"https:\/\/rxcompetition.com\/en\/politica-de-envios\/\" \/>\n<meta property=\"og:site_name\" content=\"RX Competition\" \/>\n<meta property=\"article:modified_time\" content=\"2023-01-26T22:22:21+00:00\" \/>\n<meta property=\"og:image\" content=\"https:\/\/rxcompetition.com\/wp-content\/uploads\/2022\/12\/Mesa-de-trabajo-7.png\" \/>\n\t<meta property=\"og:image:width\" content=\"538\" \/>\n\t<meta property=\"og:image:height\" content=\"159\" \/>\n\t<meta property=\"og:image:type\" content=\"image\/png\" \/>\n<meta name=\"twitter:card\" content=\"summary_large_image\" \/>\n<meta name=\"twitter:label1\" content=\"Est. reading time\" \/>\n\t<meta name=\"twitter:data1\" content=\"2 minutes\" \/>\n<script type=\"application\/ld+json\" class=\"yoast-schema-graph\">{\"@context\":\"https:\/\/schema.org\",\"@graph\":[{\"@type\":\"WebPage\",\"@id\":\"https:\/\/rxcompetition.com\/politica-de-envios\/\",\"url\":\"https:\/\/rxcompetition.com\/politica-de-envios\/\",\"name\":\"Pol\u00edtica de envios - RX Competition\",\"isPartOf\":{\"@id\":\"https:\/\/rxcompetition.com\/#website\"},\"datePublished\":\"2023-01-26T22:19:49+00:00\",\"dateModified\":\"2023-01-26T22:22:21+00:00\",\"breadcrumb\":{\"@id\":\"https:\/\/rxcompetition.com\/politica-de-envios\/#breadcrumb\"},\"inLanguage\":\"en-US\",\"potentialAction\":[{\"@type\":\"ReadAction\",\"target\":[\"https:\/\/rxcompetition.com\/politica-de-envios\/\"]}]},{\"@type\":\"BreadcrumbList\",\"@id\":\"https:\/\/rxcompetition.com\/politica-de-envios\/#breadcrumb\",\"itemListElement\":[{\"@type\":\"ListItem\",\"position\":1,\"name\":\"Inicio\",\"item\":\"https:\/\/rxcompetition.com\/\"},{\"@type\":\"ListItem\",\"position\":2,\"name\":\"Pol\u00edtica de envios\"}]},{\"@type\":\"WebSite\",\"@id\":\"https:\/\/rxcompetition.com\/#website\",\"url\":\"https:\/\/rxcompetition.com\/\",\"name\":\"RX Competition\",\"description\":\"\",\"publisher\":{\"@id\":\"https:\/\/rxcompetition.com\/#organization\"},\"potentialAction\":[{\"@type\":\"SearchAction\",\"target\":{\"@type\":\"EntryPoint\",\"urlTemplate\":\"https:\/\/rxcompetition.com\/?s={search_term_string}\"},\"query-input\":\"required name=search_term_string\"}],\"inLanguage\":\"en-US\"},{\"@type\":\"Organization\",\"@id\":\"https:\/\/rxcompetition.com\/#organization\",\"name\":\"RX Competition\",\"url\":\"https:\/\/rxcompetition.com\/\",\"logo\":{\"@type\":\"ImageObject\",\"inLanguage\":\"en-US\",\"@id\":\"https:\/\/rxcompetition.com\/#\/schema\/logo\/image\/\",\"url\":\"https:\/\/rxcompetition.com\/wp-content\/uploads\/2023\/04\/LOGO-RX-PROGRAMA.png\",\"contentUrl\":\"https:\/\/rxcompetition.com\/wp-content\/uploads\/2023\/04\/LOGO-RX-PROGRAMA.png\",\"width\":1416,\"height\":672,\"caption\":\"RX Competition\"},\"image\":{\"@id\":\"https:\/\/rxcompetition.com\/#\/schema\/logo\/image\/\"}}]}<\/script>\n<!-- \/ Yoast SEO plugin. -->","yoast_head_json":{"title":"Pol\u00edtica de envios - RX Competition","robots":{"index":"index","follow":"follow","max-snippet":"max-snippet:-1","max-image-preview":"max-image-preview:large","max-video-preview":"max-video-preview:-1"},"canonical":"https:\/\/rxcompetition.com\/en\/politica-de-envios\/","og_locale":"en_US","og_type":"article","og_title":"Pol\u00edtica de envios - RX Competition","og_description":"ENTREGAS Y ENVIOS Enviamos aAlemania, Austria, Bulgaria, B\u00e9lgica, Croacia, Dinamarca, Eslovaquia, Eslovenia, Espa\u00f1a, Estonia, Finlandia, Francia, Grecia, Hungr\u00eda, Italia, Letonia, Lituania, Luxemburgo, Pa\u00edses Bajos, Polonia, Portugal, Republica checa, Suecia, Suiza. Tiempo de env\u00edoEl pedido se coloca en la cola y en el m\u00e1ximo de 24 horas el proveedor revisa el pedido y lo confirma o [&hellip;]","og_url":"https:\/\/rxcompetition.com\/en\/politica-de-envios\/","og_site_name":"RX Competition","article_modified_time":"2023-01-26T22:22:21+00:00","og_image":[{"width":538,"height":159,"url":"https:\/\/rxcompetition.com\/wp-content\/uploads\/2022\/12\/Mesa-de-trabajo-7.png","type":"image\/png"}],"twitter_card":"summary_large_image","twitter_misc":{"Est. reading time":"2 minutes"},"schema":{"@context":"https:\/\/schema.org","@graph":[{"@type":"WebPage","@id":"https:\/\/rxcompetition.com\/politica-de-envios\/","url":"https:\/\/rxcompetition.com\/politica-de-envios\/","name":"Pol\u00edtica de envios - RX Competition","isPartOf":{"@id":"https:\/\/rxcompetition.com\/#website"},"datePublished":"2023-01-26T22:19:49+00:00","dateModified":"2023-01-26T22:22:21+00:00","breadcrumb":{"@id":"https:\/\/rxcompetition.com\/politica-de-envios\/#breadcrumb"},"inLanguage":"en-US","potentialAction":[{"@type":"ReadAction","target":["https:\/\/rxcompetition.com\/politica-de-envios\/"]}]},{"@type":"BreadcrumbList","@id":"https:\/\/rxcompetition.com\/politica-de-envios\/#breadcrumb","itemListElement":[{"@type":"ListItem","position":1,"name":"Inicio","item":"https:\/\/rxcompetition.com\/"},{"@type":"ListItem","position":2,"name":"Pol\u00edtica de envios"}]},{"@type":"WebSite","@id":"https:\/\/rxcompetition.com\/#website","url":"https:\/\/rxcompetition.com\/","name":"RX Competition","description":"","publisher":{"@id":"https:\/\/rxcompetition.com\/#organization"},"potentialAction":[{"@type":"SearchAction","target":{"@type":"EntryPoint","urlTemplate":"https:\/\/rxcompetition.com\/?s={search_term_string}"},"query-input":"required name=search_term_string"}],"inLanguage":"en-US"},{"@type":"Organization","@id":"https:\/\/rxcompetition.com\/#organization","name":"RX Competition","url":"https:\/\/rxcompetition.com\/","logo":{"@type":"ImageObject","inLanguage":"en-US","@id":"https:\/\/rxcompetition.com\/#\/schema\/logo\/image\/","url":"https:\/\/rxcompetition.com\/wp-content\/uploads\/2023\/04\/LOGO-RX-PROGRAMA.png","contentUrl":"https:\/\/rxcompetition.com\/wp-content\/uploads\/2023\/04\/LOGO-RX-PROGRAMA.png","width":1416,"height":672,"caption":"RX Competition"},"image":{"@id":"https:\/\/rxcompetition.com\/#\/schema\/logo\/image\/"}}]}},"jetpack_sharing_enabled":true,"_links":{"self":[{"href":"https:\/\/rxcompetition.com\/en\/wp-json\/wp\/v2\/pages\/34591","targetHints":{"allow":["GET"]}}],"collection":[{"href":"https:\/\/rxcompetition.com\/en\/wp-json\/wp\/v2\/pages"}],"about":[{"href":"https:\/\/rxcompetition.com\/en\/wp-json\/wp\/v2\/types\/page"}],"author":[{"embeddable":true,"href":"https:\/\/rxcompetition.com\/en\/wp-json\/wp\/v2\/users\/1"}],"replies":[{"embeddable":true,"href":"https:\/\/rxcompetition.com\/en\/wp-json\/wp\/v2\/comments?post=34591"}],"version-history":[{"count":7,"href":"https:\/\/rxcompetition.com\/en\/wp-json\/wp\/v2\/pages\/34591\/revisions"}],"predecessor-version":[{"id":34598,"href":"https:\/\/rxcompetition.com\/en\/wp-json\/wp\/v2\/pages\/34591\/revisions\/34598"}],"wp:attachment":[{"href":"https:\/\/rxcompetition.com\/en\/wp-json\/wp\/v2\/media?parent=34591"}],"curies":[{"name":"wp","href":"https:\/\/api.w.org\/{rel}","templated":true}]}}